{"id":2071,"date":"2021-03-05T11:35:10","date_gmt":"2021-03-05T10:35:10","guid":{"rendered":"https:\/\/www.divertisenvivo.com\/?page_id=2071"},"modified":"2026-04-09T10:50:21","modified_gmt":"2026-04-09T08:50:21","slug":"terminos-y-condiciones","status":"publish","type":"page","link":"https:\/\/www.divertisenvivo.com\/eu\/terminos-y-condiciones\/","title":{"rendered":"T\u00e9rminos y condiciones"},"content":{"rendered":"<h1><\/h1>\n<p>&nbsp;<\/p>\n<p>&nbsp;<\/p>\n<p>&nbsp;<\/p>\n<p>&nbsp;<\/p>\n<h1><strong>WWW.DIVERTISENVIVO.COM-EN\n ERRESERBA BALDINTZAK<\/strong><\/h1>\n<h2><strong>Sobre nuestros viajes a conciertos o viajes a eventos deportivos.\u00a0<\/strong><\/h2>\n<p>1. Bidaietako irteera-lekuak eta ordutegiak erosten ari zaren produktuaren webgunean argitaratutakoak izango dira. Irteera baino gutxienez 48 ordu lehenago bidaiari buruzko informazioa berrikustea gomendatzen dizuegu, izan ere hori izango da behin betiko irteera-lekua eta ordutegia.<\/p>\n<p>2. Eskaera egin ondoren, zuen posta elektronikoan jasoko duzue edo zuen kontuan aurkituko duzue egindako eskaera. Dokumentu hori da bidaiarako balio duen dokumentu bakarra; hau da, dokumentu hori inprimatzea eta nortasun-agiri baliodun bat eramatea nahikoa izango da bidaiatzeko.<\/p>\n<p>3. Adingabe bezeroek gurasoen baimena aurkeztu beharko dute bidaiatu ahal izateko.<\/p>\n<p>4. Bidaiaren informazioan agertzen den ordutegia izango da irteera-ordutegia. Oro har, eta gainerako bezeroei errespetua zor zaielako, Divertis en Vivo-ren autobusek ez dute itxaronaldirik egiten; beraz, gomendatzen dugu pertsona guztiek irteera-lekura agertzea ezarritako ordua baino 15 minutu lehenago.<\/p>\n<p data-start=\"86\" data-end=\"496\">5<strong data-start=\"86\" data-end=\"92\">.<\/strong> Todos los viajes organizados est\u00e1n sujetos a la existencia de un cupo m\u00ednimo de participantes. En caso de no alcanzarse dicho m\u00ednimo, establecido en un 60% de ocupaci\u00f3n, Divertis en Vivo se reserva el derecho de cancelar el viaje con una antelaci\u00f3n m\u00ednima de 3 d\u00edas respecto a la fecha prevista del evento. En tal supuesto, se proceder\u00e1 a la devoluci\u00f3n \u00edntegra de los importes abonados por los clientes.<\/p>\n<p data-start=\"498\" data-end=\"718\">En caso de cancelaci\u00f3n, el cliente ser\u00e1 informado mediante Whatsapp, SMS o correo electr\u00f3nico, por lo que el cliente se compromete a facilitar datos de contacto veraces, completos y actualizados a fin de garantizar una comunicaci\u00f3n efectiva.<\/p>\n<p data-start=\"720\" data-end=\"928\"><span style=\"color: #ff0000;\"><strong><em>No obstante, en determinadas ocasiones los viajes podr\u00e1n ser confirmados y publicitados como \u201cconfirmados\u201d, en cuyo caso la salida quedar\u00e1 garantizada y no estar\u00e1 sujeta al cupo m\u00ednimo anteriormente indicado.<\/em><\/strong><\/span><\/p>\n<p>6. Divertis en Vivo-k ibilbideak eta aurreikusitako ordutegiak aldatu ahal izango ditu, bidaiak aurrera ateratzeko, ekitaldiaren data baino 48 ordu lehenago arte. Bezeroak ados ez badaude, beren tokia bertan behera utzi ahal izango dute, ordaindutako zenbatekoaren 0 jasoz.<\/p>\n<p>7. Ekitaldirako sarrerak erosten badira, Divertis en Vivo-ko langileek banatuko dituzte bidaia guztietan. Sarrerak aurrez izan nahi izanez gero, mezularitza bidezko bidalketa hautatu beharko da. Bidalketa hori ekitaldia baino lehen sarrera edukitzea bermatzeko egingo da.<\/p>\n<p>8. El pago de los pedidos se puede hacer de forma segura a trav\u00e9s del sistema seguro de Stripe, Redsys o PayPal. Es la \u00fanica forma de pago segura que se acepta para realizar el pago de los productos.<\/p>\n<p>9. Bertan behera uzteak<\/p>\n<h2><strong>a. Divertis en Vivo-ren aldetik egindako aldaketak edo bertan behera uzteak<\/strong><\/h2>\n<p>&#8211; En el caso de cambio o cancelaci\u00f3n por parte de Divertis en Vivo de los viajes, los clientes recibir\u00e1n el 100% del importe abonado.<\/p>\n<h2><strong>b. Gure bezeroen aldetik egindako aldaketak edo bertan behera uzteak<\/strong><\/h2>\n<p>\u2013 Ekitaldirako sarrera bat erosi bada, zenbateko hori ez da inolaz ere itzuliko. Sarrera behin erositakoan, gastuak 0ean bezeroaren kontura izango dira. Salbuespen bakarra izango litzateke Divertis en Vivo-k bidaia bertan behera uztea eta zuk sarreran interesa ez izatea; kasu horretan, zenbateko osoa itzuliko litzateke.<\/p>\n<p>\u2013 Bertan behera uztea ekitaldiaren dataren baino 30 egun baino gehiago lehenago gertatzen bada, Divertis en Vivo-k 10\u20ac kobratuko ditu bidaiaren bertan behera uzteagatik kudeaketa-gastu gisa. Ekitaldirako sarrera erosi bada, haren kostua 0ean galduko da.<\/p>\n<p>\u2013 Bertan behera uztea ekitaldiaren dataren baino 30 egun baino gutxiago eta 15 egun baino gehiago lehenago gertatzen bada, Divertis en Vivo-k bidaiaren kobratuko du, gutxienez 15\u20ac plaza bakoitzeko. Ekitaldirako sarrera erosi bada, haren kostua 0ean galduko da.<\/p>\n<p>\u2013 Bertan behera uztea ekitaldiaren dataren baino 15 egun baino gutxiago lehenago gertatzen bada, ez da inolako itzulketarik izango Divertis en Vivo-ren aldetik.<\/p>\n<p>10. Billeteen igorpenaren kudeaketa-gastuak. Gure bulegoan zuzenean egindako erosketa guztiei 2\u20ac-ko kudeaketa-gastuak gehituko zaizkie erreserbatutako pertsona bakoitzeko.<\/p>\n<h2><strong>Rugby Erreserbak eta Futbol Paketeak<\/strong><\/h2>\n<p>1. Eskaera egin ondoren, zuen posta elektronikoan jasoko duzue edo zuen kontuan aurkituko duzue egindako eskaera. Dokumentu hori zuen erreserbaren frogagiria da, baina ez bidaiarako dokumentua. Divertis en Vivo-k bidaiari heltzeko beharrezko dokumentua bidaliko dizue (garraioa, hotela, sarrerak).<\/p>\n<p>2. Ekitaldirako sarrerak erosten badira, Divertis en Vivo-ko langileek banatuko dituzte bidaia guztietan. Sarrerak aurrez izan nahi izanez gero, mezularitza bidezko bidalketa hautatu beharko da. Bidalketa hori ekitaldia baino lehen sarrera edukitzea bermatzeko egingo da.<\/p>\n<p>3. Eskaeren ordainketa segurtasunez egin daiteke PayPal bidez. Produktuak ordaintzeko onartzen den ordainketa-modu bakarra da.<\/p>\n<p>4. Bezeroaren aldetik egindako bertan behera uzteak<\/p>\n<p><strong>\u2013 Zure bidaia erreserbaren momentutik 60 egun baino gehiago lehenago bertan behera uzten baduzu, erreserbaren guztizko zenbatekoaren kobratuko da.<\/strong><\/p>\n<p><strong>\u2013 Bertan behera uztea ekitaldiaren dataren baino 60 egun baino gutxiago eta 30 egun baino gehiago lehenago gertatzen bada, Divertis en Vivo-k bidaiaren kobratuko du.<\/strong><\/p>\n<p><strong>\u2013 Bertan behera uztea ekitaldiaren dataren baino 30 egun baino gutxiago lehenago gertatzen bada, ez da inolako itzulketarik izango Divertis en Vivo-ren aldetik.<\/strong><\/p>\n<p>Divertis en Vivo-k ez du inolaz ere soilik sarreraren salmentarik egiten pakete eta produktu hauetan.<\/p>\n<p>Dudarik edo gure agentziarekin harremanetan jartzeko, galderei erantzuteko helbidea: info@divertisenvivo.com <a href=\"mailto:info@divertisenvivo.com\">info@divertisenvivo.com<\/a><\/p>","protected":false},"excerpt":{"rendered":"<p>&nbsp; &nbsp; &nbsp; &nbsp; CONDICIONES RESERVA EN WWW.DIVERTISENVIVO.COM Sobre nuestros viajes a conciertos o viajes a eventos deportivos.\u00a0 1. Los<\/p>","protected":false},"author":1,"featured_media":0,"parent":0,"menu_order":0,"comment_status":"closed","ping_status":"closed","template":"","meta":{"_acf_changed":false,"footnotes":""},"class_list":["post-2071","page","type-page","status-publish","hentry"],"acf":[],"yoast_head":"<!-- This site is optimized with the Yoast SEO plugin v25.9 - https:\/\/yoast.com\/wordpress\/plugins\/seo\/ -->\n<title>Terminos y Condiciones | Divertis en Vivo<\/title>\n<meta name=\"description\" content=\"Terminos y Condiciones: consulta aqu\u00ed los t\u00e9rminos y condiciones de tu compra.\" \/>\n<meta name=\"robots\" content=\"index, follow, max-snippet:-1, max-image-preview:large, max-video-preview:-1\" \/>\n<link rel=\"canonical\" href=\"https:\/\/www.divertisenvivo.com\/eu\/terminos-y-condiciones\/\" \/>\n<meta property=\"og:locale\" content=\"en_US\" \/>\n<meta property=\"og:type\" content=\"article\" \/>\n<meta property=\"og:title\" content=\"Terminos y Condiciones | Divertis en Vivo\" \/>\n<meta property=\"og:description\" content=\"Terminos y Condiciones: consulta aqu\u00ed los t\u00e9rminos y condiciones de tu compra.\" \/>\n<meta property=\"og:url\" content=\"https:\/\/www.divertisenvivo.com\/eu\/terminos-y-condiciones\/\" \/>\n<meta property=\"og:site_name\" content=\"Divertis en Vivo\" \/>\n<meta property=\"article:publisher\" content=\"https:\/\/www.facebook.com\/divertisenvivo\" \/>\n<meta property=\"article:modified_time\" content=\"2026-04-09T08:50:21+00:00\" \/>\n<meta property=\"og:image\" content=\"https:\/\/i0.wp.com\/www.divertisenvivo.com\/wp-content\/uploads\/2020\/12\/Negro.png?fit=886%2C616&ssl=1\" \/>\n\t<meta property=\"og:image:width\" content=\"886\" \/>\n\t<meta property=\"og:image:height\" content=\"616\" \/>\n\t<meta property=\"og:image:type\" content=\"image\/png\" \/>\n<meta name=\"twitter:card\" content=\"summary_large_image\" \/>\n<meta name=\"twitter:site\" content=\"@divertisenvivo\" \/>\n<meta name=\"twitter:label1\" content=\"Est. reading time\" \/>\n\t<meta name=\"twitter:data1\" content=\"5 minutua\" \/>\n<script type=\"application\/ld+json\" class=\"yoast-schema-graph\">{\"@context\":\"https:\/\/schema.org\",\"@graph\":[{\"@type\":\"WebPage\",\"@id\":\"https:\/\/www.divertisenvivo.com\/eu\/terminos-y-condiciones\/\",\"url\":\"https:\/\/www.divertisenvivo.com\/eu\/terminos-y-condiciones\/\",\"name\":\"Terminos y Condiciones | Divertis en Vivo\",\"isPartOf\":{\"@id\":\"https:\/\/www.divertisenvivo.com\/eu\/#website\"},\"datePublished\":\"2021-03-05T10:35:10+00:00\",\"dateModified\":\"2026-04-09T08:50:21+00:00\",\"description\":\"Terminos y Condiciones: consulta aqu\u00ed los t\u00e9rminos y condiciones de tu compra.\",\"breadcrumb\":{\"@id\":\"https:\/\/www.divertisenvivo.com\/eu\/terminos-y-condiciones\/#breadcrumb\"},\"inLanguage\":\"eu\",\"potentialAction\":[{\"@type\":\"ReadAction\",\"target\":[\"https:\/\/www.divertisenvivo.com\/eu\/terminos-y-condiciones\/\"]}]},{\"@type\":\"BreadcrumbList\",\"@id\":\"https:\/\/www.divertisenvivo.com\/eu\/terminos-y-condiciones\/#breadcrumb\",\"itemListElement\":[{\"@type\":\"ListItem\",\"position\":1,\"name\":\"Portada\",\"item\":\"https:\/\/www.divertisenvivo.com\/\"},{\"@type\":\"ListItem\",\"position\":2,\"name\":\"T\u00e9rminos y condiciones\"}]},{\"@type\":\"WebSite\",\"@id\":\"https:\/\/www.divertisenvivo.com\/eu\/#website\",\"url\":\"https:\/\/www.divertisenvivo.com\/eu\/\",\"name\":\"Divertis en vivo - Viajes a eventos musicales, deportivos y culturales\",\"description\":\"Desde 2007, somos tu agencia de viajes para disfrutar de tus eventos deportivos (Rugby, Futbol) y de tus eventos musicales (festivales y conciertos)\",\"publisher\":{\"@id\":\"https:\/\/www.divertisenvivo.com\/eu\/#organization\"},\"potentialAction\":[{\"@type\":\"SearchAction\",\"target\":{\"@type\":\"EntryPoint\",\"urlTemplate\":\"https:\/\/www.divertisenvivo.com\/eu\/?s={search_term_string}\"},\"query-input\":{\"@type\":\"PropertyValueSpecification\",\"valueRequired\":true,\"valueName\":\"search_term_string\"}}],\"inLanguage\":\"eu\"},{\"@type\":\"Organization\",\"@id\":\"https:\/\/www.divertisenvivo.com\/eu\/#organization\",\"name\":\"Quieres Viajar S.L.\",\"url\":\"https:\/\/www.divertisenvivo.com\/eu\/\",\"logo\":{\"@type\":\"ImageObject\",\"inLanguage\":\"eu\",\"@id\":\"https:\/\/www.divertisenvivo.com\/eu\/#\/schema\/logo\/image\/\",\"url\":\"https:\/\/www.divertisenvivo.com\/wp-content\/uploads\/2021\/01\/logo-e1610098969786.png\",\"contentUrl\":\"https:\/\/www.divertisenvivo.com\/wp-content\/uploads\/2021\/01\/logo-e1610098969786.png\",\"width\":200,\"height\":139,\"caption\":\"Quieres Viajar S.L.\"},\"image\":{\"@id\":\"https:\/\/www.divertisenvivo.com\/eu\/#\/schema\/logo\/image\/\"},\"sameAs\":[\"https:\/\/www.facebook.com\/divertisenvivo\",\"https:\/\/x.com\/divertisenvivo\",\"https:\/\/www.instagram.com\/divertisenvivo\/\",\"https:\/\/www.linkedin.com\/company\/divertis-en-vivo-viajesaconciertosyfestivales\/?viewAsMember=true\"]}]}<\/script>\n<!-- \/ Yoast SEO plugin. -->","yoast_head_json":{"title":"Terminos y Condiciones | Divertis en Vivo","description":"Terminos y Condiciones: consulta aqu\u00ed los t\u00e9rminos y condiciones de tu compra.","robots":{"index":"index","follow":"follow","max-snippet":"max-snippet:-1","max-image-preview":"max-image-preview:large","max-video-preview":"max-video-preview:-1"},"canonical":"https:\/\/www.divertisenvivo.com\/eu\/terminos-y-condiciones\/","og_locale":"en_US","og_type":"article","og_title":"Terminos y Condiciones | Divertis en Vivo","og_description":"Terminos y Condiciones: consulta aqu\u00ed los t\u00e9rminos y condiciones de tu compra.","og_url":"https:\/\/www.divertisenvivo.com\/eu\/terminos-y-condiciones\/","og_site_name":"Divertis en Vivo","article_publisher":"https:\/\/www.facebook.com\/divertisenvivo","article_modified_time":"2026-04-09T08:50:21+00:00","og_image":[{"width":886,"height":616,"url":"https:\/\/i0.wp.com\/www.divertisenvivo.com\/wp-content\/uploads\/2020\/12\/Negro.png?fit=886%2C616&ssl=1","type":"image\/png"}],"twitter_card":"summary_large_image","twitter_site":"@divertisenvivo","twitter_misc":{"Est. reading time":"5 minutua"},"schema":{"@context":"https:\/\/schema.org","@graph":[{"@type":"WebPage","@id":"https:\/\/www.divertisenvivo.com\/eu\/terminos-y-condiciones\/","url":"https:\/\/www.divertisenvivo.com\/eu\/terminos-y-condiciones\/","name":"Terminos y Condiciones | Divertis en Vivo","isPartOf":{"@id":"https:\/\/www.divertisenvivo.com\/eu\/#website"},"datePublished":"2021-03-05T10:35:10+00:00","dateModified":"2026-04-09T08:50:21+00:00","description":"Terminos y Condiciones: consulta aqu\u00ed los t\u00e9rminos y condiciones de tu compra.","breadcrumb":{"@id":"https:\/\/www.divertisenvivo.com\/eu\/terminos-y-condiciones\/#breadcrumb"},"inLanguage":"eu","potentialAction":[{"@type":"ReadAction","target":["https:\/\/www.divertisenvivo.com\/eu\/terminos-y-condiciones\/"]}]},{"@type":"BreadcrumbList","@id":"https:\/\/www.divertisenvivo.com\/eu\/terminos-y-condiciones\/#breadcrumb","itemListElement":[{"@type":"ListItem","position":1,"name":"Portada","item":"https:\/\/www.divertisenvivo.com\/"},{"@type":"ListItem","position":2,"name":"T\u00e9rminos y condiciones"}]},{"@type":"WebSite","@id":"https:\/\/www.divertisenvivo.com\/eu\/#website","url":"https:\/\/www.divertisenvivo.com\/eu\/","name":"Divertis en vivo - Viajes a eventos musicales, deportivos y culturales","description":"2007 urtetik aurrera kirol eta musika ekiteldieetara eramaten zaitugun bidaia agentzia gara: rugby, futbola, festibal eta kontzertuez goza itzazu gure eskuz.","publisher":{"@id":"https:\/\/www.divertisenvivo.com\/eu\/#organization"},"potentialAction":[{"@type":"SearchAction","target":{"@type":"EntryPoint","urlTemplate":"https:\/\/www.divertisenvivo.com\/eu\/?s={search_term_string}"},"query-input":{"@type":"PropertyValueSpecification","valueRequired":true,"valueName":"search_term_string"}}],"inLanguage":"eu"},{"@type":"Organization","@id":"https:\/\/www.divertisenvivo.com\/eu\/#organization","name":"Quieres Viajar S.L.","url":"https:\/\/www.divertisenvivo.com\/eu\/","logo":{"@type":"ImageObject","inLanguage":"eu","@id":"https:\/\/www.divertisenvivo.com\/eu\/#\/schema\/logo\/image\/","url":"https:\/\/www.divertisenvivo.com\/wp-content\/uploads\/2021\/01\/logo-e1610098969786.png","contentUrl":"https:\/\/www.divertisenvivo.com\/wp-content\/uploads\/2021\/01\/logo-e1610098969786.png","width":200,"height":139,"caption":"Quieres Viajar S.L."},"image":{"@id":"https:\/\/www.divertisenvivo.com\/eu\/#\/schema\/logo\/image\/"},"sameAs":["https:\/\/www.facebook.com\/divertisenvivo","https:\/\/x.com\/divertisenvivo","https:\/\/www.instagram.com\/divertisenvivo\/","https:\/\/www.linkedin.com\/company\/divertis-en-vivo-viajesaconciertosyfestivales\/?viewAsMember=true"]}]}},"jetpack_sharing_enabled":true,"_links":{"self":[{"href":"https:\/\/www.divertisenvivo.com\/eu\/wp-json\/wp\/v2\/pages\/2071","targetHints":{"allow":["GET"]}}],"collection":[{"href":"https:\/\/www.divertisenvivo.com\/eu\/wp-json\/wp\/v2\/pages"}],"about":[{"href":"https:\/\/www.divertisenvivo.com\/eu\/wp-json\/wp\/v2\/types\/page"}],"author":[{"embeddable":true,"href":"https:\/\/www.divertisenvivo.com\/eu\/wp-json\/wp\/v2\/users\/1"}],"replies":[{"embeddable":true,"href":"https:\/\/www.divertisenvivo.com\/eu\/wp-json\/wp\/v2\/comments?post=2071"}],"version-history":[{"count":6,"href":"https:\/\/www.divertisenvivo.com\/eu\/wp-json\/wp\/v2\/pages\/2071\/revisions"}],"predecessor-version":[{"id":173589,"href":"https:\/\/www.divertisenvivo.com\/eu\/wp-json\/wp\/v2\/pages\/2071\/revisions\/173589"}],"wp:attachment":[{"href":"https:\/\/www.divertisenvivo.com\/eu\/wp-json\/wp\/v2\/media?parent=2071"}],"curies":[{"name":"wp","href":"https:\/\/api.w.org\/{rel}","templated":true}]}}