{"id":102795,"date":"2024-05-07T10:56:00","date_gmt":"2024-05-07T08:56:00","guid":{"rendered":"https:\/\/www.divertisenvivo.com\/?post_type=product&#038;p=102795"},"modified":"2026-03-12T15:43:00","modified_gmt":"2026-03-12T14:43:00","slug":"viajes-sonorica-festival","status":"publish","type":"product","link":"https:\/\/www.divertisenvivo.com\/eu\/producto\/viajes-sonorica-2024\/","title":{"rendered":"Viajes Son\u00f3rica"},"content":{"rendered":"<h1><strong>Viajes Son\u00f3rica 2024<\/strong><\/h1>\n<h2>Viajes organizados al Son\u00f3rica 2024 que se celebra en Castro el 19 y 20 de Julio de 2024<\/h2>\n<p>Con Divertis en Vivo, los <strong style=\"font-size: 16px;\">viajes organizados Sonorica 2024<\/strong><span style=\"font-size: 16px;\"> est\u00e1n pensados para garantizar que vivas el festival al m\u00e1ximo, sin complicaciones. La planificaci\u00f3n del viaje es un punto importante y nos encargamos de todos los detalles para que tu \u00fanica preocupaci\u00f3n sea disfrutar de la m\u00fasica y la comunidad.<\/span><\/p>\n<p>Reserva tu plaza en nuestros\u00a0<strong>viajes oficiales al Sonorica 2024<\/strong> que se celebrar\u00e1 en Castro Urdiales del 19 al 20 de Julio de 2024.<\/p>\n<ul>\n<li>Puedes reservar tu plaza de ida, vuelta o ida y vuelta. Para adquirir tu plaza solo tienes que buscar en los desplegables la ciudad de origen o vuelta y el d\u00eda en el que viajaras.<\/li>\n<\/ul>\n<p>Viaje de ida: Llevaremos a todos los clientes hasta la zona delimitada por el festival y Policia Local para los asistentes en bus al festival<\/p>\n<p>Viaje de vuelta: \u00a0se realizara desde ese mismo punto.<\/p>\n<p>Horarios y rutas \u2013 Los horarios de la ida principalmente est\u00e1n sujetos a cambios que ir\u00edamos notificando en esta web (desplegable de ciudades) o a trav\u00e9s de vuestro email o SMS. Es muy importante que la informaci\u00f3n proporcionada sea correcta para as\u00ed facilitar el contacto con todos vosotros.<\/p>\n<p>Informaci\u00f3n a trav\u00e9s del mail\u00a0 <a href=\"mailto:musica@divertisenvivo.com\">musica@divertisenvivo.com<\/a><\/p>\n<p>Puedes consultar toda nuestra oferta musical\u00a0<a href=\"https:\/\/www.divertisenvivo.com\/eu\/product-category\/musica-en-vivo\/\">aqu\u00ed<\/a><\/p>\n<p><strong>Oharrak:<\/strong><\/p>\n<ul>\n<li>Baliteke autobusen ordutegiak aldatzea. Kasu horretan, emailez jakinaraziko diegu erosle guztiei gora-behera hori. Hala ere, irteeraren aurreko egunean webgune hau berrikustea gomendatzen dugu ordutegiak baieztatzeko.<\/li>\n<li>Ordutegiak apur bat alda daitezke ibilbideak birprogramatzen baldin badira.<\/li>\n<li>Pertsona-talde bat bazarete eta zuen herria ez badago zerrendan, bidali mezu elektroniko bat info@divertisenvivo.com helbidera, eta zuen eskaera aztertuko dugu, zuen herria irteera-puntu berri gisa sartzeko.<\/li>\n<li>Puedes conseguir tus entradas aqu\u00ed\u00a0<a href=\"https:\/\/www.sonorica.es\/entradas\/\">Entradas Son\u00f3rica Festival 2024<\/a><\/li>\n<\/ul>\n<p>&nbsp;<\/p>\n<h2>Viajes oficiales hasta el Son\u00f3rica 2024<\/h2>\n<p>Como proveedores de\u00a0<strong>viajes oficiales Son\u00f3rica 2024<\/strong>, Divertis en Vivo te asegura\u00a0 transporte eficiente, asegurando que tu\u00a0<strong>viaje al Son\u00f3rica 2024<\/strong>\u00a0sea tan emocionante y c\u00f3modo como el evento mismo.<\/p>\n<p>Los\u00a0<strong>viajes hasta Son\u00f3rica 2024<\/strong> representan m\u00e1s que simplemente asistir a un festival; son una oportunidad para ser parte de una celebraci\u00f3n de la m\u00fasica que define g\u00e9neros, en un entorno donde la pasi\u00f3n por la m\u00fasica se se vive en cada esquina. Ya sea tu primera vez o seas un veterano en el Son\u00f3rica, cada viaje promete ser memorable.<\/p>\n<p>Optar por\u00a0<strong>viajes de Divertis en Vivo al Son\u00f3rica 2024<\/strong>\u00a0significa elegir una experiencia completa, donde cada aspecto de tu viaje es manejado por expertos con una pasi\u00f3n compartida por la m\u00fasica. Hacemos que tu viaje sea \u00fanico, brind\u00e1ndote la oportunidad de vivir el festival de manera intensa y personal.<\/p>\n<p>En Divertis en Vivo, no solo ofrecemos\u00a0<strong>viajes al Son\u00f3rica 2024<\/strong>; creamos experiencias que resonar\u00e1n contigo mucho despu\u00e9s de que las luces del escenario se hayan apagado. Si est\u00e1s listo para ser parte de la leyenda del Son\u00f3rica Fest 2024, cont\u00e1ctanos. Juntos, planificaremos tu viaje perfecto al coraz\u00f3n de la m\u00fasica, asegurando que tu experiencia sea tan inolvidable como la m\u00fasica que te lleva hasta all\u00ed.<\/p>","protected":false},"excerpt":{"rendered":"<p>Viajes Son\u00f3rica 2024 Viajes organizados al Son\u00f3rica 2024 que se celebra en Castro el 19 y 20 de Julio de<\/p>","protected":false},"featured_media":0,"template":"","meta":{"_acf_changed":false},"product_brand":[],"product_cat":[15],"product_tag":[],"class_list":{"0":"post-102795","1":"product","2":"type-product","3":"status-publish","5":"product_cat-sin-categoria","7":"first","8":"outofstock","9":"shipping-taxable","10":"purchasable","11":"product-type-simple"},"acf":[],"wooqr_code":"","yoast_head":"<!-- This site is optimized with the Yoast SEO plugin v25.9 - https:\/\/yoast.com\/wordpress\/plugins\/seo\/ -->\n<title>Viajes Son\u00f3rica el 19 y 20 de Julio de 2024 en Castro<\/title>\n<meta name=\"description\" content=\"Viajes Son\u00f3rica Festival - Buses desde Vizcaya y Cantabria para viajar hasta Castro Urdiales el 19 y 20 de Julio de 2024 para disfrutar de este festival\" \/>\n<meta name=\"robots\" content=\"index, follow, max-snippet:-1, max-image-preview:large, max-video-preview:-1\" \/>\n<link rel=\"canonical\" href=\"https:\/\/www.divertisenvivo.com\/eu\/producto\/viajes-sonorica-2024\/\" \/>\n<meta property=\"og:locale\" content=\"en_US\" \/>\n<meta property=\"og:type\" content=\"article\" \/>\n<meta property=\"og:title\" content=\"Viajes Son\u00f3rica el 19 y 20 de Julio de 2024 en Castro\" \/>\n<meta property=\"og:description\" content=\"Viajes Son\u00f3rica Festival - Buses desde Vizcaya y Cantabria para viajar hasta Castro Urdiales el 19 y 20 de Julio de 2024 para disfrutar de este festival\" \/>\n<meta property=\"og:url\" content=\"https:\/\/www.divertisenvivo.com\/eu\/producto\/viajes-sonorica-2024\/\" \/>\n<meta property=\"og:site_name\" content=\"Divertis en Vivo\" \/>\n<meta property=\"article:publisher\" content=\"https:\/\/www.facebook.com\/divertisenvivo\" \/>\n<meta property=\"article:modified_time\" content=\"2026-03-12T14:43:00+00:00\" \/>\n<meta property=\"og:image\" content=\"https:\/\/i0.wp.com\/www.divertisenvivo.com\/wp-content\/uploads\/2020\/12\/Negro.png?fit=886%2C616&ssl=1\" \/>\n\t<meta property=\"og:image:width\" content=\"886\" \/>\n\t<meta property=\"og:image:height\" content=\"616\" \/>\n\t<meta property=\"og:image:type\" content=\"image\/png\" \/>\n<meta name=\"twitter:card\" content=\"summary_large_image\" \/>\n<meta name=\"twitter:site\" content=\"@divertisenvivo\" \/>\n<meta name=\"twitter:label1\" content=\"Est. reading time\" \/>\n\t<meta name=\"twitter:data1\" content=\"3 minutua\" \/>\n<script type=\"application\/ld+json\" class=\"yoast-schema-graph\">{\"@context\":\"https:\/\/schema.org\",\"@graph\":[{\"@type\":\"WebPage\",\"@id\":\"https:\/\/www.divertisenvivo.com\/eu\/producto\/viajes-sonorica-2024\/\",\"url\":\"https:\/\/www.divertisenvivo.com\/eu\/producto\/viajes-sonorica-2024\/\",\"name\":\"Viajes Son\u00f3rica el 19 y 20 de Julio de 2024 en Castro\",\"isPartOf\":{\"@id\":\"https:\/\/www.divertisenvivo.com\/eu\/#website\"},\"datePublished\":\"2024-05-07T08:56:00+00:00\",\"dateModified\":\"2026-03-12T14:43:00+00:00\",\"description\":\"Viajes Son\u00f3rica Festival - Buses desde Vizcaya y Cantabria para viajar hasta Castro Urdiales el 19 y 20 de Julio de 2024 para disfrutar de este festival\",\"breadcrumb\":{\"@id\":\"https:\/\/www.divertisenvivo.com\/eu\/producto\/viajes-sonorica-2024\/#breadcrumb\"},\"inLanguage\":\"eu\",\"potentialAction\":[{\"@type\":\"ReadAction\",\"target\":[\"https:\/\/www.divertisenvivo.com\/eu\/producto\/viajes-sonorica-2024\/\"]}]},{\"@type\":\"BreadcrumbList\",\"@id\":\"https:\/\/www.divertisenvivo.com\/eu\/producto\/viajes-sonorica-2024\/#breadcrumb\",\"itemListElement\":[{\"@type\":\"ListItem\",\"position\":1,\"name\":\"Portada\",\"item\":\"https:\/\/www.divertisenvivo.com\/\"},{\"@type\":\"ListItem\",\"position\":2,\"name\":\"TIENDA\",\"item\":\"https:\/\/www.divertisenvivo.com\/tienda\/\"},{\"@type\":\"ListItem\",\"position\":3,\"name\":\"Viajes Son\u00f3rica\"}]},{\"@type\":\"WebSite\",\"@id\":\"https:\/\/www.divertisenvivo.com\/eu\/#website\",\"url\":\"https:\/\/www.divertisenvivo.com\/eu\/\",\"name\":\"Divertis en vivo - Viajes a eventos musicales, deportivos y culturales\",\"description\":\"Desde 2007, somos tu agencia de viajes para disfrutar de tus eventos deportivos (Rugby, Futbol) y de tus eventos musicales (festivales y conciertos)\",\"publisher\":{\"@id\":\"https:\/\/www.divertisenvivo.com\/eu\/#organization\"},\"potentialAction\":[{\"@type\":\"SearchAction\",\"target\":{\"@type\":\"EntryPoint\",\"urlTemplate\":\"https:\/\/www.divertisenvivo.com\/eu\/?s={search_term_string}\"},\"query-input\":{\"@type\":\"PropertyValueSpecification\",\"valueRequired\":true,\"valueName\":\"search_term_string\"}}],\"inLanguage\":\"eu\"},{\"@type\":\"Organization\",\"@id\":\"https:\/\/www.divertisenvivo.com\/eu\/#organization\",\"name\":\"Quieres Viajar S.L.\",\"url\":\"https:\/\/www.divertisenvivo.com\/eu\/\",\"logo\":{\"@type\":\"ImageObject\",\"inLanguage\":\"eu\",\"@id\":\"https:\/\/www.divertisenvivo.com\/eu\/#\/schema\/logo\/image\/\",\"url\":\"https:\/\/www.divertisenvivo.com\/wp-content\/uploads\/2021\/01\/logo-e1610098969786.png\",\"contentUrl\":\"https:\/\/www.divertisenvivo.com\/wp-content\/uploads\/2021\/01\/logo-e1610098969786.png\",\"width\":200,\"height\":139,\"caption\":\"Quieres Viajar S.L.\"},\"image\":{\"@id\":\"https:\/\/www.divertisenvivo.com\/eu\/#\/schema\/logo\/image\/\"},\"sameAs\":[\"https:\/\/www.facebook.com\/divertisenvivo\",\"https:\/\/x.com\/divertisenvivo\",\"https:\/\/www.instagram.com\/divertisenvivo\/\",\"https:\/\/www.linkedin.com\/company\/divertis-en-vivo-viajesaconciertosyfestivales\/?viewAsMember=true\"]}]}<\/script>\n<!-- \/ Yoast SEO plugin. -->","yoast_head_json":{"title":"Viajes Son\u00f3rica el 19 y 20 de Julio de 2024 en Castro","description":"Viajes Son\u00f3rica Festival - Buses desde Vizcaya y Cantabria para viajar hasta Castro Urdiales el 19 y 20 de Julio de 2024 para disfrutar de este festival","robots":{"index":"index","follow":"follow","max-snippet":"max-snippet:-1","max-image-preview":"max-image-preview:large","max-video-preview":"max-video-preview:-1"},"canonical":"https:\/\/www.divertisenvivo.com\/eu\/producto\/viajes-sonorica-2024\/","og_locale":"en_US","og_type":"article","og_title":"Viajes Son\u00f3rica el 19 y 20 de Julio de 2024 en Castro","og_description":"Viajes Son\u00f3rica Festival - Buses desde Vizcaya y Cantabria para viajar hasta Castro Urdiales el 19 y 20 de Julio de 2024 para disfrutar de este festival","og_url":"https:\/\/www.divertisenvivo.com\/eu\/producto\/viajes-sonorica-2024\/","og_site_name":"Divertis en Vivo","article_publisher":"https:\/\/www.facebook.com\/divertisenvivo","article_modified_time":"2026-03-12T14:43:00+00:00","og_image":[{"width":886,"height":616,"url":"https:\/\/i0.wp.com\/www.divertisenvivo.com\/wp-content\/uploads\/2020\/12\/Negro.png?fit=886%2C616&ssl=1","type":"image\/png"}],"twitter_card":"summary_large_image","twitter_site":"@divertisenvivo","twitter_misc":{"Est. reading time":"3 minutua"},"schema":{"@context":"https:\/\/schema.org","@graph":[{"@type":"WebPage","@id":"https:\/\/www.divertisenvivo.com\/eu\/producto\/viajes-sonorica-2024\/","url":"https:\/\/www.divertisenvivo.com\/eu\/producto\/viajes-sonorica-2024\/","name":"Viajes Son\u00f3rica el 19 y 20 de Julio de 2024 en Castro","isPartOf":{"@id":"https:\/\/www.divertisenvivo.com\/eu\/#website"},"datePublished":"2024-05-07T08:56:00+00:00","dateModified":"2026-03-12T14:43:00+00:00","description":"Viajes Son\u00f3rica Festival - Buses desde Vizcaya y Cantabria para viajar hasta Castro Urdiales el 19 y 20 de Julio de 2024 para disfrutar de este festival","breadcrumb":{"@id":"https:\/\/www.divertisenvivo.com\/eu\/producto\/viajes-sonorica-2024\/#breadcrumb"},"inLanguage":"eu","potentialAction":[{"@type":"ReadAction","target":["https:\/\/www.divertisenvivo.com\/eu\/producto\/viajes-sonorica-2024\/"]}]},{"@type":"BreadcrumbList","@id":"https:\/\/www.divertisenvivo.com\/eu\/producto\/viajes-sonorica-2024\/#breadcrumb","itemListElement":[{"@type":"ListItem","position":1,"name":"Portada","item":"https:\/\/www.divertisenvivo.com\/"},{"@type":"ListItem","position":2,"name":"TIENDA","item":"https:\/\/www.divertisenvivo.com\/tienda\/"},{"@type":"ListItem","position":3,"name":"Viajes Son\u00f3rica"}]},{"@type":"WebSite","@id":"https:\/\/www.divertisenvivo.com\/eu\/#website","url":"https:\/\/www.divertisenvivo.com\/eu\/","name":"Divertis en vivo - Viajes a eventos musicales, deportivos y culturales","description":"2007 urtetik aurrera kirol eta musika ekiteldieetara eramaten zaitugun bidaia agentzia gara: rugby, futbola, festibal eta kontzertuez goza itzazu gure eskuz.","publisher":{"@id":"https:\/\/www.divertisenvivo.com\/eu\/#organization"},"potentialAction":[{"@type":"SearchAction","target":{"@type":"EntryPoint","urlTemplate":"https:\/\/www.divertisenvivo.com\/eu\/?s={search_term_string}"},"query-input":{"@type":"PropertyValueSpecification","valueRequired":true,"valueName":"search_term_string"}}],"inLanguage":"eu"},{"@type":"Organization","@id":"https:\/\/www.divertisenvivo.com\/eu\/#organization","name":"Quieres Viajar S.L.","url":"https:\/\/www.divertisenvivo.com\/eu\/","logo":{"@type":"ImageObject","inLanguage":"eu","@id":"https:\/\/www.divertisenvivo.com\/eu\/#\/schema\/logo\/image\/","url":"https:\/\/www.divertisenvivo.com\/wp-content\/uploads\/2021\/01\/logo-e1610098969786.png","contentUrl":"https:\/\/www.divertisenvivo.com\/wp-content\/uploads\/2021\/01\/logo-e1610098969786.png","width":200,"height":139,"caption":"Quieres Viajar S.L."},"image":{"@id":"https:\/\/www.divertisenvivo.com\/eu\/#\/schema\/logo\/image\/"},"sameAs":["https:\/\/www.facebook.com\/divertisenvivo","https:\/\/x.com\/divertisenvivo","https:\/\/www.instagram.com\/divertisenvivo\/","https:\/\/www.linkedin.com\/company\/divertis-en-vivo-viajesaconciertosyfestivales\/?viewAsMember=true"]}]}},"jetpack_sharing_enabled":true,"_links":{"self":[{"href":"https:\/\/www.divertisenvivo.com\/eu\/wp-json\/wp\/v2\/product\/102795","targetHints":{"allow":["GET"]}}],"collection":[{"href":"https:\/\/www.divertisenvivo.com\/eu\/wp-json\/wp\/v2\/product"}],"about":[{"href":"https:\/\/www.divertisenvivo.com\/eu\/wp-json\/wp\/v2\/types\/product"}],"version-history":[{"count":3,"href":"https:\/\/www.divertisenvivo.com\/eu\/wp-json\/wp\/v2\/product\/102795\/revisions"}],"predecessor-version":[{"id":102864,"href":"https:\/\/www.divertisenvivo.com\/eu\/wp-json\/wp\/v2\/product\/102795\/revisions\/102864"}],"wp:attachment":[{"href":"https:\/\/www.divertisenvivo.com\/eu\/wp-json\/wp\/v2\/media?parent=102795"}],"wp:term":[{"taxonomy":"product_brand","embeddable":true,"href":"https:\/\/www.divertisenvivo.com\/eu\/wp-json\/wp\/v2\/product_brand?post=102795"},{"taxonomy":"product_cat","embeddable":true,"href":"https:\/\/www.divertisenvivo.com\/eu\/wp-json\/wp\/v2\/product_cat?post=102795"},{"taxonomy":"product_tag","embeddable":true,"href":"https:\/\/www.divertisenvivo.com\/eu\/wp-json\/wp\/v2\/product_tag?post=102795"}],"curies":[{"name":"wp","href":"https:\/\/api.w.org\/{rel}","templated":true}]}}