{"id":109971,"date":"2024-05-29T10:32:47","date_gmt":"2024-05-29T08:32:47","guid":{"rendered":"https:\/\/www.divertisenvivo.com\/?post_type=product&#038;p=109971"},"modified":"2025-10-01T14:38:58","modified_gmt":"2025-10-01T12:38:58","slug":"viajes-boombastic-gran-canaria","status":"publish","type":"product","link":"https:\/\/www.divertisenvivo.com\/eu\/producto\/viajes-boombastic-gran-canaria\/","title":{"rendered":"Viajes Boombastic Gran Canaria"},"content":{"rendered":"<h2>Viajes organizados al Boombastic Gran Canaria 2024<\/h2>\n<p><span style=\"font-size: 10pt;\">Con Alsa y Divertis en Vivo, los viajes Boombastic Gran Canaria est\u00e1n pensados para garantizar que vivas el festival al m\u00e1ximo, sin complicaciones. Desde la planificaci\u00f3n del viaje hasta la estancia, pasando por el acceso al evento, nos encargamos de todos los detalles para que tu \u00fanica preocupaci\u00f3n sea disfrutar de la m\u00fasica y la comunidad.<\/span><\/p>\n<p><span style=\"font-size: 10pt;\">Reserva tu plaza en nuestros viajes oficiales al Boombastic Gran Canaria 2024 que se celebrar\u00e1 en del 21 y 22 de Junio de 2024.<\/span><\/p>\n<p><span style=\"font-size: 10pt;\">\u2022 Puedes reservar tu plaza de ida o vuelta de forma independiente. <\/span><span style=\"font-size: 10pt;\">Para adquirir tu plaza s\u00f3lo tienes que buscar en el desplegable de origen tu localidad de salida y seleccionar el d\u00eda en el que quieras viajar.<\/span><\/p>\n<p><span style=\"font-size: 10pt;\">Viaje de ida: Llevaremos a todos los clientes desde Las Palmas (Plaza Catalina) hasta Boombastic Gran Canaria 2024.<\/span><br \/>\n<span style=\"font-size: 10pt;\">Viaje de vuelta: Regresaremos desde el festival hasta Las Palmas (Plaza Santa Catalina), Telde, Vecindario y Maspalomas.\u00a0<\/span><\/p>\n<h3><span style=\"font-size: 10pt;\">El precio incluye:<\/span><\/h3>\n<ul>\n<li><span style=\"font-size: 10pt;\">Viaje de ida o vuelta desde tu localidad hasta Boombastic Gran Canaria 2024<\/span><\/li>\n<li><span style=\"font-size: 10pt;\">Asistencia del equipo de Divertis en Vivo\u00a0<\/span><\/li>\n<\/ul>\n<p><span style=\"font-size: 10pt;\">Horarios y rutas \u2013 Los horarios de la ida principalmente est\u00e1n sujetos a cambios que ir\u00edamos notificando en esta web (desplegable de ciudades) o a trav\u00e9s de vuestro email o SMS. Es muy importante que la informaci\u00f3n proporcionada sea correcta para as\u00ed facilitar el contacto con todos vosotros.<\/span><\/p>\n<p><span style=\"font-size: 10pt;\">Informaci\u00f3n a trav\u00e9s del mail : <a href=\"mailto:musica@divertisenvivo.com\">musica@divertisenvivo.com<\/a><\/span><br \/>\n<span style=\"font-size: 10pt;\">Puedes consultar toda nuestra oferta musical <a href=\"https:\/\/www.divertisenvivo.com\/eu\/\">hemen<\/a><\/span><\/p>\n<p><strong><span style=\"font-size: 10pt;\">Oharrak:<\/span><\/strong><br \/>\n<span style=\"font-size: 10pt;\">Baliteke autobusen ordutegiak aldatzea. Kasu horretan, emailez jakinaraziko diegu erosle guztiei gora-behera hori. Hala ere, irteeraren aurreko egunean webgune hau berrikustea gomendatzen dugu ordutegiak baieztatzeko.<\/span><br \/>\n<span style=\"font-size: 10pt;\">Ordutegiak apur bat alda daitezke ibilbideak birprogramatzen baldin badira.<\/span><br \/>\n<span style=\"font-size: 10pt;\">Taldean bazatozte eta zuen herria ez badago zerrendan, idatzi iezaguzue helbide honetara:<a href=\"mailto:boombastic@divertisenvivo.com\"> musica@divertisenvivo.com<\/a> eta zuen eskaera aztertuko dugu, zuen herria irteera puntu berri bezala gehitzeko.<\/span><br \/>\n<span style=\"font-size: 10pt;\">Puedes conseguir tus entradas del festival <a href=\"https:\/\/www.enterticket.es\/eventos\/boombastic-gran-canaria-2024-712498\">hemen<\/a><\/span><\/p>\n<h2><span style=\"font-size: 24pt;\">Precios de viajar a Boombastic Gran Canaria 2024<\/span><\/h2>\n<p><span style=\"font-size: 10pt;\">Entendemos que el precio viajar a Boombastic Gran Canaria 2024 es un factor crucial al momento de planificar tu asistencia. Por eso, trabajamos arduamente para ofrecer paquetes que no solo sean completos, sino tambi\u00e9n accesibles, garantizando una excelente relaci\u00f3n calidad-precio. Nuestro objetivo es hacer que el Boombastic Gran Canaria 2024 sea accesible para todos los que deseen sumergirse en esta experiencia \u00fanica.<\/span><\/p>\n<p><span style=\"font-size: 18pt;\"><strong>Viajes oficiales hasta el Boombastic Gran Canaria 2024<\/strong><\/span><br \/>\n<span style=\"font-size: 10pt;\">Como proveedores de viajes oficiales Boombastic Gran Canaria 2024, Alsa y Divertis en Vivo te asegura transporte eficiente, asegurando que tu viaje al Boombastic Gran Canaria 2024 sea tan emocionante y c\u00f3modo como el evento mismo.<\/span><br \/>\n<span style=\"font-size: 10pt;\">Los viajes hasta Boombastic Gran Canaria 2024 representan m\u00e1s que simplemente asistir a un festival; son una oportunidad para ser parte de una celebraci\u00f3n de la m\u00fasica que define g\u00e9neros, en un entorno donde la pasi\u00f3n por la m\u00fasica se vive en cada esquina. Ya sea tu primera vez o seas un veterano en Boombastic Gran Canaria, cada viaje promete ser memorable.<\/span><br \/>\n<span style=\"font-size: 10pt;\">Optar por viajes de Divertis en Vivo al Boombastic Gran Canaria 2024 significa elegir una experiencia completa, donde cada aspecto de tu viaje es manejado por expertos con una pasi\u00f3n compartida por la m\u00fasica. Hacemos que tu viaje sea \u00fanico, brind\u00e1ndote la oportunidad de vivir el festival de manera intensa y personal.<\/span><br \/>\n<span style=\"font-size: 10pt;\">En Divertis en Vivo, no solo ofrecemos viajes al Boombastic Gran Canaria 2024; creamos experiencias que resonar\u00e1n contigo mucho despu\u00e9s de que las luces del escenario se hayan apagado. Si est\u00e1s listo para ser parte de la leyenda del Boombastic Gran Canaria 2024, cont\u00e1ctanos. Juntos, planificaremos tu viaje perfecto al coraz\u00f3n de Gran Canaria, asegurando que tu experiencia sea tan inolvidable como la m\u00fasica que te lleva hasta all\u00ed.<\/span><\/p>","protected":false},"excerpt":{"rendered":"<p><strong>Viajes Regionales Boombastic Gran Canaria<\/strong><\/p>\n<p>\u00a1Reserva ya tu plaza en los viajes oficiales de Alsa a Boombastic Gran Canaria 2024 al precio de lanzamiento!<\/p>\n<p><span style=\"color: #ff0000;\"><strong>Servicios disponibles Boombastic Canarias<\/strong><\/span><\/p>\n<p>Ida desde Las Palmas &#8211; Plaza Santa Catalina (desde d\u00f3nde se ven los buses en la imagen de maps)\u00a0 <a href=\"https:\/\/www.google.com\/maps\/@28.1407815,-15.4308058,3a,75y,30.8h,91.05t\/data=!3m7!1e1!3m5!1sSGGaiSQH0MXnaZvbUo6xuA!2e0!6shttps:%2F%2Fstreetviewpixels-pa.googleapis.com%2Fv1%2Fthumbnail%3Fpanoid%3DSGGaiSQH0MXnaZvbUo6xuA%26cb_client%3Dmaps_sv.share%26w%3D900%26h%3D600%26yaw%3D30.79952023936832%26pitch%3D-1.0475080151000782%26thumbfov%3D90!7i13312!8i6656?coh=205410&amp;entry=ttu\">PINCHA AQU\u00cd PARA VER UBICACI\u00d3N<\/a><\/p>\n<p>Vuelta a Las Palmas (Plaza Santa Catalina), Telde <a href=\"https:\/\/www.google.com\/maps\/place\/Telde+(Estaci%C3%B3n+De+Guaguas)\/@28.0000087,-15.4202741,16.5z\/data=!4m10!1m2!2m1!1sestacion+de+guaguas+telde!3m6!1s0xc4097e15c34c46d:0x4343db58dc4cb68a!8m2!3d27.9989581!4d-15.4114!15sChllc3RhY2lvbiBkZSBndWFndWFzIHRlbGRlkgEIYnVzX3N0b3DgAQA!16s%2Fg%2F11dfj2h8_0?entry=ttu\">Telde (Estaci\u00f3n De Guaguas) &#8211; Google Maps<\/a>\u00a0, Vecindario <a href=\"https:\/\/www.google.es\/maps\/@27.8486384,-15.4374513,3a,75y,278.71h,79.38t\/data=!3m7!1e1!3m5!1sa0vO5DTP7SS57KfJ-eDloA!2e0!6shttps:%2F%2Fstreetviewpixels-pa.googleapis.com%2Fv1%2Fthumbnail%3Fpanoid%3Da0vO5DTP7SS57KfJ-eDloA%26cb_client%3Dmaps_sv.share%26w%3D900%26h%3D600%26yaw%3D278.706081210035%26pitch%3D10.61885077227464%26thumbfov%3D90!7i16384!8i8192?coh=205410&amp;entry=ttu\">379 Av. del Atl\u00e1ntico &#8211; Google Maps<\/a>\u00a0y Maspalomas <a href=\"https:\/\/www.google.es\/maps\/@27.7662644,-15.5854253,3a,75y,91.38h,90.81t\/data=!3m7!1e1!3m5!1svu7GUBVJvHFJGjpURJg3sQ!2e0!6shttps:%2F%2Fstreetviewpixels-pa.googleapis.com%2Fv1%2Fthumbnail%3Fpanoid%3Dvu7GUBVJvHFJGjpURJg3sQ%26cb_client%3Dmaps_sv.share%26w%3D900%26h%3D600%26yaw%3D91.38315925200226%26pitch%3D-0.8130772978751111%26thumbfov%3D90!7i13312!8i6656?coh=205410&amp;entry=ttu\">9 C. San Mateo &#8211; Google Maps<\/a><\/p>\n<p>Las vueltas desde el festival se realizan desde <a href=\"https:\/\/www.google.es\/maps\/@28.0971375,-15.4576508,3a,75y,352.26h,83.24t\/data=!3m7!1e1!3m5!1stup_t5YrbKF2fBsHb1CrAA!2e0!6shttps:%2F%2Fstreetviewpixels-pa.googleapis.com%2Fv1%2Fthumbnail%3Fpanoid%3Dtup_t5YrbKF2fBsHb1CrAA%26cb_client%3Dmaps_sv.share%26w%3D900%26h%3D600%26yaw%3D352.25925113325%26pitch%3D6.7600610151374525%26thumbfov%3D90!7i16384!8i8192?coh=205410&amp;entry=ttu\">Aqu\u00ed<\/a><\/p>\n<p>Informaci\u00f3n: <a href=\"mailto:boombastic@divertisenvivo.com\">boombastic@divertisenvivo.com<\/a><\/p>","protected":false},"featured_media":0,"template":"","meta":{"_acf_changed":false},"product_brand":[],"product_cat":[15],"product_tag":[],"class_list":{"0":"post-109971","1":"product","2":"type-product","3":"status-publish","5":"product_cat-sin-categoria","7":"first","8":"outofstock","9":"shipping-taxable","10":"purchasable","11":"product-type-simple"},"acf":[],"wooqr_code":"","yoast_head":"<!-- This site is optimized with the Yoast SEO plugin v27.6 - https:\/\/yoast.com\/product\/yoast-seo-wordpress\/ -->\n<title>Viajes Boombastic Gran Canaria - Divertis en Vivo<\/title>\n<meta name=\"description\" content=\"Viajes Regionales Boombastic Gran Canaria - Reserva ya tu plaza de ida o vuelta con los Buses Lanzaderas desde hasta Boombastic Gran Canaria\" \/>\n<meta name=\"robots\" content=\"index, follow, max-snippet:-1, max-image-preview:large, max-video-preview:-1\" \/>\n<link rel=\"canonical\" href=\"https:\/\/www.divertisenvivo.com\/eu\/producto\/viajes-boombastic-gran-canaria\/\" \/>\n<meta property=\"og:locale\" content=\"en_US\" \/>\n<meta property=\"og:type\" content=\"article\" \/>\n<meta property=\"og:title\" content=\"Viajes Boombastic Gran Canaria - Divertis en Vivo\" \/>\n<meta property=\"og:description\" content=\"Viajes Regionales Boombastic Gran Canaria - Reserva ya tu plaza de ida o vuelta con los Buses Lanzaderas desde hasta Boombastic Gran Canaria\" \/>\n<meta property=\"og:url\" content=\"https:\/\/www.divertisenvivo.com\/eu\/producto\/viajes-boombastic-gran-canaria\/\" \/>\n<meta property=\"og:site_name\" content=\"Divertis en Vivo\" \/>\n<meta property=\"article:publisher\" content=\"https:\/\/www.facebook.com\/divertisenvivo\" \/>\n<meta property=\"article:modified_time\" content=\"2025-10-01T12:38:58+00:00\" \/>\n<meta property=\"og:image\" content=\"https:\/\/i0.wp.com\/www.divertisenvivo.com\/wp-content\/uploads\/2020\/12\/Negro.png?fit=886%2C616&ssl=1\" \/>\n\t<meta property=\"og:image:width\" content=\"886\" \/>\n\t<meta property=\"og:image:height\" content=\"616\" \/>\n\t<meta property=\"og:image:type\" content=\"image\/png\" \/>\n<meta name=\"twitter:card\" content=\"summary_large_image\" \/>\n<meta name=\"twitter:site\" content=\"@divertisenvivo\" \/>\n<meta name=\"twitter:label1\" content=\"Est. reading time\" \/>\n\t<meta name=\"twitter:data1\" content=\"3 minutua\" \/>\n<script type=\"application\/ld+json\" class=\"yoast-schema-graph\">{\"@context\":\"https:\\\/\\\/schema.org\",\"@graph\":[{\"@type\":\"WebPage\",\"@id\":\"https:\\\/\\\/www.divertisenvivo.com\\\/eu\\\/producto\\\/viajes-boombastic-gran-canaria\\\/\",\"url\":\"https:\\\/\\\/www.divertisenvivo.com\\\/eu\\\/producto\\\/viajes-boombastic-gran-canaria\\\/\",\"name\":\"Viajes Boombastic Gran Canaria - Divertis en Vivo\",\"isPartOf\":{\"@id\":\"https:\\\/\\\/www.divertisenvivo.com\\\/eu\\\/#website\"},\"datePublished\":\"2024-05-29T08:32:47+00:00\",\"dateModified\":\"2025-10-01T12:38:58+00:00\",\"description\":\"Viajes Regionales Boombastic Gran Canaria - Reserva ya tu plaza de ida o vuelta con los Buses Lanzaderas desde hasta Boombastic Gran Canaria\",\"breadcrumb\":{\"@id\":\"https:\\\/\\\/www.divertisenvivo.com\\\/eu\\\/producto\\\/viajes-boombastic-gran-canaria\\\/#breadcrumb\"},\"inLanguage\":\"eu\",\"potentialAction\":[{\"@type\":\"ReadAction\",\"target\":[\"https:\\\/\\\/www.divertisenvivo.com\\\/eu\\\/producto\\\/viajes-boombastic-gran-canaria\\\/\"]}]},{\"@type\":\"BreadcrumbList\",\"@id\":\"https:\\\/\\\/www.divertisenvivo.com\\\/eu\\\/producto\\\/viajes-boombastic-gran-canaria\\\/#breadcrumb\",\"itemListElement\":[{\"@type\":\"ListItem\",\"position\":1,\"name\":\"Portada\",\"item\":\"https:\\\/\\\/www.divertisenvivo.com\\\/\"},{\"@type\":\"ListItem\",\"position\":2,\"name\":\"TIENDA\",\"item\":\"https:\\\/\\\/www.divertisenvivo.com\\\/tienda\\\/\"},{\"@type\":\"ListItem\",\"position\":3,\"name\":\"Viajes Boombastic Gran Canaria\"}]},{\"@type\":\"WebSite\",\"@id\":\"https:\\\/\\\/www.divertisenvivo.com\\\/eu\\\/#website\",\"url\":\"https:\\\/\\\/www.divertisenvivo.com\\\/eu\\\/\",\"name\":\"Divertis en vivo - Viajes a eventos musicales, deportivos y culturales\",\"description\":\"Desde 2007, somos tu agencia de viajes para disfrutar de tus eventos deportivos (Rugby, Futbol) y de tus eventos musicales (festivales y conciertos)\",\"publisher\":{\"@id\":\"https:\\\/\\\/www.divertisenvivo.com\\\/eu\\\/#organization\"},\"potentialAction\":[{\"@type\":\"SearchAction\",\"target\":{\"@type\":\"EntryPoint\",\"urlTemplate\":\"https:\\\/\\\/www.divertisenvivo.com\\\/eu\\\/?s={search_term_string}\"},\"query-input\":{\"@type\":\"PropertyValueSpecification\",\"valueRequired\":true,\"valueName\":\"search_term_string\"}}],\"inLanguage\":\"eu\"},{\"@type\":\"Organization\",\"@id\":\"https:\\\/\\\/www.divertisenvivo.com\\\/eu\\\/#organization\",\"name\":\"Quieres Viajar S.L.\",\"url\":\"https:\\\/\\\/www.divertisenvivo.com\\\/eu\\\/\",\"logo\":{\"@type\":\"ImageObject\",\"inLanguage\":\"eu\",\"@id\":\"https:\\\/\\\/www.divertisenvivo.com\\\/eu\\\/#\\\/schema\\\/logo\\\/image\\\/\",\"url\":\"https:\\\/\\\/www.divertisenvivo.com\\\/wp-content\\\/uploads\\\/2021\\\/01\\\/logo-e1610098969786.png\",\"contentUrl\":\"https:\\\/\\\/www.divertisenvivo.com\\\/wp-content\\\/uploads\\\/2021\\\/01\\\/logo-e1610098969786.png\",\"width\":200,\"height\":139,\"caption\":\"Quieres Viajar S.L.\"},\"image\":{\"@id\":\"https:\\\/\\\/www.divertisenvivo.com\\\/eu\\\/#\\\/schema\\\/logo\\\/image\\\/\"},\"sameAs\":[\"https:\\\/\\\/www.facebook.com\\\/divertisenvivo\",\"https:\\\/\\\/x.com\\\/divertisenvivo\",\"https:\\\/\\\/www.instagram.com\\\/divertisenvivo\\\/\",\"https:\\\/\\\/www.linkedin.com\\\/company\\\/divertis-en-vivo-viajesaconciertosyfestivales\\\/?viewAsMember=true\"]}]}<\/script>\n<!-- \/ Yoast SEO plugin. -->","yoast_head_json":{"title":"Viajes Boombastic Gran Canaria - Divertis en Vivo","description":"Viajes Regionales Boombastic Gran Canaria - Reserva ya tu plaza de ida o vuelta con los Buses Lanzaderas desde hasta Boombastic Gran Canaria","robots":{"index":"index","follow":"follow","max-snippet":"max-snippet:-1","max-image-preview":"max-image-preview:large","max-video-preview":"max-video-preview:-1"},"canonical":"https:\/\/www.divertisenvivo.com\/eu\/producto\/viajes-boombastic-gran-canaria\/","og_locale":"en_US","og_type":"article","og_title":"Viajes Boombastic Gran Canaria - Divertis en Vivo","og_description":"Viajes Regionales Boombastic Gran Canaria - Reserva ya tu plaza de ida o vuelta con los Buses Lanzaderas desde hasta Boombastic Gran Canaria","og_url":"https:\/\/www.divertisenvivo.com\/eu\/producto\/viajes-boombastic-gran-canaria\/","og_site_name":"Divertis en Vivo","article_publisher":"https:\/\/www.facebook.com\/divertisenvivo","article_modified_time":"2025-10-01T12:38:58+00:00","og_image":[{"width":886,"height":616,"url":"https:\/\/i0.wp.com\/www.divertisenvivo.com\/wp-content\/uploads\/2020\/12\/Negro.png?fit=886%2C616&ssl=1","type":"image\/png"}],"twitter_card":"summary_large_image","twitter_site":"@divertisenvivo","twitter_misc":{"Est. reading time":"3 minutua"},"schema":{"@context":"https:\/\/schema.org","@graph":[{"@type":"WebPage","@id":"https:\/\/www.divertisenvivo.com\/eu\/producto\/viajes-boombastic-gran-canaria\/","url":"https:\/\/www.divertisenvivo.com\/eu\/producto\/viajes-boombastic-gran-canaria\/","name":"Viajes Boombastic Gran Canaria - Divertis en Vivo","isPartOf":{"@id":"https:\/\/www.divertisenvivo.com\/eu\/#website"},"datePublished":"2024-05-29T08:32:47+00:00","dateModified":"2025-10-01T12:38:58+00:00","description":"Viajes Regionales Boombastic Gran Canaria - Reserva ya tu plaza de ida o vuelta con los Buses Lanzaderas desde hasta Boombastic Gran Canaria","breadcrumb":{"@id":"https:\/\/www.divertisenvivo.com\/eu\/producto\/viajes-boombastic-gran-canaria\/#breadcrumb"},"inLanguage":"eu","potentialAction":[{"@type":"ReadAction","target":["https:\/\/www.divertisenvivo.com\/eu\/producto\/viajes-boombastic-gran-canaria\/"]}]},{"@type":"BreadcrumbList","@id":"https:\/\/www.divertisenvivo.com\/eu\/producto\/viajes-boombastic-gran-canaria\/#breadcrumb","itemListElement":[{"@type":"ListItem","position":1,"name":"Portada","item":"https:\/\/www.divertisenvivo.com\/"},{"@type":"ListItem","position":2,"name":"TIENDA","item":"https:\/\/www.divertisenvivo.com\/tienda\/"},{"@type":"ListItem","position":3,"name":"Viajes Boombastic Gran Canaria"}]},{"@type":"WebSite","@id":"https:\/\/www.divertisenvivo.com\/eu\/#website","url":"https:\/\/www.divertisenvivo.com\/eu\/","name":"Divertis en vivo - Viajes a eventos musicales, deportivos y culturales","description":"2007 urtetik aurrera kirol eta musika ekiteldieetara eramaten zaitugun bidaia agentzia gara: rugby, futbola, festibal eta kontzertuez goza itzazu gure eskuz.","publisher":{"@id":"https:\/\/www.divertisenvivo.com\/eu\/#organization"},"potentialAction":[{"@type":"SearchAction","target":{"@type":"EntryPoint","urlTemplate":"https:\/\/www.divertisenvivo.com\/eu\/?s={search_term_string}"},"query-input":{"@type":"PropertyValueSpecification","valueRequired":true,"valueName":"search_term_string"}}],"inLanguage":"eu"},{"@type":"Organization","@id":"https:\/\/www.divertisenvivo.com\/eu\/#organization","name":"Quieres Viajar S.L.","url":"https:\/\/www.divertisenvivo.com\/eu\/","logo":{"@type":"ImageObject","inLanguage":"eu","@id":"https:\/\/www.divertisenvivo.com\/eu\/#\/schema\/logo\/image\/","url":"https:\/\/www.divertisenvivo.com\/wp-content\/uploads\/2021\/01\/logo-e1610098969786.png","contentUrl":"https:\/\/www.divertisenvivo.com\/wp-content\/uploads\/2021\/01\/logo-e1610098969786.png","width":200,"height":139,"caption":"Quieres Viajar S.L."},"image":{"@id":"https:\/\/www.divertisenvivo.com\/eu\/#\/schema\/logo\/image\/"},"sameAs":["https:\/\/www.facebook.com\/divertisenvivo","https:\/\/x.com\/divertisenvivo","https:\/\/www.instagram.com\/divertisenvivo\/","https:\/\/www.linkedin.com\/company\/divertis-en-vivo-viajesaconciertosyfestivales\/?viewAsMember=true"]}]}},"jetpack_sharing_enabled":true,"_links":{"self":[{"href":"https:\/\/www.divertisenvivo.com\/eu\/wp-json\/wp\/v2\/product\/109971","targetHints":{"allow":["GET"]}}],"collection":[{"href":"https:\/\/www.divertisenvivo.com\/eu\/wp-json\/wp\/v2\/product"}],"about":[{"href":"https:\/\/www.divertisenvivo.com\/eu\/wp-json\/wp\/v2\/types\/product"}],"version-history":[{"count":2,"href":"https:\/\/www.divertisenvivo.com\/eu\/wp-json\/wp\/v2\/product\/109971\/revisions"}],"predecessor-version":[{"id":166172,"href":"https:\/\/www.divertisenvivo.com\/eu\/wp-json\/wp\/v2\/product\/109971\/revisions\/166172"}],"wp:attachment":[{"href":"https:\/\/www.divertisenvivo.com\/eu\/wp-json\/wp\/v2\/media?parent=109971"}],"wp:term":[{"taxonomy":"product_brand","embeddable":true,"href":"https:\/\/www.divertisenvivo.com\/eu\/wp-json\/wp\/v2\/product_brand?post=109971"},{"taxonomy":"product_cat","embeddable":true,"href":"https:\/\/www.divertisenvivo.com\/eu\/wp-json\/wp\/v2\/product_cat?post=109971"},{"taxonomy":"product_tag","embeddable":true,"href":"https:\/\/www.divertisenvivo.com\/eu\/wp-json\/wp\/v2\/product_tag?post=109971"}],"curies":[{"name":"wp","href":"https:\/\/api.w.org\/{rel}","templated":true}]}}