{"id":158463,"date":"2024-09-24T10:28:00","date_gmt":"2024-09-24T08:28:00","guid":{"rendered":"https:\/\/www.divertisenvivo.com\/?post_type=product&#038;p=158463"},"modified":"2025-10-02T11:40:40","modified_gmt":"2025-10-02T09:40:40","slug":"iron-maiden-madrid","status":"publish","type":"product","link":"https:\/\/www.divertisenvivo.com\/eu\/producto\/viajes-iron-maiden-madrid\/","title":{"rendered":"Iron Maiden Madrid"},"content":{"rendered":"<p><span style=\"font-size: 18pt; font-family: arial, helvetica, sans-serif;\"><b>Viajes Iron Maiden Madrid<\/b><\/span><\/p>\n<p><span style=\"font-family: arial, helvetica, sans-serif;\"><strong>Viajes en autob\u00fas organizados\u00a0<\/strong><\/span><\/p>\n<p><span style=\"font-family: arial, helvetica, sans-serif;\">Disfruta de una noche de heavy metal hist\u00f3rica en el Estadio Metropolitano de Madrid<\/span><\/p>\n<p><span style=\"font-family: arial, helvetica, sans-serif;\"><strong>05 de Julio del 2025<\/strong><\/span><\/p>\n<div><span style=\"font-family: arial, helvetica, sans-serif;\">Consulta todos nuestros puntos de salida para disfrutar del concierto de Iron Maiden en Madrid.<\/span><\/div>\n<div>\n<p><span style=\"font-family: arial, helvetica, sans-serif;\">Regreso 45 minutos despu\u00e9s de la conclusi\u00f3n del concierto de Iron Maiden desde el punto acordado.<\/span><\/p>\n<p><span style=\"font-family: arial, helvetica, sans-serif;\"><strong>Honako hauek dira prezioaren barne:\u00a0<\/strong><\/span><\/p>\n<p><span style=\"font-family: arial, helvetica, sans-serif;\">Viaje en autob\u00fas de ida y vuelta desde la localidad elegida hasta las cercan\u00edas del Estadio Metropolitano donde se celebrar\u00e1 el concierto<\/span><\/p>\n<p><span style=\"font-family: arial, helvetica, sans-serif;\">Asistencia de personal de Divertis en Vivo<\/span><\/p>\n<p><span style=\"color: #333333; font-family: arial, helvetica, sans-serif;\"><strong>Ordutegia eta ibilbideak<\/strong> <strong>:<\/strong><\/span><\/p>\n<p><span style=\"font-family: arial, helvetica, sans-serif;\">Los horarios est\u00e1n sujetos a cambios que ir\u00edamos notificando en esta web (desplegable de ciudades) o a trav\u00e9s de vuestro email o SMS.<\/span><br \/>\n<span style=\"font-family: arial, helvetica, sans-serif;\">Es muy importante que la informaci\u00f3n proporcionada sea correcta para as\u00ed facilitar el contacto con todos vosotros.<\/span><br \/>\n<span style=\"font-family: arial, helvetica, sans-serif;\">Si deseas m\u00e1s informaci\u00f3n, puedes contactarnos a trav\u00e9s del mail : <a href=\"mailto:musica@divertisenvivo.com\">musica@divertisenvivo.com<\/a><\/span><\/p>\n<p><span style=\"font-family: arial, helvetica, sans-serif;\"><strong>Observaciones<\/strong><\/span><\/p>\n<ul>\n<li><span style=\"font-family: arial, helvetica, sans-serif;\">Baliteke autobusen ordutegiak aldatzea. Kasu horretan, emailez jakinaraziko diegu erosle guztiei gora-behera hori. Hala ere, irteeraren aurreko egunean webgune hau berrikustea gomendatzen dugu ordutegiak baieztatzeko.<\/span><\/li>\n<li><span style=\"font-family: arial, helvetica, sans-serif;\">Ordutegiak apur bat alda daitezke ibilbideak birprogramatzen baldin badira.<\/span><\/li>\n<li><span style=\"font-family: arial, helvetica, sans-serif;\">Si sois un grupo de personas y vuestra localidad no se encuentra en el listado, pod\u00e9is enviarnos un mail a vgarcia@divertisenvivo.com y analizaremos vuestra petici\u00f3n para incluir vuestra localidad como nuevo punto de salida.<\/span><\/li>\n<\/ul>\n<\/div>\n<p><span style=\"font-family: arial, helvetica, sans-serif;\">Consulta el resto de nuestra oferta musical pinchando aqu\u00ed :\u00a0<a href=\"https:\/\/www.divertisenvivo.com\/eu\/\">Home \u2013 Divertis en vivo \u2013 Viajes a eventos musicales, deportivos y culturales<\/a><\/span><\/p>","protected":false},"excerpt":{"rendered":"<p><span style=\"font-size: 18pt; font-family: arial, helvetica, sans-serif;\"><b>Viajes Iron Maiden Madrid<\/b><\/span><\/p>\n<p><span style=\"font-family: arial, helvetica, sans-serif;\"><strong>5 de julio del 2025<\/strong><\/span><\/p>\n<p><span style=\"font-family: arial, helvetica, sans-serif;\">\u00a1Reserva tu plaza ahora y asegura tu camino hacia una noche \u00fanica!\u00a0<\/span><\/p>\n<p><span style=\"font-family: arial, helvetica, sans-serif;\">Revisa nuestros diferentes puntos de salida y comprueba si tu localidad est\u00e1 entre ellos.<\/span><\/p>\n<p class=\"translation-block\"><span style=\"font-family: arial, helvetica, sans-serif\">Edozein kontsulta izanez gero, jar zaitez gurekin harremanetan honako posta elektronikora idatziz: <span style=\"font-size: 12pt\"><a href=\"mailto:musica@divertisenvivo.com\" target=\"_self\">musica@divertisenvivo.com<\/a><\/span><\/span><\/p>\n<p><span style=\"font-family: arial, helvetica, sans-serif;\">Hemen jarri gaitzakezu:<a href=\"https:\/\/twitter.com\/divertisenvivo?lang=es\">\u00a0Twitter<\/a><a href=\"https:\/\/www.instagram.com\/divertisenvivo\/?hl=es\">\u00a0Instagram<\/a>\u00a0eta\u00a0<a href=\"https:\/\/www.facebook.com\/divertisenvivo\/?locale=es_ES\">Facebook-en\u00a0<\/a><\/span><\/p>\n<p><span style=\"font-family: arial, helvetica, sans-serif;\">El regreso a los puntos de origen se realizar\u00e1 45 minutos despu\u00e9s de la conclusi\u00f3n del concierto.<\/span><\/p>","protected":false},"featured_media":158529,"template":"","meta":{"_acf_changed":false},"product_brand":[],"product_cat":[15],"product_tag":[],"class_list":{"0":"post-158463","1":"product","2":"type-product","3":"status-publish","4":"has-post-thumbnail","6":"product_cat-sin-categoria","8":"first","9":"outofstock","10":"shipping-taxable","11":"purchasable","12":"product-type-simple"},"acf":[],"wooqr_code":"","yoast_head":"<!-- This site is optimized with the Yoast SEO plugin v25.9 - https:\/\/yoast.com\/wordpress\/plugins\/seo\/ -->\n<title>Iron Maiden Madrid - Divertis en Vivo<\/title>\n<meta name=\"description\" content=\"Viajes Iron Maiden Madrid. Consulta nuestros puntos de salida para disfrutar de una noche hist\u00f3rica en Madrid. Divertis en Vivo se encarga de la gesti\u00f3n\" \/>\n<meta name=\"robots\" content=\"index, follow, max-snippet:-1, max-image-preview:large, max-video-preview:-1\" \/>\n<link rel=\"canonical\" href=\"https:\/\/www.divertisenvivo.com\/eu\/producto\/viajes-iron-maiden-madrid\/\" \/>\n<meta property=\"og:locale\" content=\"en_US\" \/>\n<meta property=\"og:type\" content=\"article\" \/>\n<meta property=\"og:title\" content=\"Iron Maiden Madrid - Divertis en Vivo\" \/>\n<meta property=\"og:description\" content=\"Viajes Iron Maiden Madrid. Consulta nuestros puntos de salida para disfrutar de una noche hist\u00f3rica en Madrid. Divertis en Vivo se encarga de la gesti\u00f3n\" \/>\n<meta property=\"og:url\" content=\"https:\/\/www.divertisenvivo.com\/eu\/producto\/viajes-iron-maiden-madrid\/\" \/>\n<meta property=\"og:site_name\" content=\"Divertis en Vivo\" \/>\n<meta property=\"article:publisher\" content=\"https:\/\/www.facebook.com\/divertisenvivo\" \/>\n<meta property=\"article:modified_time\" content=\"2025-10-02T09:40:40+00:00\" \/>\n<meta property=\"og:image\" content=\"https:\/\/www.divertisenvivo.com\/wp-content\/uploads\/2024\/09\/IRON-MAIDEN-1-1024x724.png\" \/>\n\t<meta property=\"og:image:width\" content=\"1024\" \/>\n\t<meta property=\"og:image:height\" content=\"724\" \/>\n\t<meta property=\"og:image:type\" content=\"image\/png\" \/>\n<meta name=\"twitter:card\" content=\"summary_large_image\" \/>\n<meta name=\"twitter:site\" content=\"@divertisenvivo\" \/>\n<meta name=\"twitter:label1\" content=\"Est. reading time\" \/>\n\t<meta name=\"twitter:data1\" content=\"1 minutua\" \/>\n<script type=\"application\/ld+json\" class=\"yoast-schema-graph\">{\"@context\":\"https:\/\/schema.org\",\"@graph\":[{\"@type\":\"WebPage\",\"@id\":\"https:\/\/www.divertisenvivo.com\/eu\/producto\/viajes-iron-maiden-madrid\/\",\"url\":\"https:\/\/www.divertisenvivo.com\/eu\/producto\/viajes-iron-maiden-madrid\/\",\"name\":\"Iron Maiden Madrid - Divertis en Vivo\",\"isPartOf\":{\"@id\":\"https:\/\/www.divertisenvivo.com\/eu\/#website\"},\"primaryImageOfPage\":{\"@id\":\"https:\/\/www.divertisenvivo.com\/eu\/producto\/viajes-iron-maiden-madrid\/#primaryimage\"},\"image\":{\"@id\":\"https:\/\/www.divertisenvivo.com\/eu\/producto\/viajes-iron-maiden-madrid\/#primaryimage\"},\"thumbnailUrl\":\"https:\/\/i0.wp.com\/www.divertisenvivo.com\/wp-content\/uploads\/2024\/09\/IRON-MAIDEN-1.png?fit=2000%2C1414&ssl=1\",\"datePublished\":\"2024-09-24T08:28:00+00:00\",\"dateModified\":\"2025-10-02T09:40:40+00:00\",\"description\":\"Viajes Iron Maiden Madrid. Consulta nuestros puntos de salida para disfrutar de una noche hist\u00f3rica en Madrid. Divertis en Vivo se encarga de la gesti\u00f3n\",\"breadcrumb\":{\"@id\":\"https:\/\/www.divertisenvivo.com\/eu\/producto\/viajes-iron-maiden-madrid\/#breadcrumb\"},\"inLanguage\":\"eu\",\"potentialAction\":[{\"@type\":\"ReadAction\",\"target\":[\"https:\/\/www.divertisenvivo.com\/eu\/producto\/viajes-iron-maiden-madrid\/\"]}]},{\"@type\":\"ImageObject\",\"inLanguage\":\"eu\",\"@id\":\"https:\/\/www.divertisenvivo.com\/eu\/producto\/viajes-iron-maiden-madrid\/#primaryimage\",\"url\":\"https:\/\/i0.wp.com\/www.divertisenvivo.com\/wp-content\/uploads\/2024\/09\/IRON-MAIDEN-1.png?fit=2000%2C1414&ssl=1\",\"contentUrl\":\"https:\/\/i0.wp.com\/www.divertisenvivo.com\/wp-content\/uploads\/2024\/09\/IRON-MAIDEN-1.png?fit=2000%2C1414&ssl=1\",\"width\":2000,\"height\":1414},{\"@type\":\"BreadcrumbList\",\"@id\":\"https:\/\/www.divertisenvivo.com\/eu\/producto\/viajes-iron-maiden-madrid\/#breadcrumb\",\"itemListElement\":[{\"@type\":\"ListItem\",\"position\":1,\"name\":\"Portada\",\"item\":\"https:\/\/www.divertisenvivo.com\/\"},{\"@type\":\"ListItem\",\"position\":2,\"name\":\"TIENDA\",\"item\":\"https:\/\/www.divertisenvivo.com\/tienda\/\"},{\"@type\":\"ListItem\",\"position\":3,\"name\":\"Iron Maiden Madrid\"}]},{\"@type\":\"WebSite\",\"@id\":\"https:\/\/www.divertisenvivo.com\/eu\/#website\",\"url\":\"https:\/\/www.divertisenvivo.com\/eu\/\",\"name\":\"Divertis en vivo - Viajes a eventos musicales, deportivos y culturales\",\"description\":\"Desde 2007, somos tu agencia de viajes para disfrutar de tus eventos deportivos (Rugby, Futbol) y de tus eventos musicales (festivales y conciertos)\",\"publisher\":{\"@id\":\"https:\/\/www.divertisenvivo.com\/eu\/#organization\"},\"potentialAction\":[{\"@type\":\"SearchAction\",\"target\":{\"@type\":\"EntryPoint\",\"urlTemplate\":\"https:\/\/www.divertisenvivo.com\/eu\/?s={search_term_string}\"},\"query-input\":{\"@type\":\"PropertyValueSpecification\",\"valueRequired\":true,\"valueName\":\"search_term_string\"}}],\"inLanguage\":\"eu\"},{\"@type\":\"Organization\",\"@id\":\"https:\/\/www.divertisenvivo.com\/eu\/#organization\",\"name\":\"Quieres Viajar S.L.\",\"url\":\"https:\/\/www.divertisenvivo.com\/eu\/\",\"logo\":{\"@type\":\"ImageObject\",\"inLanguage\":\"eu\",\"@id\":\"https:\/\/www.divertisenvivo.com\/eu\/#\/schema\/logo\/image\/\",\"url\":\"https:\/\/www.divertisenvivo.com\/wp-content\/uploads\/2021\/01\/logo-e1610098969786.png\",\"contentUrl\":\"https:\/\/www.divertisenvivo.com\/wp-content\/uploads\/2021\/01\/logo-e1610098969786.png\",\"width\":200,\"height\":139,\"caption\":\"Quieres Viajar S.L.\"},\"image\":{\"@id\":\"https:\/\/www.divertisenvivo.com\/eu\/#\/schema\/logo\/image\/\"},\"sameAs\":[\"https:\/\/www.facebook.com\/divertisenvivo\",\"https:\/\/x.com\/divertisenvivo\",\"https:\/\/www.instagram.com\/divertisenvivo\/\",\"https:\/\/www.linkedin.com\/company\/divertis-en-vivo-viajesaconciertosyfestivales\/?viewAsMember=true\"]}]}<\/script>\n<!-- \/ Yoast SEO plugin. -->","yoast_head_json":{"title":"Iron Maiden Madrid - Divertis en Vivo","description":"Viajes Iron Maiden Madrid. Consulta nuestros puntos de salida para disfrutar de una noche hist\u00f3rica en Madrid. Divertis en Vivo se encarga de la gesti\u00f3n","robots":{"index":"index","follow":"follow","max-snippet":"max-snippet:-1","max-image-preview":"max-image-preview:large","max-video-preview":"max-video-preview:-1"},"canonical":"https:\/\/www.divertisenvivo.com\/eu\/producto\/viajes-iron-maiden-madrid\/","og_locale":"en_US","og_type":"article","og_title":"Iron Maiden Madrid - Divertis en Vivo","og_description":"Viajes Iron Maiden Madrid. Consulta nuestros puntos de salida para disfrutar de una noche hist\u00f3rica en Madrid. Divertis en Vivo se encarga de la gesti\u00f3n","og_url":"https:\/\/www.divertisenvivo.com\/eu\/producto\/viajes-iron-maiden-madrid\/","og_site_name":"Divertis en Vivo","article_publisher":"https:\/\/www.facebook.com\/divertisenvivo","article_modified_time":"2025-10-02T09:40:40+00:00","og_image":[{"width":1024,"height":724,"url":"https:\/\/www.divertisenvivo.com\/wp-content\/uploads\/2024\/09\/IRON-MAIDEN-1-1024x724.png","type":"image\/png"}],"twitter_card":"summary_large_image","twitter_site":"@divertisenvivo","twitter_misc":{"Est. reading time":"1 minutua"},"schema":{"@context":"https:\/\/schema.org","@graph":[{"@type":"WebPage","@id":"https:\/\/www.divertisenvivo.com\/eu\/producto\/viajes-iron-maiden-madrid\/","url":"https:\/\/www.divertisenvivo.com\/eu\/producto\/viajes-iron-maiden-madrid\/","name":"Iron Maiden Madrid - Divertis en Vivo","isPartOf":{"@id":"https:\/\/www.divertisenvivo.com\/eu\/#website"},"primaryImageOfPage":{"@id":"https:\/\/www.divertisenvivo.com\/eu\/producto\/viajes-iron-maiden-madrid\/#primaryimage"},"image":{"@id":"https:\/\/www.divertisenvivo.com\/eu\/producto\/viajes-iron-maiden-madrid\/#primaryimage"},"thumbnailUrl":"https:\/\/i0.wp.com\/www.divertisenvivo.com\/wp-content\/uploads\/2024\/09\/IRON-MAIDEN-1.png?fit=2000%2C1414&ssl=1","datePublished":"2024-09-24T08:28:00+00:00","dateModified":"2025-10-02T09:40:40+00:00","description":"Viajes Iron Maiden Madrid. Consulta nuestros puntos de salida para disfrutar de una noche hist\u00f3rica en Madrid. Divertis en Vivo se encarga de la gesti\u00f3n","breadcrumb":{"@id":"https:\/\/www.divertisenvivo.com\/eu\/producto\/viajes-iron-maiden-madrid\/#breadcrumb"},"inLanguage":"eu","potentialAction":[{"@type":"ReadAction","target":["https:\/\/www.divertisenvivo.com\/eu\/producto\/viajes-iron-maiden-madrid\/"]}]},{"@type":"ImageObject","inLanguage":"eu","@id":"https:\/\/www.divertisenvivo.com\/eu\/producto\/viajes-iron-maiden-madrid\/#primaryimage","url":"https:\/\/i0.wp.com\/www.divertisenvivo.com\/wp-content\/uploads\/2024\/09\/IRON-MAIDEN-1.png?fit=2000%2C1414&ssl=1","contentUrl":"https:\/\/i0.wp.com\/www.divertisenvivo.com\/wp-content\/uploads\/2024\/09\/IRON-MAIDEN-1.png?fit=2000%2C1414&ssl=1","width":2000,"height":1414},{"@type":"BreadcrumbList","@id":"https:\/\/www.divertisenvivo.com\/eu\/producto\/viajes-iron-maiden-madrid\/#breadcrumb","itemListElement":[{"@type":"ListItem","position":1,"name":"Portada","item":"https:\/\/www.divertisenvivo.com\/"},{"@type":"ListItem","position":2,"name":"TIENDA","item":"https:\/\/www.divertisenvivo.com\/tienda\/"},{"@type":"ListItem","position":3,"name":"Iron Maiden Madrid"}]},{"@type":"WebSite","@id":"https:\/\/www.divertisenvivo.com\/eu\/#website","url":"https:\/\/www.divertisenvivo.com\/eu\/","name":"Divertis en vivo - Viajes a eventos musicales, deportivos y culturales","description":"2007 urtetik aurrera kirol eta musika ekiteldieetara eramaten zaitugun bidaia agentzia gara: rugby, futbola, festibal eta kontzertuez goza itzazu gure eskuz.","publisher":{"@id":"https:\/\/www.divertisenvivo.com\/eu\/#organization"},"potentialAction":[{"@type":"SearchAction","target":{"@type":"EntryPoint","urlTemplate":"https:\/\/www.divertisenvivo.com\/eu\/?s={search_term_string}"},"query-input":{"@type":"PropertyValueSpecification","valueRequired":true,"valueName":"search_term_string"}}],"inLanguage":"eu"},{"@type":"Organization","@id":"https:\/\/www.divertisenvivo.com\/eu\/#organization","name":"Quieres Viajar S.L.","url":"https:\/\/www.divertisenvivo.com\/eu\/","logo":{"@type":"ImageObject","inLanguage":"eu","@id":"https:\/\/www.divertisenvivo.com\/eu\/#\/schema\/logo\/image\/","url":"https:\/\/www.divertisenvivo.com\/wp-content\/uploads\/2021\/01\/logo-e1610098969786.png","contentUrl":"https:\/\/www.divertisenvivo.com\/wp-content\/uploads\/2021\/01\/logo-e1610098969786.png","width":200,"height":139,"caption":"Quieres Viajar S.L."},"image":{"@id":"https:\/\/www.divertisenvivo.com\/eu\/#\/schema\/logo\/image\/"},"sameAs":["https:\/\/www.facebook.com\/divertisenvivo","https:\/\/x.com\/divertisenvivo","https:\/\/www.instagram.com\/divertisenvivo\/","https:\/\/www.linkedin.com\/company\/divertis-en-vivo-viajesaconciertosyfestivales\/?viewAsMember=true"]}]}},"jetpack_sharing_enabled":true,"_links":{"self":[{"href":"https:\/\/www.divertisenvivo.com\/eu\/wp-json\/wp\/v2\/product\/158463","targetHints":{"allow":["GET"]}}],"collection":[{"href":"https:\/\/www.divertisenvivo.com\/eu\/wp-json\/wp\/v2\/product"}],"about":[{"href":"https:\/\/www.divertisenvivo.com\/eu\/wp-json\/wp\/v2\/types\/product"}],"version-history":[{"count":2,"href":"https:\/\/www.divertisenvivo.com\/eu\/wp-json\/wp\/v2\/product\/158463\/revisions"}],"predecessor-version":[{"id":167293,"href":"https:\/\/www.divertisenvivo.com\/eu\/wp-json\/wp\/v2\/product\/158463\/revisions\/167293"}],"wp:featuredmedia":[{"embeddable":true,"href":"https:\/\/www.divertisenvivo.com\/eu\/wp-json\/wp\/v2\/media\/158529"}],"wp:attachment":[{"href":"https:\/\/www.divertisenvivo.com\/eu\/wp-json\/wp\/v2\/media?parent=158463"}],"wp:term":[{"taxonomy":"product_brand","embeddable":true,"href":"https:\/\/www.divertisenvivo.com\/eu\/wp-json\/wp\/v2\/product_brand?post=158463"},{"taxonomy":"product_cat","embeddable":true,"href":"https:\/\/www.divertisenvivo.com\/eu\/wp-json\/wp\/v2\/product_cat?post=158463"},{"taxonomy":"product_tag","embeddable":true,"href":"https:\/\/www.divertisenvivo.com\/eu\/wp-json\/wp\/v2\/product_tag?post=158463"}],"curies":[{"name":"wp","href":"https:\/\/api.w.org\/{rel}","templated":true}]}}