{"id":162137,"date":"2025-01-09T10:21:27","date_gmt":"2025-01-09T09:21:27","guid":{"rendered":"https:\/\/www.divertisenvivo.com\/?post_type=product&#038;p=162137"},"modified":"2025-10-01T14:35:20","modified_gmt":"2025-10-01T12:35:20","slug":"rock-fest-barcelona-hotel-y-traslados","status":"publish","type":"product","link":"https:\/\/www.divertisenvivo.com\/eu\/producto\/rock-fest-barcelona-hotel-y-traslados\/","title":{"rendered":"Rock Fest Barcelona hotel y traslados"},"content":{"rendered":"<h1><span style=\"font-family: arial, helvetica, sans-serif;\">Rock Fest Barcelona Hotel y Traslados<\/span><\/h1>\n<h2><span style=\"font-family: arial, helvetica, sans-serif;\">Reserva ya tu plaza en los viajes organizados al Rock Fest Barcelona\u00a0<\/span><\/h2>\n<p style=\"text-align: justify;\"><span style=\"font-family: arial, helvetica, sans-serif;\">Con Divertis en Vivo, los\u00a0<strong>packs de hotel y traslados al Rock Fest Barcelona <\/strong>est\u00e1n pensados para garantizar que vivas el festival al m\u00e1ximo, sin complicaciones. Desde la planificaci\u00f3n del viaje pasando por el acceso al evento, nos encargamos de todos los detalles para que tu \u00fanica preocupaci\u00f3n sea disfrutar de la m\u00fasica y la comunidad.<\/span><\/p>\n<p style=\"text-align: justify;\"><span style=\"font-family: arial, helvetica, sans-serif;\">Con los packs de hotel y traslados de <strong>Divertis en Vivo<\/strong>, tendr\u00e9is la posibilidad de pasar<strong> 4 noches de hotel<\/strong> en r\u00e9gimen de alojamiento m\u00e1s desayuno del 26 al 30 de junio en Barcelona para poder disfrutar no solo del ambiente \u00fanico del RockFest sino tambi\u00e9n de la ciudad.<\/span><\/p>\n<p style=\"text-align: justify;\"><span style=\"font-family: arial, helvetica, sans-serif;\">Con Divertis en Vivo, pod\u00e9is reservar online en la <a href=\"https:\/\/www.divertisenvivo.com\/eu\/\">p\u00e1gina web <\/a>de manera sencilla y c\u00f3moda en el siguiente hotel:<\/span><\/p>\n<h3><span style=\"font-family: arial, helvetica, sans-serif;\"><b>Hotel Arya Stadium <\/b><span style=\"font-weight: 400;\">(CARRER DE SANTS 383, 08028, Barcelona )<\/span><\/span><\/h3>\n<p><span style=\"color: #0000ff;\"><strong>El precio por persona por las 4 noches:<\/strong><\/span><\/p>\n<ul style=\"list-style-type: circle;\">\n<li><span style=\"font-family: arial, helvetica, sans-serif;\">Habitaci\u00f3n individual\u00a0 : 639\u20ac por persona.<\/span><\/li>\n<li><span style=\"font-family: arial, helvetica, sans-serif;\">Habitaci\u00f3n doble\u00a0 : 389\u20ac por persona.<\/span><\/li>\n<li><span style=\"font-family: arial, helvetica, sans-serif;\">Habitaci\u00f3n triple : 325\u20ac por persona.<\/span><\/li>\n<\/ul>\n<h3><span style=\"font-family: arial, helvetica, sans-serif;\">Traslados inclu\u00eddos con la reserva del hotel<\/span><\/h3>\n<p><span style=\"font-family: arial, helvetica, sans-serif;\"><strong>Habr\u00e1 un bus esperando para recoger al grupo para trasladarlo al recinto al comienzo del festival\u00a0 y otro al finalizar el festival para\u00a0 devolver el grupo al hotel.<\/strong><\/span><\/p>\n<p><span style=\"font-family: arial, helvetica, sans-serif;\">El punto de recogida ser\u00e1 el mismo que el de llegada.<\/span><\/p>\n<h3><strong>Condiciones de anulaci\u00f3n:<\/strong><\/h3>\n<ul>\n<li><span style=\"font-family: arial, helvetica, sans-serif;\">Desde el momento de la reserva hasta 60 d\u00edas antes del viaje : 30\u20ac en concepto de gastos de gesti\u00f3n.<\/span><\/li>\n<li><span style=\"font-family: arial, helvetica, sans-serif;\">Desde 60 d\u00edas hasta 30 d\u00edas del inicio del viaje o estancia : 40% del total de la reserva<\/span><\/li>\n<li><span style=\"font-family: arial, helvetica, sans-serif;\">Desde 30 d\u00edas hasta 15 d\u00edas antes del inicio del viaje o estancia : 60% del total de la reserva.<\/span><\/li>\n<li><span style=\"font-family: arial, helvetica, sans-serif;\">Desde 15 d\u00edas antes del inicio de viaje o estancia : 100% del total de la reserva.<\/span><\/li>\n<\/ul>\n<p><span style=\"font-family: arial, helvetica, sans-serif;\">Para resolver cualquier duda adicional, puedes contactarnos en <a href=\"\/eu\/musica@divertisenvivo.com\/\">musica@divertisenvivo.com<\/a><\/span><\/p>\n<p><span style=\"font-family: arial, helvetica, sans-serif;\">Sare sozialetan ere aurki gaitzakezu: <a href=\"https:\/\/twitter.com\/divertisenvivo\">Twitter\u00a0<\/a> <a href=\"https:\/\/www.instagram.com\/divertisenvivo\/?hl=es\">Instagram <\/a>eta <a href=\"https:\/\/es-es.facebook.com\/divertisenvivo\/\">Facebook-en<\/a><\/span><\/p>","protected":false},"excerpt":{"rendered":"<h2><span style=\"color: #000000; font-family: arial, helvetica, sans-serif;\"><strong>Rock Fest Barcelona hotel y traslados\u00a0<\/strong><\/span><\/h2>\n<p><span style=\"font-family: arial, helvetica, sans-serif;\">Reserva con Divertis en Vivo tu<strong> pack de hotel y\u00a0 traslados diarios<\/strong> en el hotel que te ofrecemos para que no tengas que preocuparte de nada y puedas disfrutar tu viaje al coraz\u00f3n del Rock este verano.<\/span><\/p>\n<p><span style=\"font-family: arial, helvetica, sans-serif;\">Con los packs de hotel y traslado de <strong>Divertis en Vivo<\/strong>, tendr\u00e9is la posibilidad de pasar <strong>4\u00a0noches de hotel<\/strong> en r\u00e9gimen de alojamiento m\u00e1s desayuno del 26\u00a0 al 30 de junio en Barcelona para poder disfrutar no solo del ambiente \u00fanico del RockFest sino tambi\u00e9n de la ciudad. Los traslados del hotel al Rock Fest vienen incluidos con tu reserva.<\/span><\/p>\n<p><span style=\"font-family: arial, helvetica, sans-serif;\">Realiza la reserva online seleccionando el tipo de habitaci\u00f3n en la que quer\u00e9is alojaros.<\/span><\/p>\n<p><span style=\"font-family: arial, helvetica, sans-serif;\">Si tienes alguna consulta que realizarnos puedes contactar con nosotros en el mail<a href=\"\/eu\/musica@divertisenvivo.com\/\"> musica@divertisenvivo.com<\/a><\/span><\/p>","protected":false},"featured_media":162138,"template":"","meta":{"_acf_changed":false},"product_brand":[],"product_cat":[15],"product_tag":[],"class_list":{"0":"post-162137","1":"product","2":"type-product","3":"status-publish","4":"has-post-thumbnail","6":"product_cat-sin-categoria","8":"first","9":"outofstock","10":"shipping-taxable","11":"purchasable","12":"product-type-simple"},"acf":[],"wooqr_code":"","yoast_head":"<!-- This site is optimized with the Yoast SEO plugin v25.9 - https:\/\/yoast.com\/wordpress\/plugins\/seo\/ -->\n<title>Divertis en Vivo Rock Fest Barcelona hotel y traslados<\/title>\n<meta name=\"description\" content=\"Rock Fest Barcelona hotel y traslados 2025. Divertis en Vivo te lleva al coraz\u00f3n de Barcelona para disfrutar en vivo de Rock Fest 2025\" \/>\n<meta name=\"robots\" content=\"index, follow, max-snippet:-1, max-image-preview:large, max-video-preview:-1\" \/>\n<link rel=\"canonical\" href=\"https:\/\/www.divertisenvivo.com\/eu\/producto\/rock-fest-barcelona-hotel-y-traslados\/\" \/>\n<meta property=\"og:locale\" content=\"en_US\" \/>\n<meta property=\"og:type\" content=\"article\" \/>\n<meta property=\"og:title\" content=\"Divertis en Vivo Rock Fest Barcelona hotel y traslados\" \/>\n<meta property=\"og:description\" content=\"Rock Fest Barcelona hotel y traslados 2025. Divertis en Vivo te lleva al coraz\u00f3n de Barcelona para disfrutar en vivo de Rock Fest 2025\" \/>\n<meta property=\"og:url\" content=\"https:\/\/www.divertisenvivo.com\/eu\/producto\/rock-fest-barcelona-hotel-y-traslados\/\" \/>\n<meta property=\"og:site_name\" content=\"Divertis en Vivo\" \/>\n<meta property=\"article:publisher\" content=\"https:\/\/www.facebook.com\/divertisenvivo\" \/>\n<meta property=\"article:modified_time\" content=\"2025-10-01T12:35:20+00:00\" \/>\n<meta property=\"og:image\" content=\"https:\/\/i0.wp.com\/www.divertisenvivo.com\/wp-content\/uploads\/2025\/01\/ROCKFEST-BCN-1.png?fit=600%2C400&ssl=1\" \/>\n\t<meta property=\"og:image:width\" content=\"600\" \/>\n\t<meta property=\"og:image:height\" content=\"400\" \/>\n\t<meta property=\"og:image:type\" content=\"image\/png\" \/>\n<meta name=\"twitter:card\" content=\"summary_large_image\" \/>\n<meta name=\"twitter:site\" content=\"@divertisenvivo\" \/>\n<meta name=\"twitter:label1\" content=\"Est. reading time\" \/>\n\t<meta name=\"twitter:data1\" content=\"2 minutua\" \/>\n<script type=\"application\/ld+json\" class=\"yoast-schema-graph\">{\"@context\":\"https:\/\/schema.org\",\"@graph\":[{\"@type\":\"WebPage\",\"@id\":\"https:\/\/www.divertisenvivo.com\/eu\/producto\/rock-fest-barcelona-hotel-y-traslados\/\",\"url\":\"https:\/\/www.divertisenvivo.com\/eu\/producto\/rock-fest-barcelona-hotel-y-traslados\/\",\"name\":\"Divertis en Vivo Rock Fest Barcelona hotel y traslados\",\"isPartOf\":{\"@id\":\"https:\/\/www.divertisenvivo.com\/eu\/#website\"},\"primaryImageOfPage\":{\"@id\":\"https:\/\/www.divertisenvivo.com\/eu\/producto\/rock-fest-barcelona-hotel-y-traslados\/#primaryimage\"},\"image\":{\"@id\":\"https:\/\/www.divertisenvivo.com\/eu\/producto\/rock-fest-barcelona-hotel-y-traslados\/#primaryimage\"},\"thumbnailUrl\":\"https:\/\/i0.wp.com\/www.divertisenvivo.com\/wp-content\/uploads\/2025\/01\/ROCKFEST-BCN-1.png?fit=600%2C400&ssl=1\",\"datePublished\":\"2025-01-09T09:21:27+00:00\",\"dateModified\":\"2025-10-01T12:35:20+00:00\",\"description\":\"Rock Fest Barcelona hotel y traslados 2025. Divertis en Vivo te lleva al coraz\u00f3n de Barcelona para disfrutar en vivo de Rock Fest 2025\",\"breadcrumb\":{\"@id\":\"https:\/\/www.divertisenvivo.com\/eu\/producto\/rock-fest-barcelona-hotel-y-traslados\/#breadcrumb\"},\"inLanguage\":\"eu\",\"potentialAction\":[{\"@type\":\"ReadAction\",\"target\":[\"https:\/\/www.divertisenvivo.com\/eu\/producto\/rock-fest-barcelona-hotel-y-traslados\/\"]}]},{\"@type\":\"ImageObject\",\"inLanguage\":\"eu\",\"@id\":\"https:\/\/www.divertisenvivo.com\/eu\/producto\/rock-fest-barcelona-hotel-y-traslados\/#primaryimage\",\"url\":\"https:\/\/i0.wp.com\/www.divertisenvivo.com\/wp-content\/uploads\/2025\/01\/ROCKFEST-BCN-1.png?fit=600%2C400&ssl=1\",\"contentUrl\":\"https:\/\/i0.wp.com\/www.divertisenvivo.com\/wp-content\/uploads\/2025\/01\/ROCKFEST-BCN-1.png?fit=600%2C400&ssl=1\",\"width\":600,\"height\":400,\"caption\":\"rockfest\"},{\"@type\":\"BreadcrumbList\",\"@id\":\"https:\/\/www.divertisenvivo.com\/eu\/producto\/rock-fest-barcelona-hotel-y-traslados\/#breadcrumb\",\"itemListElement\":[{\"@type\":\"ListItem\",\"position\":1,\"name\":\"Portada\",\"item\":\"https:\/\/www.divertisenvivo.com\/\"},{\"@type\":\"ListItem\",\"position\":2,\"name\":\"TIENDA\",\"item\":\"https:\/\/www.divertisenvivo.com\/tienda\/\"},{\"@type\":\"ListItem\",\"position\":3,\"name\":\"Rock Fest Barcelona hotel y traslados\"}]},{\"@type\":\"WebSite\",\"@id\":\"https:\/\/www.divertisenvivo.com\/eu\/#website\",\"url\":\"https:\/\/www.divertisenvivo.com\/eu\/\",\"name\":\"Divertis en vivo - Viajes a eventos musicales, deportivos y culturales\",\"description\":\"Desde 2007, somos tu agencia de viajes para disfrutar de tus eventos deportivos (Rugby, Futbol) y de tus eventos musicales (festivales y conciertos)\",\"publisher\":{\"@id\":\"https:\/\/www.divertisenvivo.com\/eu\/#organization\"},\"potentialAction\":[{\"@type\":\"SearchAction\",\"target\":{\"@type\":\"EntryPoint\",\"urlTemplate\":\"https:\/\/www.divertisenvivo.com\/eu\/?s={search_term_string}\"},\"query-input\":{\"@type\":\"PropertyValueSpecification\",\"valueRequired\":true,\"valueName\":\"search_term_string\"}}],\"inLanguage\":\"eu\"},{\"@type\":\"Organization\",\"@id\":\"https:\/\/www.divertisenvivo.com\/eu\/#organization\",\"name\":\"Quieres Viajar S.L.\",\"url\":\"https:\/\/www.divertisenvivo.com\/eu\/\",\"logo\":{\"@type\":\"ImageObject\",\"inLanguage\":\"eu\",\"@id\":\"https:\/\/www.divertisenvivo.com\/eu\/#\/schema\/logo\/image\/\",\"url\":\"https:\/\/www.divertisenvivo.com\/wp-content\/uploads\/2021\/01\/logo-e1610098969786.png\",\"contentUrl\":\"https:\/\/www.divertisenvivo.com\/wp-content\/uploads\/2021\/01\/logo-e1610098969786.png\",\"width\":200,\"height\":139,\"caption\":\"Quieres Viajar S.L.\"},\"image\":{\"@id\":\"https:\/\/www.divertisenvivo.com\/eu\/#\/schema\/logo\/image\/\"},\"sameAs\":[\"https:\/\/www.facebook.com\/divertisenvivo\",\"https:\/\/x.com\/divertisenvivo\",\"https:\/\/www.instagram.com\/divertisenvivo\/\",\"https:\/\/www.linkedin.com\/company\/divertis-en-vivo-viajesaconciertosyfestivales\/?viewAsMember=true\"]}]}<\/script>\n<!-- \/ Yoast SEO plugin. -->","yoast_head_json":{"title":"Divertis en Vivo Rock Fest Barcelona hotel y traslados","description":"Rock Fest Barcelona hotel y traslados 2025. Divertis en Vivo te lleva al coraz\u00f3n de Barcelona para disfrutar en vivo de Rock Fest 2025","robots":{"index":"index","follow":"follow","max-snippet":"max-snippet:-1","max-image-preview":"max-image-preview:large","max-video-preview":"max-video-preview:-1"},"canonical":"https:\/\/www.divertisenvivo.com\/eu\/producto\/rock-fest-barcelona-hotel-y-traslados\/","og_locale":"en_US","og_type":"article","og_title":"Divertis en Vivo Rock Fest Barcelona hotel y traslados","og_description":"Rock Fest Barcelona hotel y traslados 2025. Divertis en Vivo te lleva al coraz\u00f3n de Barcelona para disfrutar en vivo de Rock Fest 2025","og_url":"https:\/\/www.divertisenvivo.com\/eu\/producto\/rock-fest-barcelona-hotel-y-traslados\/","og_site_name":"Divertis en Vivo","article_publisher":"https:\/\/www.facebook.com\/divertisenvivo","article_modified_time":"2025-10-01T12:35:20+00:00","og_image":[{"width":600,"height":400,"url":"https:\/\/i0.wp.com\/www.divertisenvivo.com\/wp-content\/uploads\/2025\/01\/ROCKFEST-BCN-1.png?fit=600%2C400&ssl=1","type":"image\/png"}],"twitter_card":"summary_large_image","twitter_site":"@divertisenvivo","twitter_misc":{"Est. reading time":"2 minutua"},"schema":{"@context":"https:\/\/schema.org","@graph":[{"@type":"WebPage","@id":"https:\/\/www.divertisenvivo.com\/eu\/producto\/rock-fest-barcelona-hotel-y-traslados\/","url":"https:\/\/www.divertisenvivo.com\/eu\/producto\/rock-fest-barcelona-hotel-y-traslados\/","name":"Divertis en Vivo Rock Fest Barcelona hotel y traslados","isPartOf":{"@id":"https:\/\/www.divertisenvivo.com\/eu\/#website"},"primaryImageOfPage":{"@id":"https:\/\/www.divertisenvivo.com\/eu\/producto\/rock-fest-barcelona-hotel-y-traslados\/#primaryimage"},"image":{"@id":"https:\/\/www.divertisenvivo.com\/eu\/producto\/rock-fest-barcelona-hotel-y-traslados\/#primaryimage"},"thumbnailUrl":"https:\/\/i0.wp.com\/www.divertisenvivo.com\/wp-content\/uploads\/2025\/01\/ROCKFEST-BCN-1.png?fit=600%2C400&ssl=1","datePublished":"2025-01-09T09:21:27+00:00","dateModified":"2025-10-01T12:35:20+00:00","description":"Rock Fest Barcelona hotel y traslados 2025. Divertis en Vivo te lleva al coraz\u00f3n de Barcelona para disfrutar en vivo de Rock Fest 2025","breadcrumb":{"@id":"https:\/\/www.divertisenvivo.com\/eu\/producto\/rock-fest-barcelona-hotel-y-traslados\/#breadcrumb"},"inLanguage":"eu","potentialAction":[{"@type":"ReadAction","target":["https:\/\/www.divertisenvivo.com\/eu\/producto\/rock-fest-barcelona-hotel-y-traslados\/"]}]},{"@type":"ImageObject","inLanguage":"eu","@id":"https:\/\/www.divertisenvivo.com\/eu\/producto\/rock-fest-barcelona-hotel-y-traslados\/#primaryimage","url":"https:\/\/i0.wp.com\/www.divertisenvivo.com\/wp-content\/uploads\/2025\/01\/ROCKFEST-BCN-1.png?fit=600%2C400&ssl=1","contentUrl":"https:\/\/i0.wp.com\/www.divertisenvivo.com\/wp-content\/uploads\/2025\/01\/ROCKFEST-BCN-1.png?fit=600%2C400&ssl=1","width":600,"height":400,"caption":"rockfest"},{"@type":"BreadcrumbList","@id":"https:\/\/www.divertisenvivo.com\/eu\/producto\/rock-fest-barcelona-hotel-y-traslados\/#breadcrumb","itemListElement":[{"@type":"ListItem","position":1,"name":"Portada","item":"https:\/\/www.divertisenvivo.com\/"},{"@type":"ListItem","position":2,"name":"TIENDA","item":"https:\/\/www.divertisenvivo.com\/tienda\/"},{"@type":"ListItem","position":3,"name":"Rock Fest Barcelona hotel y traslados"}]},{"@type":"WebSite","@id":"https:\/\/www.divertisenvivo.com\/eu\/#website","url":"https:\/\/www.divertisenvivo.com\/eu\/","name":"Divertis en vivo - Viajes a eventos musicales, deportivos y culturales","description":"2007 urtetik aurrera kirol eta musika ekiteldieetara eramaten zaitugun bidaia agentzia gara: rugby, futbola, festibal eta kontzertuez goza itzazu gure eskuz.","publisher":{"@id":"https:\/\/www.divertisenvivo.com\/eu\/#organization"},"potentialAction":[{"@type":"SearchAction","target":{"@type":"EntryPoint","urlTemplate":"https:\/\/www.divertisenvivo.com\/eu\/?s={search_term_string}"},"query-input":{"@type":"PropertyValueSpecification","valueRequired":true,"valueName":"search_term_string"}}],"inLanguage":"eu"},{"@type":"Organization","@id":"https:\/\/www.divertisenvivo.com\/eu\/#organization","name":"Quieres Viajar S.L.","url":"https:\/\/www.divertisenvivo.com\/eu\/","logo":{"@type":"ImageObject","inLanguage":"eu","@id":"https:\/\/www.divertisenvivo.com\/eu\/#\/schema\/logo\/image\/","url":"https:\/\/www.divertisenvivo.com\/wp-content\/uploads\/2021\/01\/logo-e1610098969786.png","contentUrl":"https:\/\/www.divertisenvivo.com\/wp-content\/uploads\/2021\/01\/logo-e1610098969786.png","width":200,"height":139,"caption":"Quieres Viajar S.L."},"image":{"@id":"https:\/\/www.divertisenvivo.com\/eu\/#\/schema\/logo\/image\/"},"sameAs":["https:\/\/www.facebook.com\/divertisenvivo","https:\/\/x.com\/divertisenvivo","https:\/\/www.instagram.com\/divertisenvivo\/","https:\/\/www.linkedin.com\/company\/divertis-en-vivo-viajesaconciertosyfestivales\/?viewAsMember=true"]}]}},"jetpack_sharing_enabled":true,"_links":{"self":[{"href":"https:\/\/www.divertisenvivo.com\/eu\/wp-json\/wp\/v2\/product\/162137","targetHints":{"allow":["GET"]}}],"collection":[{"href":"https:\/\/www.divertisenvivo.com\/eu\/wp-json\/wp\/v2\/product"}],"about":[{"href":"https:\/\/www.divertisenvivo.com\/eu\/wp-json\/wp\/v2\/types\/product"}],"version-history":[{"count":2,"href":"https:\/\/www.divertisenvivo.com\/eu\/wp-json\/wp\/v2\/product\/162137\/revisions"}],"predecessor-version":[{"id":167292,"href":"https:\/\/www.divertisenvivo.com\/eu\/wp-json\/wp\/v2\/product\/162137\/revisions\/167292"}],"wp:featuredmedia":[{"embeddable":true,"href":"https:\/\/www.divertisenvivo.com\/eu\/wp-json\/wp\/v2\/media\/162138"}],"wp:attachment":[{"href":"https:\/\/www.divertisenvivo.com\/eu\/wp-json\/wp\/v2\/media?parent=162137"}],"wp:term":[{"taxonomy":"product_brand","embeddable":true,"href":"https:\/\/www.divertisenvivo.com\/eu\/wp-json\/wp\/v2\/product_brand?post=162137"},{"taxonomy":"product_cat","embeddable":true,"href":"https:\/\/www.divertisenvivo.com\/eu\/wp-json\/wp\/v2\/product_cat?post=162137"},{"taxonomy":"product_tag","embeddable":true,"href":"https:\/\/www.divertisenvivo.com\/eu\/wp-json\/wp\/v2\/product_tag?post=162137"}],"curies":[{"name":"wp","href":"https:\/\/api.w.org\/{rel}","templated":true}]}}