{"id":162758,"date":"2025-01-21T11:08:46","date_gmt":"2025-01-21T10:08:46","guid":{"rendered":"https:\/\/www.divertisenvivo.com\/?post_type=product&#038;p=162758"},"modified":"2025-10-02T11:39:26","modified_gmt":"2025-10-02T09:39:26","slug":"judas-priest-bilbao-2","status":"publish","type":"product","link":"https:\/\/www.divertisenvivo.com\/eu\/producto\/judas-priest-bilbao-2\/","title":{"rendered":"Judas Priest Bilbao"},"content":{"rendered":"<h1>Judas Priest Bilbao<\/h1>\n<h2><span style=\"font-family: arial, helvetica, sans-serif;\">Viajes Judas Priest Bilbao<\/span><\/h2>\n<p><span style=\"font-family: arial, helvetica, sans-serif;\">\u00a1Viaja al concierto de Judas Priest en Bilbao!<\/span><\/p>\n<p><span style=\"font-family: arial, helvetica, sans-serif;\">Emb\u00e1rcate en un viaje en autob\u00fas para disfrutar de una experiencia \u00fanica en Bilbao<\/span><\/p>\n<p><span style=\"font-family: arial, helvetica, sans-serif;\">No te pierdas la oportunidad de vivir el espectacular concierto de Judas Priest.<\/span><\/p>\n<p><span style=\"font-family: arial, helvetica, sans-serif;\">\u00a1Reserva tu plaza ahora y viaja c\u00f3modamente en autob\u00fas hasta Bilbao para ser parte de este evento inolvidable!<\/span><\/p>\n<p><span style=\"font-family: arial, helvetica, sans-serif;\"><strong>Bidaiaren ezaugarriak:<\/strong><\/span><\/p>\n<ul>\n<li><span style=\"font-family: arial, helvetica, sans-serif;\">Gure bidaia guztiak joan-etorrikoak dira.<\/span><\/li>\n<li><span style=\"font-family: arial, helvetica, sans-serif;\">Itzulerako ordutegia txartel berean adierazita dago.<\/span><\/li>\n<li><span style=\"font-family: arial, helvetica, sans-serif;\">El regreso se realizar\u00e1 desde el mismo punto donde se deja a los clientes a la ida, a no ser que el personal de Divertis en Vivo os comunique otra cosa.<\/span><\/li>\n<li><span style=\"font-family: arial, helvetica, sans-serif;\">El punto de salida se indica en el mismo billete.<\/span><\/li>\n<li><span style=\"font-family: arial, helvetica, sans-serif;\">Baieztapen emaila nahikoa da autobusa hartzeko<\/span><\/li>\n<\/ul>\n<p><span style=\"font-family: arial, helvetica, sans-serif;\">Puedes consultar toda nuestra oferta musical tanto de <a href=\"https:\/\/www.divertisenvivo.com\/eu\/product-category\/musica-en-vivo\/viajes-conciertos-musicales-entradas-oficiales\/\">Viajes a conciertos<\/a> como de <a href=\"https:\/\/www.divertisenvivo.com\/eu\/product-category\/musica-en-vivo\/viajes-festivales-musicales\/\">Viajes a festivales de m\u00fasica <\/a><\/span><\/p>\n<h2>Judas Priest Bilbao<\/h2>\n<p><span style=\"font-family: arial, helvetica, sans-serif;\"><strong>Bidaia bakoitzaren barne honako hauek dira:<\/strong><\/span><\/p>\n<ul>\n<li><span style=\"font-family: arial, helvetica, sans-serif;\">Joan-etorriko bidaia<\/span><\/li>\n<li><span style=\"font-family: arial, helvetica, sans-serif;\">Asistencia por parte del personal de Divertis en Vivo.<\/span><\/li>\n<\/ul>\n<p><span style=\"font-family: arial, helvetica, sans-serif;\"><strong>Bidaia barne EZ dagoena:<\/strong><\/span><\/p>\n<ul>\n<li><span style=\"font-family: arial, helvetica, sans-serif;\">Kontzerturako sarrerak<\/span><\/li>\n<\/ul>\n<p><span style=\"font-family: arial, helvetica, sans-serif;\"><strong>Horarios y rutas:<\/strong><\/span><\/p>\n<ul>\n<li><span style=\"font-family: arial, helvetica, sans-serif;\">Los horarios est\u00e1n sujetos a cambios que ir\u00edamos notificando en esta web (desplegable de ciudades) o a trav\u00e9s de vuestro email o SMS.<\/span><\/li>\n<li><span style=\"font-family: arial, helvetica, sans-serif;\">Es muy importante que la informaci\u00f3n proporcionada sea correcta para facilitar el contacto con todos vosotros.<\/span><\/li>\n<li><span style=\"font-family: arial, helvetica, sans-serif;\">Si deseas m\u00e1s informaci\u00f3n, puedes contactarnos a trav\u00e9s del mail: <strong><a rel=\"noopener\">musica@divertisenvivo.com<\/a>.<\/strong><\/span><\/li>\n<\/ul>\n<p><span style=\"font-family: arial, helvetica, sans-serif;\"><strong>Oharrak:<\/strong><\/span><\/p>\n<ul>\n<li><span style=\"font-family: arial, helvetica, sans-serif;\">Los horarios de los autobuses podr\u00edan sufrir alguna modificaci\u00f3n. Notificaremos por email, en ese caso, a todos los compradores esta incidencia. Aun as\u00ed, aconsejamos revisar esta web el d\u00eda anterior a la salida para confirmar los horarios.<\/span><\/li>\n<li><span style=\"font-family: arial, helvetica, sans-serif;\">Ordutegiak apur bat alda daitezke ibilbideak birprogramatzen baldin badira.<\/span><\/li>\n<li><span style=\"font-family: arial, helvetica, sans-serif;\">Taldean bazatozte eta zuen herria ez badago zerrendan, idatzi iezaguzue helbide honetara: <strong><a rel=\"noopener\">musica@divertisenvivo.com<\/a><\/strong> eta zuen eskaera aztertuko dugu, zuen herria irteera puntu berri bezala gehitzeko.<\/span><\/li>\n<\/ul>\n<p><span style=\"font-family: arial, helvetica, sans-serif;\">Consulta el resto de nuestra oferta musical aqu\u00ed:\u00a0<a href=\"https:\/\/www.divertisenvivo.com\/eu\/\" target=\"_new\" rel=\"noopener\">Home \u2013 Divertis en vivo \u2013 Viajes a eventos musicales, deportivos y culturales<\/a><\/span><\/p>\n<p><strong>S\u00edguenos en nuestras redes sociales para m\u00e1s novedades: <\/strong><a href=\"https:\/\/www.twitter.com\/\" target=\"_new\" rel=\"noopener\">X<\/a>\u00a0|\u00a0<a href=\"https:\/\/www.instagram.com\/\" target=\"_new\" rel=\"noopener\">Instagram<\/a>\u00a0|\u00a0<a href=\"https:\/\/www.facebook.com\/\" target=\"_new\" rel=\"noopener\">Facebook-en<\/a><\/p>","protected":false},"excerpt":{"rendered":"<p><span style=\"font-family: arial, helvetica, sans-serif;\"><strong>Viajes al concierto de Judas Priest &#8211; Bilbao Arena &#8211; 30 de Junio de 2025<\/strong><\/span><\/p>\n<p><span style=\"font-family: arial, helvetica, sans-serif;\">\u00a1Vive la experiencia \u00e9pica del concierto de Judas Priest con nuestro servicio de transporte!<\/span><\/p>\n<p><span style=\"font-family: arial, helvetica, sans-serif;\">Acomp\u00e1\u00f1anos en nuestros viajes organizados y despl\u00e1zate c\u00f3modamente en nuestros autobuses de ida y vuelta.<\/span><\/p>\n<p><span style=\"font-family: arial, helvetica, sans-serif;\">Olv\u00eddate del estr\u00e9s del viaje y de buscar aparcamiento.<\/span><\/p>\n<p><span style=\"font-family: arial, helvetica, sans-serif;\">Reserva ya tu plaza y asegura tu traslado para una noche inolvidable con Judas Priest en Bilbao.<\/span><\/p>\n<p><span style=\"font-family: arial, helvetica, sans-serif;\">Revisa nuestros puntos de salida y comprueba si tu localidad est\u00e1 incluida en la lista.<\/span><\/p>\n<p><span style=\"font-family: arial, helvetica, sans-serif;\">Si necesitas realizar alguna consulta, no dudes en escribirnos al correo: <strong><a rel=\"noopener\">musica@divertisenvivo.com<\/a>.<\/strong><\/span><\/p>","protected":false},"featured_media":161641,"template":"","meta":{"_acf_changed":false},"product_brand":[],"product_cat":[15],"product_tag":[],"class_list":{"0":"post-162758","1":"product","2":"type-product","3":"status-publish","4":"has-post-thumbnail","6":"product_cat-sin-categoria","8":"first","9":"outofstock","10":"shipping-taxable","11":"purchasable","12":"product-type-simple"},"acf":[],"wooqr_code":"","yoast_head":"<!-- This site is optimized with the Yoast SEO plugin v27.6 - https:\/\/yoast.com\/product\/yoast-seo-wordpress\/ -->\n<title>Judas Priest Bilbao | Divertis en Vivo<\/title>\n<meta name=\"description\" content=\"Viajes Judas Priest Bilbao. Viaja con nosotros a Bilbao para ir al concierto de Judas Priest. Reserva y no te quedes sin tu plaza.\" \/>\n<meta name=\"robots\" content=\"index, follow, max-snippet:-1, max-image-preview:large, max-video-preview:-1\" \/>\n<link rel=\"canonical\" href=\"https:\/\/www.divertisenvivo.com\/eu\/producto\/judas-priest-bilbao-2\/\" \/>\n<meta property=\"og:locale\" content=\"en_US\" \/>\n<meta property=\"og:type\" content=\"article\" \/>\n<meta property=\"og:title\" content=\"Judas Priest Bilbao | Divertis en Vivo\" \/>\n<meta property=\"og:description\" content=\"Viajes Judas Priest Bilbao. Viaja con nosotros a Bilbao para ir al concierto de Judas Priest. Reserva y no te quedes sin tu plaza.\" \/>\n<meta property=\"og:url\" content=\"https:\/\/www.divertisenvivo.com\/eu\/producto\/judas-priest-bilbao-2\/\" \/>\n<meta property=\"og:site_name\" content=\"Divertis en Vivo\" \/>\n<meta property=\"article:publisher\" content=\"https:\/\/www.facebook.com\/divertisenvivo\" \/>\n<meta property=\"article:modified_time\" content=\"2025-10-02T09:39:26+00:00\" \/>\n<meta property=\"og:image\" content=\"https:\/\/i0.wp.com\/www.divertisenvivo.com\/wp-content\/uploads\/2024\/12\/Diseno-sin-titulo-1.png?fit=600%2C400&ssl=1\" \/>\n\t<meta property=\"og:image:width\" content=\"600\" \/>\n\t<meta property=\"og:image:height\" content=\"400\" \/>\n\t<meta property=\"og:image:type\" content=\"image\/png\" \/>\n<meta name=\"twitter:card\" content=\"summary_large_image\" \/>\n<meta name=\"twitter:site\" content=\"@divertisenvivo\" \/>\n<meta name=\"twitter:label1\" content=\"Est. reading time\" \/>\n\t<meta name=\"twitter:data1\" content=\"2 minutua\" \/>\n<script type=\"application\/ld+json\" class=\"yoast-schema-graph\">{\"@context\":\"https:\\\/\\\/schema.org\",\"@graph\":[{\"@type\":\"WebPage\",\"@id\":\"https:\\\/\\\/www.divertisenvivo.com\\\/eu\\\/producto\\\/judas-priest-bilbao-2\\\/\",\"url\":\"https:\\\/\\\/www.divertisenvivo.com\\\/eu\\\/producto\\\/judas-priest-bilbao-2\\\/\",\"name\":\"Judas Priest Bilbao | Divertis en Vivo\",\"isPartOf\":{\"@id\":\"https:\\\/\\\/www.divertisenvivo.com\\\/eu\\\/#website\"},\"primaryImageOfPage\":{\"@id\":\"https:\\\/\\\/www.divertisenvivo.com\\\/eu\\\/producto\\\/judas-priest-bilbao-2\\\/#primaryimage\"},\"image\":{\"@id\":\"https:\\\/\\\/www.divertisenvivo.com\\\/eu\\\/producto\\\/judas-priest-bilbao-2\\\/#primaryimage\"},\"thumbnailUrl\":\"https:\\\/\\\/i0.wp.com\\\/www.divertisenvivo.com\\\/wp-content\\\/uploads\\\/2024\\\/12\\\/Diseno-sin-titulo-1.png?fit=600%2C400&ssl=1\",\"datePublished\":\"2025-01-21T10:08:46+00:00\",\"dateModified\":\"2025-10-02T09:39:26+00:00\",\"description\":\"Viajes Judas Priest Bilbao. Viaja con nosotros a Bilbao para ir al concierto de Judas Priest. Reserva y no te quedes sin tu plaza.\",\"breadcrumb\":{\"@id\":\"https:\\\/\\\/www.divertisenvivo.com\\\/eu\\\/producto\\\/judas-priest-bilbao-2\\\/#breadcrumb\"},\"inLanguage\":\"eu\",\"potentialAction\":[{\"@type\":\"ReadAction\",\"target\":[\"https:\\\/\\\/www.divertisenvivo.com\\\/eu\\\/producto\\\/judas-priest-bilbao-2\\\/\"]}]},{\"@type\":\"ImageObject\",\"inLanguage\":\"eu\",\"@id\":\"https:\\\/\\\/www.divertisenvivo.com\\\/eu\\\/producto\\\/judas-priest-bilbao-2\\\/#primaryimage\",\"url\":\"https:\\\/\\\/i0.wp.com\\\/www.divertisenvivo.com\\\/wp-content\\\/uploads\\\/2024\\\/12\\\/Diseno-sin-titulo-1.png?fit=600%2C400&ssl=1\",\"contentUrl\":\"https:\\\/\\\/i0.wp.com\\\/www.divertisenvivo.com\\\/wp-content\\\/uploads\\\/2024\\\/12\\\/Diseno-sin-titulo-1.png?fit=600%2C400&ssl=1\",\"width\":600,\"height\":400,\"caption\":\"Judas Priest Bilbao\"},{\"@type\":\"BreadcrumbList\",\"@id\":\"https:\\\/\\\/www.divertisenvivo.com\\\/eu\\\/producto\\\/judas-priest-bilbao-2\\\/#breadcrumb\",\"itemListElement\":[{\"@type\":\"ListItem\",\"position\":1,\"name\":\"Portada\",\"item\":\"https:\\\/\\\/www.divertisenvivo.com\\\/\"},{\"@type\":\"ListItem\",\"position\":2,\"name\":\"TIENDA\",\"item\":\"https:\\\/\\\/www.divertisenvivo.com\\\/tienda\\\/\"},{\"@type\":\"ListItem\",\"position\":3,\"name\":\"Judas Priest Bilbao\"}]},{\"@type\":\"WebSite\",\"@id\":\"https:\\\/\\\/www.divertisenvivo.com\\\/eu\\\/#website\",\"url\":\"https:\\\/\\\/www.divertisenvivo.com\\\/eu\\\/\",\"name\":\"Divertis en vivo - Viajes a eventos musicales, deportivos y culturales\",\"description\":\"Desde 2007, somos tu agencia de viajes para disfrutar de tus eventos deportivos (Rugby, Futbol) y de tus eventos musicales (festivales y conciertos)\",\"publisher\":{\"@id\":\"https:\\\/\\\/www.divertisenvivo.com\\\/eu\\\/#organization\"},\"potentialAction\":[{\"@type\":\"SearchAction\",\"target\":{\"@type\":\"EntryPoint\",\"urlTemplate\":\"https:\\\/\\\/www.divertisenvivo.com\\\/eu\\\/?s={search_term_string}\"},\"query-input\":{\"@type\":\"PropertyValueSpecification\",\"valueRequired\":true,\"valueName\":\"search_term_string\"}}],\"inLanguage\":\"eu\"},{\"@type\":\"Organization\",\"@id\":\"https:\\\/\\\/www.divertisenvivo.com\\\/eu\\\/#organization\",\"name\":\"Quieres Viajar S.L.\",\"url\":\"https:\\\/\\\/www.divertisenvivo.com\\\/eu\\\/\",\"logo\":{\"@type\":\"ImageObject\",\"inLanguage\":\"eu\",\"@id\":\"https:\\\/\\\/www.divertisenvivo.com\\\/eu\\\/#\\\/schema\\\/logo\\\/image\\\/\",\"url\":\"https:\\\/\\\/www.divertisenvivo.com\\\/wp-content\\\/uploads\\\/2021\\\/01\\\/logo-e1610098969786.png\",\"contentUrl\":\"https:\\\/\\\/www.divertisenvivo.com\\\/wp-content\\\/uploads\\\/2021\\\/01\\\/logo-e1610098969786.png\",\"width\":200,\"height\":139,\"caption\":\"Quieres Viajar S.L.\"},\"image\":{\"@id\":\"https:\\\/\\\/www.divertisenvivo.com\\\/eu\\\/#\\\/schema\\\/logo\\\/image\\\/\"},\"sameAs\":[\"https:\\\/\\\/www.facebook.com\\\/divertisenvivo\",\"https:\\\/\\\/x.com\\\/divertisenvivo\",\"https:\\\/\\\/www.instagram.com\\\/divertisenvivo\\\/\",\"https:\\\/\\\/www.linkedin.com\\\/company\\\/divertis-en-vivo-viajesaconciertosyfestivales\\\/?viewAsMember=true\"]}]}<\/script>\n<!-- \/ Yoast SEO plugin. -->","yoast_head_json":{"title":"Judas Priest Bilbao | Divertis en Vivo","description":"Viajes Judas Priest Bilbao. Viaja con nosotros a Bilbao para ir al concierto de Judas Priest. Reserva y no te quedes sin tu plaza.","robots":{"index":"index","follow":"follow","max-snippet":"max-snippet:-1","max-image-preview":"max-image-preview:large","max-video-preview":"max-video-preview:-1"},"canonical":"https:\/\/www.divertisenvivo.com\/eu\/producto\/judas-priest-bilbao-2\/","og_locale":"en_US","og_type":"article","og_title":"Judas Priest Bilbao | Divertis en Vivo","og_description":"Viajes Judas Priest Bilbao. Viaja con nosotros a Bilbao para ir al concierto de Judas Priest. Reserva y no te quedes sin tu plaza.","og_url":"https:\/\/www.divertisenvivo.com\/eu\/producto\/judas-priest-bilbao-2\/","og_site_name":"Divertis en Vivo","article_publisher":"https:\/\/www.facebook.com\/divertisenvivo","article_modified_time":"2025-10-02T09:39:26+00:00","og_image":[{"width":600,"height":400,"url":"https:\/\/i0.wp.com\/www.divertisenvivo.com\/wp-content\/uploads\/2024\/12\/Diseno-sin-titulo-1.png?fit=600%2C400&ssl=1","type":"image\/png"}],"twitter_card":"summary_large_image","twitter_site":"@divertisenvivo","twitter_misc":{"Est. reading time":"2 minutua"},"schema":{"@context":"https:\/\/schema.org","@graph":[{"@type":"WebPage","@id":"https:\/\/www.divertisenvivo.com\/eu\/producto\/judas-priest-bilbao-2\/","url":"https:\/\/www.divertisenvivo.com\/eu\/producto\/judas-priest-bilbao-2\/","name":"Judas Priest Bilbao | Divertis en Vivo","isPartOf":{"@id":"https:\/\/www.divertisenvivo.com\/eu\/#website"},"primaryImageOfPage":{"@id":"https:\/\/www.divertisenvivo.com\/eu\/producto\/judas-priest-bilbao-2\/#primaryimage"},"image":{"@id":"https:\/\/www.divertisenvivo.com\/eu\/producto\/judas-priest-bilbao-2\/#primaryimage"},"thumbnailUrl":"https:\/\/i0.wp.com\/www.divertisenvivo.com\/wp-content\/uploads\/2024\/12\/Diseno-sin-titulo-1.png?fit=600%2C400&ssl=1","datePublished":"2025-01-21T10:08:46+00:00","dateModified":"2025-10-02T09:39:26+00:00","description":"Viajes Judas Priest Bilbao. Viaja con nosotros a Bilbao para ir al concierto de Judas Priest. Reserva y no te quedes sin tu plaza.","breadcrumb":{"@id":"https:\/\/www.divertisenvivo.com\/eu\/producto\/judas-priest-bilbao-2\/#breadcrumb"},"inLanguage":"eu","potentialAction":[{"@type":"ReadAction","target":["https:\/\/www.divertisenvivo.com\/eu\/producto\/judas-priest-bilbao-2\/"]}]},{"@type":"ImageObject","inLanguage":"eu","@id":"https:\/\/www.divertisenvivo.com\/eu\/producto\/judas-priest-bilbao-2\/#primaryimage","url":"https:\/\/i0.wp.com\/www.divertisenvivo.com\/wp-content\/uploads\/2024\/12\/Diseno-sin-titulo-1.png?fit=600%2C400&ssl=1","contentUrl":"https:\/\/i0.wp.com\/www.divertisenvivo.com\/wp-content\/uploads\/2024\/12\/Diseno-sin-titulo-1.png?fit=600%2C400&ssl=1","width":600,"height":400,"caption":"Judas Priest Bilbao"},{"@type":"BreadcrumbList","@id":"https:\/\/www.divertisenvivo.com\/eu\/producto\/judas-priest-bilbao-2\/#breadcrumb","itemListElement":[{"@type":"ListItem","position":1,"name":"Portada","item":"https:\/\/www.divertisenvivo.com\/"},{"@type":"ListItem","position":2,"name":"TIENDA","item":"https:\/\/www.divertisenvivo.com\/tienda\/"},{"@type":"ListItem","position":3,"name":"Judas Priest Bilbao"}]},{"@type":"WebSite","@id":"https:\/\/www.divertisenvivo.com\/eu\/#website","url":"https:\/\/www.divertisenvivo.com\/eu\/","name":"Divertis en vivo - Viajes a eventos musicales, deportivos y culturales","description":"2007 urtetik aurrera kirol eta musika ekiteldieetara eramaten zaitugun bidaia agentzia gara: rugby, futbola, festibal eta kontzertuez goza itzazu gure eskuz.","publisher":{"@id":"https:\/\/www.divertisenvivo.com\/eu\/#organization"},"potentialAction":[{"@type":"SearchAction","target":{"@type":"EntryPoint","urlTemplate":"https:\/\/www.divertisenvivo.com\/eu\/?s={search_term_string}"},"query-input":{"@type":"PropertyValueSpecification","valueRequired":true,"valueName":"search_term_string"}}],"inLanguage":"eu"},{"@type":"Organization","@id":"https:\/\/www.divertisenvivo.com\/eu\/#organization","name":"Quieres Viajar S.L.","url":"https:\/\/www.divertisenvivo.com\/eu\/","logo":{"@type":"ImageObject","inLanguage":"eu","@id":"https:\/\/www.divertisenvivo.com\/eu\/#\/schema\/logo\/image\/","url":"https:\/\/www.divertisenvivo.com\/wp-content\/uploads\/2021\/01\/logo-e1610098969786.png","contentUrl":"https:\/\/www.divertisenvivo.com\/wp-content\/uploads\/2021\/01\/logo-e1610098969786.png","width":200,"height":139,"caption":"Quieres Viajar S.L."},"image":{"@id":"https:\/\/www.divertisenvivo.com\/eu\/#\/schema\/logo\/image\/"},"sameAs":["https:\/\/www.facebook.com\/divertisenvivo","https:\/\/x.com\/divertisenvivo","https:\/\/www.instagram.com\/divertisenvivo\/","https:\/\/www.linkedin.com\/company\/divertis-en-vivo-viajesaconciertosyfestivales\/?viewAsMember=true"]}]}},"jetpack_sharing_enabled":true,"_links":{"self":[{"href":"https:\/\/www.divertisenvivo.com\/eu\/wp-json\/wp\/v2\/product\/162758","targetHints":{"allow":["GET"]}}],"collection":[{"href":"https:\/\/www.divertisenvivo.com\/eu\/wp-json\/wp\/v2\/product"}],"about":[{"href":"https:\/\/www.divertisenvivo.com\/eu\/wp-json\/wp\/v2\/types\/product"}],"version-history":[{"count":3,"href":"https:\/\/www.divertisenvivo.com\/eu\/wp-json\/wp\/v2\/product\/162758\/revisions"}],"predecessor-version":[{"id":166131,"href":"https:\/\/www.divertisenvivo.com\/eu\/wp-json\/wp\/v2\/product\/162758\/revisions\/166131"}],"wp:featuredmedia":[{"embeddable":true,"href":"https:\/\/www.divertisenvivo.com\/eu\/wp-json\/wp\/v2\/media\/161641"}],"wp:attachment":[{"href":"https:\/\/www.divertisenvivo.com\/eu\/wp-json\/wp\/v2\/media?parent=162758"}],"wp:term":[{"taxonomy":"product_brand","embeddable":true,"href":"https:\/\/www.divertisenvivo.com\/eu\/wp-json\/wp\/v2\/product_brand?post=162758"},{"taxonomy":"product_cat","embeddable":true,"href":"https:\/\/www.divertisenvivo.com\/eu\/wp-json\/wp\/v2\/product_cat?post=162758"},{"taxonomy":"product_tag","embeddable":true,"href":"https:\/\/www.divertisenvivo.com\/eu\/wp-json\/wp\/v2\/product_tag?post=162758"}],"curies":[{"name":"wp","href":"https:\/\/api.w.org\/{rel}","templated":true}]}}