{"id":162760,"date":"2025-02-12T12:24:12","date_gmt":"2025-02-12T11:24:12","guid":{"rendered":"https:\/\/www.divertisenvivo.com\/?post_type=product&#038;p=162760"},"modified":"2025-10-01T14:37:24","modified_gmt":"2025-10-01T12:37:24","slug":"euskal-metalheads-fest-2","status":"publish","type":"product","link":"https:\/\/www.divertisenvivo.com\/eu\/producto\/euskal-metalheads-fest-8\/","title":{"rendered":"Euskal Metalheads Fest"},"content":{"rendered":"<h2><span style=\"font-family: arial, helvetica, sans-serif;\">Euskal Metalheads Fest Bidaiak<\/span><\/h2>\n<p><span style=\"font-family: arial, helvetica, sans-serif;\">Reserva tu plaza en nuestros viajes oficiales al <strong>Euskal Metalheads Fest\u00a0 2025<\/strong> que se celebrar\u00e1 en Bilbao.\u00a0<\/span><\/p>\n<ul>\n<li><span style=\"font-family: arial, helvetica, sans-serif;\">Gure bidaia guztiak joan-etorrikoak dira.<\/span><\/li>\n<li><span style=\"font-family: arial, helvetica, sans-serif;\">Zure plaza eskuratzeko, mapan hautatu abiapuntua eta helmuga.<\/span><\/li>\n<li><span style=\"font-family: arial, helvetica, sans-serif;\">Itzulerako ordutegia txartel berean adierazita dago eta bezeroak joan-etorrerakoan utzitako toki berean egingo da, Divertis en Vivo-ko langileek bestela jakinarazten ez badute.<\/span><\/li>\n<li><span style=\"font-family: arial, helvetica, sans-serif;\">Abiapuntua eta ordua txartelan bertan adierazita daude.<\/span><\/li>\n<li><span style=\"font-family: arial, helvetica, sans-serif;\">Itzulera Jailadia bukatu eta 30 minutura izango da.<\/span><\/li>\n<li><span style=\"font-family: arial, helvetica, sans-serif;\">Baieztapen emaila nahikoa da autobusa hartzeko<\/span><\/li>\n<\/ul>\n<p><span style=\"font-family: arial, helvetica, sans-serif; font-size: 12pt;\"><strong>Bidaia bakoitzaren barne honako hauek dira:<\/strong><\/span><\/p>\n<ul>\n<li><span style=\"font-family: arial, helvetica, sans-serif; font-size: 12pt;\">Joan-etorriko bidaia<\/span><\/li>\n<li><span style=\"font-family: arial, helvetica, sans-serif; font-size: 12pt;\">Divertis en Vivo-ren langileen arreta.<\/span><\/li>\n<\/ul>\n<p><span style=\"font-family: arial, helvetica, sans-serif; font-size: 12pt;\"><strong>Bidaia barne EZ dagoena:<\/strong><\/span><\/p>\n<ul>\n<li><span style=\"font-family: arial, helvetica, sans-serif; font-size: 12pt;\">Jaialdirako sarrerak<\/span><\/li>\n<\/ul>\n<p><span style=\"font-family: arial, helvetica, sans-serif; color: #000000;\"><strong>Ordutegia eta ibilbideak<\/strong> <\/span><\/p>\n<p><span style=\"font-family: arial, helvetica, sans-serif;\">Los horarios est\u00e1n sujetos a cambios que ir\u00edamos notificando en esta web (desplegable de ciudades) o a trav\u00e9s de <strong>vuestro email o SMS<\/strong>. <\/span><\/p>\n<p><span style=\"font-family: arial, helvetica, sans-serif;\">Oso garrantzitsua da emandako kontaktu-informazioa zuzena izatea, horrela zurekin harremana errazteko<\/span><\/p>\n<p class=\"translation-block\"><span style=\"font-family: arial, helvetica, sans-serif\">Informazio gehiago nahiez gero, bota emaila hurrengo helbidera <a href=\"mailto:musica@divertisenvivo.com\" target=\"_self\">musica@divertisenvivo.com<\/a><\/span><\/p>\n<p class=\"translation-block\">Gure musika eskaintza hemen  <a href=\"https:\/\/www.divertisenvivo.com\/eu\/product-category\/musica-en-vivo\/viajes-conciertos-musicales-entradas-oficiales\/\" target=\"_self\">Kontzertuetara bidaiak<\/a> edo hemen <a href=\"https:\/\/www.divertisenvivo.com\/eu\/product-category\/musica-en-vivo\/viajes-festivales-musicales\/\" target=\"_self\">Jaialdietara bidaiak<\/a><\/span> kontsulta dezakezu<\/p>\n<p><span style=\"font-family: arial, helvetica, sans-serif;\"><strong>Oharrak:<\/strong><\/span><\/p>\n<ul>\n<li><span style=\"font-family: arial, helvetica, sans-serif;\">Autobusen ordutegiek aldaketaren bat izan dezakete. Aldaketak daudenean bakarrik jakinaraziko diegu erosle guztiei emailez.<\/span><\/li>\n<li><span style=\"font-family: arial, helvetica, sans-serif;\">Ordutegiak apur bat alda daitezke ibilbideak birprogramatzen baldin badira.<\/span><\/li>\n<li><span style=\"font-family: arial, helvetica, sans-serif;\">Taldean bazatozte eta zuen herria ez badago zerrendan, idatzi iezaguzue helbide honetara: <a href=\"mailto:musica@divertisenvivo.com\">musica@divertisenvivo.com<\/a> eta zuen eskaera aztertuko dugu, zuen herria irteera puntu berri bezala gehitzeko.<\/span><\/li>\n<\/ul>\n<p>_____________________________________________________________________________________________________<\/p>\n<h2><span style=\"font-family: arial, helvetica, sans-serif;\">Euskal Metalheads Fest: bidaia ofizialak Bilbora<\/span><\/h2>\n<p><span style=\"font-family: arial, helvetica, sans-serif;\">Erreserbatu zure lekua Bilbon egingo den Euskal Metalheads Fest 2025erako bidaia ofizialetan.<\/span><\/p>\n<ul>\n<li><span style=\"font-family: arial, helvetica, sans-serif;\">Joan-etorriko bidaiak saltzen ditugu.<\/span><\/li>\n<li><span style=\"font-family: arial, helvetica, sans-serif;\">Zure plaza eskuratzeko, goitibeherako menuan irteerako herria bilatu eta Bilbora joango zareten pertsonen kopurua erreserbatu besterik ez duzu egin behar.<\/span><\/li>\n<li><span style=\"font-family: arial, helvetica, sans-serif;\">Itzuleraren ordutegia txartel berean adierazten da, eta bezeroei utzitako toki berberatik aterako gara itzuleran, salbu eta Divertis en Vivo-ko langileek kontrakoa jakinarazten badute.<\/span><\/li>\n<li><span style=\"font-family: arial, helvetica, sans-serif;\">Irteera-puntua eta ordua txartel berean adierazten dira.<\/span><\/li>\n<li><span style=\"font-family: arial, helvetica, sans-serif;\">Autobusan sartzeko salmentaren baieztapen emaila nahikoa da<\/span><\/li>\n<li><span style=\"font-family: arial, helvetica, sans-serif;\">Jaialdia amaitu eta 30 minutura itzultzea adostutako irteera puntura.<\/span><\/li>\n<\/ul>\n<p><strong><span style=\"font-family: arial, helvetica, sans-serif;\">Prezioak honako hauek barne ditu:<\/span><\/strong><\/p>\n<ul>\n<li><span style=\"font-family: arial, helvetica, sans-serif;\">Joan-etorriko autobus-bidaia zure herritik Bilbora.<\/span><\/li>\n<li><span style=\"font-family: arial, helvetica, sans-serif;\">Divertis en Vivo-ko langileen laguntza ibilbide osoan.<\/span><\/li>\n<\/ul>\n<p><span style=\"font-family: arial, helvetica, sans-serif; color: #9e0909;\"><strong>Prezioak ez du jaialdiaren sarrerak barne<\/strong><\/span><\/p>\n<p><strong><span style=\"font-family: arial, helvetica, sans-serif;\">Ordutegiak eta ibilbideak:<\/span><\/strong><\/p>\n<ul>\n<li><span style=\"font-family: arial, helvetica, sans-serif;\">Ordutegiak aldateke dira. Edozein aldaketa izanez gero, web orri honen bidez (hirien atala) edo email\/SMS bidez jakinaraziko dizugu.<\/span><\/li>\n<li><span style=\"font-family: arial, helvetica, sans-serif;\">Oso garrantzitsua da emandako kontaktu-informazioa zuzena izatea, zuekiko harremana errazteko.<\/span><\/li>\n<\/ul>\n<p><strong><span style=\"font-family: arial, helvetica, sans-serif;\">Oharrak:<\/span><\/strong><\/p>\n<ul>\n<li><span style=\"font-family: arial, helvetica, sans-serif;\">Autobusen ordutegiek aldaketaren bat izan dezakete. Aldaketak daudenean bakarrik jakinaraziko diegu erosle guztiei emailez.<\/span><\/li>\n<li><span style=\"font-family: arial, helvetica, sans-serif;\">Irteeraren aurreko egunean webgune hau berrikustea gomendatzen dugu, azken ordutegiak berresteko.<\/span><\/li>\n<li><span style=\"font-family: arial, helvetica, sans-serif;\">Talde bat bazara eta zure herria ez badago aukeren artean, bota mezua <a href=\"mailto:musica@divertisenvivo.com\">musica@divertisenvivo.com<\/a> helbidera eta zure herria irteera-puntu berri gisa sartzeko aukera aztertuko dugu.<\/span><\/li>\n<\/ul>\n<p><strong><span style=\"font-family: arial, helvetica, sans-serif;\">Ez geldi plazarik gabe eta ziurtatu zure bidaia!<\/span><\/strong><\/p>\n<p><span style=\"font-family: arial, helvetica, sans-serif;\">Kontsultatu gure gainerako musika eskaintza <a href=\"https:\/\/www.divertisenvivo.com\/eu\/\">hemen<\/a><\/span><\/p>\n<p><span style=\"font-family: arial, helvetica, sans-serif;\">Jarraitu gure sare sozialetan nobedade gehiagorako: <a href=\"http:\/\/twitter.com\/divertisenvivo\">X<\/a> <a href=\"http:\/\/instagram.com\/divertisenvivo\">Instagram<\/a> eta<a href=\"http:\/\/facebook.com\/divertisenvivo\"> Facebook-en<\/a>-en<\/span><\/p>\n<p><span style=\"font-family: arial, helvetica, sans-serif;\">Informazio gehiago nahi izanez gero, bota emaila: <a href=\"mailto:musica@divertisenvivo.com\">musica@divertisenvivo.com<\/a><\/span><\/p>\n<p>&nbsp;<\/p>","protected":false},"excerpt":{"rendered":"<h1><span style=\"font-family: arial, helvetica, sans-serif;\">Euskal Metalheads Fest: Bidaia ofizialak<\/span><\/h1>\n<h2><strong><span style=\"font-family: arial, helvetica, sans-serif;\">Bilbon, 2025eko urriaren 18a<\/span><\/strong><\/h2>\n<p><span style=\"font-weight: 400; font-family: arial, helvetica, sans-serif; font-size: 12pt;\">Gorde hemen Bilboko jaialdira joateko zure autobus tokia..\u00a0<\/span><\/p>\n<p class=\"translation-block\"><span style=\"font-weight: 400;font-family: arial, helvetica, sans-serif;font-size: 12pt\">Edozein kontsulta baduzu, bota emaila: <a href=\"mailto:musica@divertisenvivo.com\" target=\"_self\">musica@divertisenvivo.com<\/a><\/span><\/p>\n<p class=\"translation-block\"><span style=\"font-family: arial, helvetica, sans-serif;font-size: 12pt\"><span style=\"font-weight: 400\">jarrai gaitzakezu beste kontzertu edo jaialdien berri edukitzeko.<\/span><a href=\"https:\/\/twitter.com\/divertisenvivo?lang=es\" target=\"_self\"> X<\/a><a href=\"https:\/\/www.instagram.com\/divertisenvivo\/?hl=es\" target=\"_self\"> <span style=\"font-weight: 400\">Instagram<\/span><\/a><span style=\"font-weight: 400\"> y <\/span><a href=\"https:\/\/www.facebook.com\/divertisenvivo\/?locale=es_ES\" target=\"_self\"><span style=\"font-weight: 400\">Facebook<\/span><\/a><\/span><\/p>\n<p>__________________________________________________________<\/p>\n<h2><span style=\"font-family: arial, helvetica, sans-serif;\">Euskal Metalheads Fest: Bidaia ofizialak<\/span><\/h2>\n<h3><span style=\"font-family: arial, helvetica, sans-serif;\">Bilbon, 2025eko urriaren 18a<\/span><\/h3>\n<p><span style=\"font-family: arial, helvetica, sans-serif;\">Gorde hemen Bilboko jaialdira joateko zure autobus tokia..<\/span><\/p>\n<p><span style=\"font-family: arial, helvetica, sans-serif;\">Edozein kontsulta baduzu, bota emaila: <a href=\"mailto:musica@divertisenvivo.com\">musica@divertisenvivo.com<\/a><\/span><\/p>\n<p><span style=\"font-family: arial, helvetica, sans-serif;\"><a href=\"http:\/\/twitter.com\/divertisenvivo\">X<\/a>,\u00a0 <a href=\"http:\/\/twitter.com\/divertisenvivo\">Instagramen<\/a> eta <a href=\"http:\/\/facebook.com\/divertisenvivo\">Facebooken<\/a> jarrai gaitzakezu beste kontzertu edo jaialdien berri edukitzeko.<\/span><\/p>","protected":false},"featured_media":164814,"template":"","meta":{"_acf_changed":false},"product_brand":[],"product_cat":[15],"product_tag":[],"class_list":{"0":"post-162760","1":"product","2":"type-product","3":"status-publish","4":"has-post-thumbnail","6":"product_cat-sin-categoria","8":"first","9":"outofstock","10":"shipping-taxable","11":"purchasable","12":"product-type-simple"},"acf":[],"wooqr_code":"","yoast_head":"<!-- This site is optimized with the Yoast SEO plugin v25.9 - https:\/\/yoast.com\/wordpress\/plugins\/seo\/ -->\n<title>Euskal Metalheads Fest - Divertis en Vivo<\/title>\n<meta name=\"description\" content=\"Euskal Metalheads Fest. Consulta nuestros puntos de salida para disfrutar de una noche \u00fanica. Divertis en Vivo se encarga de toda la gesti\u00f3n.\" \/>\n<meta name=\"robots\" content=\"index, follow, max-snippet:-1, max-image-preview:large, max-video-preview:-1\" \/>\n<link rel=\"canonical\" href=\"https:\/\/www.divertisenvivo.com\/eu\/producto\/euskal-metalheads-fest-8\/\" \/>\n<meta property=\"og:locale\" content=\"en_US\" \/>\n<meta property=\"og:type\" content=\"article\" \/>\n<meta property=\"og:title\" content=\"Euskal Metalheads Fest - Divertis en Vivo\" \/>\n<meta property=\"og:description\" content=\"Euskal Metalheads Fest. Consulta nuestros puntos de salida para disfrutar de una noche \u00fanica. Divertis en Vivo se encarga de toda la gesti\u00f3n.\" \/>\n<meta property=\"og:url\" content=\"https:\/\/www.divertisenvivo.com\/eu\/producto\/euskal-metalheads-fest-8\/\" \/>\n<meta property=\"og:site_name\" content=\"Divertis en Vivo\" \/>\n<meta property=\"article:publisher\" content=\"https:\/\/www.facebook.com\/divertisenvivo\" \/>\n<meta property=\"article:modified_time\" content=\"2025-10-01T12:37:24+00:00\" \/>\n<meta property=\"og:image\" content=\"https:\/\/i0.wp.com\/www.divertisenvivo.com\/wp-content\/uploads\/2025\/02\/Euskal-Metalheads-Fest-600-x-400-px.png?fit=600%2C400&ssl=1\" \/>\n\t<meta property=\"og:image:width\" content=\"600\" \/>\n\t<meta property=\"og:image:height\" content=\"400\" \/>\n\t<meta property=\"og:image:type\" content=\"image\/png\" \/>\n<meta name=\"twitter:card\" content=\"summary_large_image\" \/>\n<meta name=\"twitter:site\" content=\"@divertisenvivo\" \/>\n<meta name=\"twitter:label1\" content=\"Est. reading time\" \/>\n\t<meta name=\"twitter:data1\" content=\"3 minutua\" \/>\n<script type=\"application\/ld+json\" class=\"yoast-schema-graph\">{\"@context\":\"https:\/\/schema.org\",\"@graph\":[{\"@type\":\"WebPage\",\"@id\":\"https:\/\/www.divertisenvivo.com\/eu\/producto\/euskal-metalheads-fest-8\/\",\"url\":\"https:\/\/www.divertisenvivo.com\/eu\/producto\/euskal-metalheads-fest-8\/\",\"name\":\"Euskal Metalheads Fest - Divertis en Vivo\",\"isPartOf\":{\"@id\":\"https:\/\/www.divertisenvivo.com\/eu\/#website\"},\"primaryImageOfPage\":{\"@id\":\"https:\/\/www.divertisenvivo.com\/eu\/producto\/euskal-metalheads-fest-8\/#primaryimage\"},\"image\":{\"@id\":\"https:\/\/www.divertisenvivo.com\/eu\/producto\/euskal-metalheads-fest-8\/#primaryimage\"},\"thumbnailUrl\":\"https:\/\/i0.wp.com\/www.divertisenvivo.com\/wp-content\/uploads\/2025\/02\/Euskal-Metalheads-Fest-600-x-400-px.png?fit=600%2C400&ssl=1\",\"datePublished\":\"2025-02-12T11:24:12+00:00\",\"dateModified\":\"2025-10-01T12:37:24+00:00\",\"description\":\"Euskal Metalheads Fest. Consulta nuestros puntos de salida para disfrutar de una noche \u00fanica. Divertis en Vivo se encarga de toda la gesti\u00f3n.\",\"breadcrumb\":{\"@id\":\"https:\/\/www.divertisenvivo.com\/eu\/producto\/euskal-metalheads-fest-8\/#breadcrumb\"},\"inLanguage\":\"eu\",\"potentialAction\":[{\"@type\":\"ReadAction\",\"target\":[\"https:\/\/www.divertisenvivo.com\/eu\/producto\/euskal-metalheads-fest-8\/\"]}]},{\"@type\":\"ImageObject\",\"inLanguage\":\"eu\",\"@id\":\"https:\/\/www.divertisenvivo.com\/eu\/producto\/euskal-metalheads-fest-8\/#primaryimage\",\"url\":\"https:\/\/i0.wp.com\/www.divertisenvivo.com\/wp-content\/uploads\/2025\/02\/Euskal-Metalheads-Fest-600-x-400-px.png?fit=600%2C400&ssl=1\",\"contentUrl\":\"https:\/\/i0.wp.com\/www.divertisenvivo.com\/wp-content\/uploads\/2025\/02\/Euskal-Metalheads-Fest-600-x-400-px.png?fit=600%2C400&ssl=1\",\"width\":600,\"height\":400},{\"@type\":\"BreadcrumbList\",\"@id\":\"https:\/\/www.divertisenvivo.com\/eu\/producto\/euskal-metalheads-fest-8\/#breadcrumb\",\"itemListElement\":[{\"@type\":\"ListItem\",\"position\":1,\"name\":\"Portada\",\"item\":\"https:\/\/www.divertisenvivo.com\/\"},{\"@type\":\"ListItem\",\"position\":2,\"name\":\"TIENDA\",\"item\":\"https:\/\/www.divertisenvivo.com\/tienda\/\"},{\"@type\":\"ListItem\",\"position\":3,\"name\":\"Euskal Metalheads Fest\"}]},{\"@type\":\"WebSite\",\"@id\":\"https:\/\/www.divertisenvivo.com\/eu\/#website\",\"url\":\"https:\/\/www.divertisenvivo.com\/eu\/\",\"name\":\"Divertis en vivo - Viajes a eventos musicales, deportivos y culturales\",\"description\":\"Desde 2007, somos tu agencia de viajes para disfrutar de tus eventos deportivos (Rugby, Futbol) y de tus eventos musicales (festivales y conciertos)\",\"publisher\":{\"@id\":\"https:\/\/www.divertisenvivo.com\/eu\/#organization\"},\"potentialAction\":[{\"@type\":\"SearchAction\",\"target\":{\"@type\":\"EntryPoint\",\"urlTemplate\":\"https:\/\/www.divertisenvivo.com\/eu\/?s={search_term_string}\"},\"query-input\":{\"@type\":\"PropertyValueSpecification\",\"valueRequired\":true,\"valueName\":\"search_term_string\"}}],\"inLanguage\":\"eu\"},{\"@type\":\"Organization\",\"@id\":\"https:\/\/www.divertisenvivo.com\/eu\/#organization\",\"name\":\"Quieres Viajar S.L.\",\"url\":\"https:\/\/www.divertisenvivo.com\/eu\/\",\"logo\":{\"@type\":\"ImageObject\",\"inLanguage\":\"eu\",\"@id\":\"https:\/\/www.divertisenvivo.com\/eu\/#\/schema\/logo\/image\/\",\"url\":\"https:\/\/www.divertisenvivo.com\/wp-content\/uploads\/2021\/01\/logo-e1610098969786.png\",\"contentUrl\":\"https:\/\/www.divertisenvivo.com\/wp-content\/uploads\/2021\/01\/logo-e1610098969786.png\",\"width\":200,\"height\":139,\"caption\":\"Quieres Viajar S.L.\"},\"image\":{\"@id\":\"https:\/\/www.divertisenvivo.com\/eu\/#\/schema\/logo\/image\/\"},\"sameAs\":[\"https:\/\/www.facebook.com\/divertisenvivo\",\"https:\/\/x.com\/divertisenvivo\",\"https:\/\/www.instagram.com\/divertisenvivo\/\",\"https:\/\/www.linkedin.com\/company\/divertis-en-vivo-viajesaconciertosyfestivales\/?viewAsMember=true\"]}]}<\/script>\n<!-- \/ Yoast SEO plugin. -->","yoast_head_json":{"title":"Euskal Metalheads Fest - Divertis en Vivo","description":"Euskal Metalheads Fest. Consulta nuestros puntos de salida para disfrutar de una noche \u00fanica. Divertis en Vivo se encarga de toda la gesti\u00f3n.","robots":{"index":"index","follow":"follow","max-snippet":"max-snippet:-1","max-image-preview":"max-image-preview:large","max-video-preview":"max-video-preview:-1"},"canonical":"https:\/\/www.divertisenvivo.com\/eu\/producto\/euskal-metalheads-fest-8\/","og_locale":"en_US","og_type":"article","og_title":"Euskal Metalheads Fest - Divertis en Vivo","og_description":"Euskal Metalheads Fest. Consulta nuestros puntos de salida para disfrutar de una noche \u00fanica. Divertis en Vivo se encarga de toda la gesti\u00f3n.","og_url":"https:\/\/www.divertisenvivo.com\/eu\/producto\/euskal-metalheads-fest-8\/","og_site_name":"Divertis en Vivo","article_publisher":"https:\/\/www.facebook.com\/divertisenvivo","article_modified_time":"2025-10-01T12:37:24+00:00","og_image":[{"width":600,"height":400,"url":"https:\/\/i0.wp.com\/www.divertisenvivo.com\/wp-content\/uploads\/2025\/02\/Euskal-Metalheads-Fest-600-x-400-px.png?fit=600%2C400&ssl=1","type":"image\/png"}],"twitter_card":"summary_large_image","twitter_site":"@divertisenvivo","twitter_misc":{"Est. reading time":"3 minutua"},"schema":{"@context":"https:\/\/schema.org","@graph":[{"@type":"WebPage","@id":"https:\/\/www.divertisenvivo.com\/eu\/producto\/euskal-metalheads-fest-8\/","url":"https:\/\/www.divertisenvivo.com\/eu\/producto\/euskal-metalheads-fest-8\/","name":"Euskal Metalheads Fest - Divertis en Vivo","isPartOf":{"@id":"https:\/\/www.divertisenvivo.com\/eu\/#website"},"primaryImageOfPage":{"@id":"https:\/\/www.divertisenvivo.com\/eu\/producto\/euskal-metalheads-fest-8\/#primaryimage"},"image":{"@id":"https:\/\/www.divertisenvivo.com\/eu\/producto\/euskal-metalheads-fest-8\/#primaryimage"},"thumbnailUrl":"https:\/\/i0.wp.com\/www.divertisenvivo.com\/wp-content\/uploads\/2025\/02\/Euskal-Metalheads-Fest-600-x-400-px.png?fit=600%2C400&ssl=1","datePublished":"2025-02-12T11:24:12+00:00","dateModified":"2025-10-01T12:37:24+00:00","description":"Euskal Metalheads Fest. Consulta nuestros puntos de salida para disfrutar de una noche \u00fanica. Divertis en Vivo se encarga de toda la gesti\u00f3n.","breadcrumb":{"@id":"https:\/\/www.divertisenvivo.com\/eu\/producto\/euskal-metalheads-fest-8\/#breadcrumb"},"inLanguage":"eu","potentialAction":[{"@type":"ReadAction","target":["https:\/\/www.divertisenvivo.com\/eu\/producto\/euskal-metalheads-fest-8\/"]}]},{"@type":"ImageObject","inLanguage":"eu","@id":"https:\/\/www.divertisenvivo.com\/eu\/producto\/euskal-metalheads-fest-8\/#primaryimage","url":"https:\/\/i0.wp.com\/www.divertisenvivo.com\/wp-content\/uploads\/2025\/02\/Euskal-Metalheads-Fest-600-x-400-px.png?fit=600%2C400&ssl=1","contentUrl":"https:\/\/i0.wp.com\/www.divertisenvivo.com\/wp-content\/uploads\/2025\/02\/Euskal-Metalheads-Fest-600-x-400-px.png?fit=600%2C400&ssl=1","width":600,"height":400},{"@type":"BreadcrumbList","@id":"https:\/\/www.divertisenvivo.com\/eu\/producto\/euskal-metalheads-fest-8\/#breadcrumb","itemListElement":[{"@type":"ListItem","position":1,"name":"Portada","item":"https:\/\/www.divertisenvivo.com\/"},{"@type":"ListItem","position":2,"name":"TIENDA","item":"https:\/\/www.divertisenvivo.com\/tienda\/"},{"@type":"ListItem","position":3,"name":"Euskal Metalheads Fest"}]},{"@type":"WebSite","@id":"https:\/\/www.divertisenvivo.com\/eu\/#website","url":"https:\/\/www.divertisenvivo.com\/eu\/","name":"Divertis en vivo - Viajes a eventos musicales, deportivos y culturales","description":"2007 urtetik aurrera kirol eta musika ekiteldieetara eramaten zaitugun bidaia agentzia gara: rugby, futbola, festibal eta kontzertuez goza itzazu gure eskuz.","publisher":{"@id":"https:\/\/www.divertisenvivo.com\/eu\/#organization"},"potentialAction":[{"@type":"SearchAction","target":{"@type":"EntryPoint","urlTemplate":"https:\/\/www.divertisenvivo.com\/eu\/?s={search_term_string}"},"query-input":{"@type":"PropertyValueSpecification","valueRequired":true,"valueName":"search_term_string"}}],"inLanguage":"eu"},{"@type":"Organization","@id":"https:\/\/www.divertisenvivo.com\/eu\/#organization","name":"Quieres Viajar S.L.","url":"https:\/\/www.divertisenvivo.com\/eu\/","logo":{"@type":"ImageObject","inLanguage":"eu","@id":"https:\/\/www.divertisenvivo.com\/eu\/#\/schema\/logo\/image\/","url":"https:\/\/www.divertisenvivo.com\/wp-content\/uploads\/2021\/01\/logo-e1610098969786.png","contentUrl":"https:\/\/www.divertisenvivo.com\/wp-content\/uploads\/2021\/01\/logo-e1610098969786.png","width":200,"height":139,"caption":"Quieres Viajar S.L."},"image":{"@id":"https:\/\/www.divertisenvivo.com\/eu\/#\/schema\/logo\/image\/"},"sameAs":["https:\/\/www.facebook.com\/divertisenvivo","https:\/\/x.com\/divertisenvivo","https:\/\/www.instagram.com\/divertisenvivo\/","https:\/\/www.linkedin.com\/company\/divertis-en-vivo-viajesaconciertosyfestivales\/?viewAsMember=true"]}]}},"jetpack_sharing_enabled":true,"_links":{"self":[{"href":"https:\/\/www.divertisenvivo.com\/eu\/wp-json\/wp\/v2\/product\/162760","targetHints":{"allow":["GET"]}}],"collection":[{"href":"https:\/\/www.divertisenvivo.com\/eu\/wp-json\/wp\/v2\/product"}],"about":[{"href":"https:\/\/www.divertisenvivo.com\/eu\/wp-json\/wp\/v2\/types\/product"}],"version-history":[{"count":2,"href":"https:\/\/www.divertisenvivo.com\/eu\/wp-json\/wp\/v2\/product\/162760\/revisions"}],"predecessor-version":[{"id":164817,"href":"https:\/\/www.divertisenvivo.com\/eu\/wp-json\/wp\/v2\/product\/162760\/revisions\/164817"}],"wp:featuredmedia":[{"embeddable":true,"href":"https:\/\/www.divertisenvivo.com\/eu\/wp-json\/wp\/v2\/media\/164814"}],"wp:attachment":[{"href":"https:\/\/www.divertisenvivo.com\/eu\/wp-json\/wp\/v2\/media?parent=162760"}],"wp:term":[{"taxonomy":"product_brand","embeddable":true,"href":"https:\/\/www.divertisenvivo.com\/eu\/wp-json\/wp\/v2\/product_brand?post=162760"},{"taxonomy":"product_cat","embeddable":true,"href":"https:\/\/www.divertisenvivo.com\/eu\/wp-json\/wp\/v2\/product_cat?post=162760"},{"taxonomy":"product_tag","embeddable":true,"href":"https:\/\/www.divertisenvivo.com\/eu\/wp-json\/wp\/v2\/product_tag?post=162760"}],"curies":[{"name":"wp","href":"https:\/\/api.w.org\/{rel}","templated":true}]}}