{"id":165714,"date":"2025-03-03T12:41:21","date_gmt":"2025-03-03T11:41:21","guid":{"rendered":"https:\/\/www.divertisenvivo.com\/?post_type=product&#038;p=165714"},"modified":"2025-11-19T12:39:08","modified_gmt":"2025-11-19T11:39:08","slug":"nfl-london-games-divertis-en-vivo","status":"publish","type":"product","link":"https:\/\/www.divertisenvivo.com\/eu\/producto\/nfl-london-games-divertis-en-vivo\/","title":{"rendered":"NFL London Games | Divertis en Vivo"},"content":{"rendered":"<h1><span style=\"font-family: arial, helvetica, sans-serif;\">Vive los NFL London\u00a0 2025 con nuestros packs de entrada y alojamiento<\/span><\/h1>\n<p><span style=\"font-family: arial, helvetica, sans-serif;\">Los NFL London Games regresan este 2025 con el mejor f\u00fatbol americano en Europa. Equipos de la NFL jugar\u00e1n partidos oficiales en Londres, ofreciendo una experiencia \u00fanica. Reserva ahora tu pack de <strong>entrada y hotel\u00a0<\/strong> y vive\u00a0 la NFL en estado puro.<\/span><\/p>\n<h2><span style=\"font-family: arial, helvetica, sans-serif;\">Vive la NFL en pleno Londres<\/span><\/h2>\n<p><span style=\"font-family: arial, helvetica, sans-serif;\">Cada a\u00f1o, la capital brit\u00e1nica se convierte en el epicentro del f\u00fatbol americano en Europa con partidos de la NFL London Games en los estadios de Wembley, Hotspurs Stadium y Tottenham. Siente la espectacularidad de este gran deporte hecho show junto con una afici\u00f3n apasionada.<\/span><\/p>\n<h2><span style=\"font-family: arial, helvetica, sans-serif;\">Packs de entradas y alojamiento para la NFL London Games 2025<\/span><\/h2>\n<p><span style=\"font-family: arial, helvetica, sans-serif;\">Para que tu viaje sea perfecto te ofrecemos packs de entradas y hotel que incluyen:<\/span><\/p>\n<ul>\n<li><span style=\"font-family: arial, helvetica, sans-serif;\">Entradas oficiales garantizadas para el partido<\/span><\/li>\n<li><span style=\"font-family: arial, helvetica, sans-serif;\">Alojamiento en hoteles seleccionados cerca del estadio<\/span><\/li>\n<li>Vuelos<\/li>\n<\/ul>\n<p class=\"translation-block\">Divertis en Vivo-n, adituak gara pakete osoa eskaintzen, yardako ikuskizun gehiago duen kirolaz gozatzeaz bakarrik arduratu zaitezen. Gure <strong>NFL <\/strong> bidaia-paketeak: hotela<strong> eta<\/strong> <strong>sarrera ofizialak<\/strong> dituzte barne, erosotasuna eta komunikazio ona eskaintzeko.\nHorrela, , akzioaren segundo bakar bat ere ez duzu galduko. Badakigu xehetasun bakoitza kontuan hartzen dela NFLa bizi behar denean; horregatik, zerbitzu bikaina eta erosotasuna ez ezik, ekitaldira erraz iristeko aukera ematen duten hotelak aukeratzen ditugu.<\/p>\n<p>Desde el momento en que reservas con nosotros, nos encargamos de todos los detalles, desde tu entrada oficial m\u00e1s hotel hasta recomendaciones personalizadas para que aproveches al m\u00e1ximo tu estancia en Londres.<\/p>\n<p>Zure beharretara ondoen egokitzen den paketea aurkitzeko hainbat aukera eskaintzen dizkizugu. Pakete bakoitza esperientzia ahaztezin bat eskaintzeko pentsatuta dago, partidaren emozioa bere kalitate eta kokapenaren arabera aukeratutako ostatuen erosotasunarekin konbinatuz. Divertis en Vivo-n, ulertzen dugu NFLko zaleak bultzatzen dituen pasioa, eta horregatik, zure itxaropenak gainditzen dituzten paketeak eskaintzen ahalegintzen gara.<\/p>\n<p>\u00a1Reserva tu pack ahora en<a href=\"mailto:deportes@divertisenvivo.com\">\u00a0deportes@divertisenvivo.com<\/a> y prep\u00e1rate para vivir el mejor f\u00fatbol americano en Londres! Y no te olvides de consultar toda nuestra oferta de <a href=\"https:\/\/www.divertisenvivo.com\/eu\/product-category\/viajes-eventos-deportivos\/\">deportes en Vivo<\/a><\/p>\n<p>&nbsp;<\/p>\n<p>&nbsp;<\/p>","protected":false},"excerpt":{"rendered":"<h1>Packs de entrada y alojamiento para el NFL London Games 2025<\/h1>\n<p>Vive la emoci\u00f3n de los<strong>\u00a0NFL London Games 2025<\/strong> en los estadios del\u00a0 Tottenham, el Hotspur Stadium o Wembley. Disfruta del mejor<strong> f\u00fatbol americano en vivo<\/strong> con nuestros packs que incluyen alojamiento de tres o cuatro estrellas cercanos a los estadios y entradas para vivir una experiencia \u00fanica. Grandes equipos de la NFL jugar\u00e1n partidos oficiales en los estadios m\u00edticos de Londres, ofreciendo una experiencia \u00fanica. Disfruta como nunca de la NFL y de la oportunidad de ver a las grandes estrellas de la liga en acci\u00f3n con nuestros packs de <strong>entradas y hotel.\u00a0<\/strong><\/p>","protected":false},"featured_media":156340,"template":"","meta":{"_acf_changed":false},"product_brand":[],"product_cat":[15],"product_tag":[],"class_list":{"0":"post-165714","1":"product","2":"type-product","3":"status-publish","4":"has-post-thumbnail","6":"product_cat-sin-categoria","8":"first","9":"outofstock","10":"shipping-taxable","11":"product-type-simple"},"acf":[],"wooqr_code":"","yoast_head":"<!-- This site is optimized with the Yoast SEO plugin v25.9 - https:\/\/yoast.com\/wordpress\/plugins\/seo\/ -->\n<title>NFL London Games 2025: vive la experiencia en Londres | Divestis en vivo<\/title>\n<meta name=\"description\" content=\"NFL London Games: reserva ya tu pack de entradas m\u00e1s hotel con Divertis en Vivo para vivir la exzperiencia del futbol americano en vivo\" \/>\n<meta name=\"robots\" content=\"index, follow, max-snippet:-1, max-image-preview:large, max-video-preview:-1\" \/>\n<link rel=\"canonical\" href=\"https:\/\/www.divertisenvivo.com\/eu\/producto\/nfl-london-games-divertis-en-vivo\/\" \/>\n<meta property=\"og:locale\" content=\"en_US\" \/>\n<meta property=\"og:type\" content=\"article\" \/>\n<meta property=\"og:title\" content=\"NFL London Games 2025: vive la experiencia en Londres | Divestis en vivo\" \/>\n<meta property=\"og:description\" content=\"NFL London Games: reserva ya tu pack de entradas m\u00e1s hotel con Divertis en Vivo para vivir la exzperiencia del futbol americano en vivo\" \/>\n<meta property=\"og:url\" content=\"https:\/\/www.divertisenvivo.com\/eu\/producto\/nfl-london-games-divertis-en-vivo\/\" \/>\n<meta property=\"og:site_name\" content=\"Divertis en Vivo\" \/>\n<meta property=\"article:publisher\" content=\"https:\/\/www.facebook.com\/divertisenvivo\" \/>\n<meta property=\"article:modified_time\" content=\"2025-11-19T11:39:08+00:00\" \/>\n<meta property=\"og:image\" content=\"https:\/\/i0.wp.com\/www.divertisenvivo.com\/wp-content\/uploads\/2024\/08\/NFLPRODUCTO-1.webp?fit=600%2C400&ssl=1\" \/>\n\t<meta property=\"og:image:width\" content=\"600\" \/>\n\t<meta property=\"og:image:height\" content=\"400\" \/>\n\t<meta property=\"og:image:type\" content=\"image\/webp\" \/>\n<meta name=\"twitter:card\" content=\"summary_large_image\" \/>\n<meta name=\"twitter:site\" content=\"@divertisenvivo\" \/>\n<meta name=\"twitter:label1\" content=\"Est. reading time\" \/>\n\t<meta name=\"twitter:data1\" content=\"2 minutua\" \/>\n<script type=\"application\/ld+json\" class=\"yoast-schema-graph\">{\"@context\":\"https:\/\/schema.org\",\"@graph\":[{\"@type\":\"WebPage\",\"@id\":\"https:\/\/www.divertisenvivo.com\/eu\/producto\/nfl-london-games-divertis-en-vivo\/\",\"url\":\"https:\/\/www.divertisenvivo.com\/eu\/producto\/nfl-london-games-divertis-en-vivo\/\",\"name\":\"NFL London Games 2025: vive la experiencia en Londres | Divestis en vivo\",\"isPartOf\":{\"@id\":\"https:\/\/www.divertisenvivo.com\/eu\/#website\"},\"primaryImageOfPage\":{\"@id\":\"https:\/\/www.divertisenvivo.com\/eu\/producto\/nfl-london-games-divertis-en-vivo\/#primaryimage\"},\"image\":{\"@id\":\"https:\/\/www.divertisenvivo.com\/eu\/producto\/nfl-london-games-divertis-en-vivo\/#primaryimage\"},\"thumbnailUrl\":\"https:\/\/i0.wp.com\/www.divertisenvivo.com\/wp-content\/uploads\/2024\/08\/NFLPRODUCTO-1.webp?fit=600%2C400&ssl=1\",\"datePublished\":\"2025-03-03T11:41:21+00:00\",\"dateModified\":\"2025-11-19T11:39:08+00:00\",\"description\":\"NFL London Games: reserva ya tu pack de entradas m\u00e1s hotel con Divertis en Vivo para vivir la exzperiencia del futbol americano en vivo\",\"breadcrumb\":{\"@id\":\"https:\/\/www.divertisenvivo.com\/eu\/producto\/nfl-london-games-divertis-en-vivo\/#breadcrumb\"},\"inLanguage\":\"eu\",\"potentialAction\":[{\"@type\":\"ReadAction\",\"target\":[\"https:\/\/www.divertisenvivo.com\/eu\/producto\/nfl-london-games-divertis-en-vivo\/\"]}]},{\"@type\":\"ImageObject\",\"inLanguage\":\"eu\",\"@id\":\"https:\/\/www.divertisenvivo.com\/eu\/producto\/nfl-london-games-divertis-en-vivo\/#primaryimage\",\"url\":\"https:\/\/i0.wp.com\/www.divertisenvivo.com\/wp-content\/uploads\/2024\/08\/NFLPRODUCTO-1.webp?fit=600%2C400&ssl=1\",\"contentUrl\":\"https:\/\/i0.wp.com\/www.divertisenvivo.com\/wp-content\/uploads\/2024\/08\/NFLPRODUCTO-1.webp?fit=600%2C400&ssl=1\",\"width\":600,\"height\":400,\"caption\":\"NFL London Games\"},{\"@type\":\"BreadcrumbList\",\"@id\":\"https:\/\/www.divertisenvivo.com\/eu\/producto\/nfl-london-games-divertis-en-vivo\/#breadcrumb\",\"itemListElement\":[{\"@type\":\"ListItem\",\"position\":1,\"name\":\"Portada\",\"item\":\"https:\/\/www.divertisenvivo.com\/\"},{\"@type\":\"ListItem\",\"position\":2,\"name\":\"TIENDA\",\"item\":\"https:\/\/www.divertisenvivo.com\/tienda\/\"},{\"@type\":\"ListItem\",\"position\":3,\"name\":\"NFL London Games | Divertis en Vivo\"}]},{\"@type\":\"WebSite\",\"@id\":\"https:\/\/www.divertisenvivo.com\/eu\/#website\",\"url\":\"https:\/\/www.divertisenvivo.com\/eu\/\",\"name\":\"Divertis en vivo - Viajes a eventos musicales, deportivos y culturales\",\"description\":\"Desde 2007, somos tu agencia de viajes para disfrutar de tus eventos deportivos (Rugby, Futbol) y de tus eventos musicales (festivales y conciertos)\",\"publisher\":{\"@id\":\"https:\/\/www.divertisenvivo.com\/eu\/#organization\"},\"potentialAction\":[{\"@type\":\"SearchAction\",\"target\":{\"@type\":\"EntryPoint\",\"urlTemplate\":\"https:\/\/www.divertisenvivo.com\/eu\/?s={search_term_string}\"},\"query-input\":{\"@type\":\"PropertyValueSpecification\",\"valueRequired\":true,\"valueName\":\"search_term_string\"}}],\"inLanguage\":\"eu\"},{\"@type\":\"Organization\",\"@id\":\"https:\/\/www.divertisenvivo.com\/eu\/#organization\",\"name\":\"Quieres Viajar S.L.\",\"url\":\"https:\/\/www.divertisenvivo.com\/eu\/\",\"logo\":{\"@type\":\"ImageObject\",\"inLanguage\":\"eu\",\"@id\":\"https:\/\/www.divertisenvivo.com\/eu\/#\/schema\/logo\/image\/\",\"url\":\"https:\/\/www.divertisenvivo.com\/wp-content\/uploads\/2021\/01\/logo-e1610098969786.png\",\"contentUrl\":\"https:\/\/www.divertisenvivo.com\/wp-content\/uploads\/2021\/01\/logo-e1610098969786.png\",\"width\":200,\"height\":139,\"caption\":\"Quieres Viajar S.L.\"},\"image\":{\"@id\":\"https:\/\/www.divertisenvivo.com\/eu\/#\/schema\/logo\/image\/\"},\"sameAs\":[\"https:\/\/www.facebook.com\/divertisenvivo\",\"https:\/\/x.com\/divertisenvivo\",\"https:\/\/www.instagram.com\/divertisenvivo\/\",\"https:\/\/www.linkedin.com\/company\/divertis-en-vivo-viajesaconciertosyfestivales\/?viewAsMember=true\"]}]}<\/script>\n<!-- \/ Yoast SEO plugin. -->","yoast_head_json":{"title":"NFL London Games 2025: vive la experiencia en Londres | Divestis en vivo","description":"NFL London Games: reserva ya tu pack de entradas m\u00e1s hotel con Divertis en Vivo para vivir la exzperiencia del futbol americano en vivo","robots":{"index":"index","follow":"follow","max-snippet":"max-snippet:-1","max-image-preview":"max-image-preview:large","max-video-preview":"max-video-preview:-1"},"canonical":"https:\/\/www.divertisenvivo.com\/eu\/producto\/nfl-london-games-divertis-en-vivo\/","og_locale":"en_US","og_type":"article","og_title":"NFL London Games 2025: vive la experiencia en Londres | Divestis en vivo","og_description":"NFL London Games: reserva ya tu pack de entradas m\u00e1s hotel con Divertis en Vivo para vivir la exzperiencia del futbol americano en vivo","og_url":"https:\/\/www.divertisenvivo.com\/eu\/producto\/nfl-london-games-divertis-en-vivo\/","og_site_name":"Divertis en Vivo","article_publisher":"https:\/\/www.facebook.com\/divertisenvivo","article_modified_time":"2025-11-19T11:39:08+00:00","og_image":[{"width":600,"height":400,"url":"https:\/\/i0.wp.com\/www.divertisenvivo.com\/wp-content\/uploads\/2024\/08\/NFLPRODUCTO-1.webp?fit=600%2C400&ssl=1","type":"image\/webp"}],"twitter_card":"summary_large_image","twitter_site":"@divertisenvivo","twitter_misc":{"Est. reading time":"2 minutua"},"schema":{"@context":"https:\/\/schema.org","@graph":[{"@type":"WebPage","@id":"https:\/\/www.divertisenvivo.com\/eu\/producto\/nfl-london-games-divertis-en-vivo\/","url":"https:\/\/www.divertisenvivo.com\/eu\/producto\/nfl-london-games-divertis-en-vivo\/","name":"NFL London Games 2025: vive la experiencia en Londres | Divestis en vivo","isPartOf":{"@id":"https:\/\/www.divertisenvivo.com\/eu\/#website"},"primaryImageOfPage":{"@id":"https:\/\/www.divertisenvivo.com\/eu\/producto\/nfl-london-games-divertis-en-vivo\/#primaryimage"},"image":{"@id":"https:\/\/www.divertisenvivo.com\/eu\/producto\/nfl-london-games-divertis-en-vivo\/#primaryimage"},"thumbnailUrl":"https:\/\/i0.wp.com\/www.divertisenvivo.com\/wp-content\/uploads\/2024\/08\/NFLPRODUCTO-1.webp?fit=600%2C400&ssl=1","datePublished":"2025-03-03T11:41:21+00:00","dateModified":"2025-11-19T11:39:08+00:00","description":"NFL London Games: reserva ya tu pack de entradas m\u00e1s hotel con Divertis en Vivo para vivir la exzperiencia del futbol americano en vivo","breadcrumb":{"@id":"https:\/\/www.divertisenvivo.com\/eu\/producto\/nfl-london-games-divertis-en-vivo\/#breadcrumb"},"inLanguage":"eu","potentialAction":[{"@type":"ReadAction","target":["https:\/\/www.divertisenvivo.com\/eu\/producto\/nfl-london-games-divertis-en-vivo\/"]}]},{"@type":"ImageObject","inLanguage":"eu","@id":"https:\/\/www.divertisenvivo.com\/eu\/producto\/nfl-london-games-divertis-en-vivo\/#primaryimage","url":"https:\/\/i0.wp.com\/www.divertisenvivo.com\/wp-content\/uploads\/2024\/08\/NFLPRODUCTO-1.webp?fit=600%2C400&ssl=1","contentUrl":"https:\/\/i0.wp.com\/www.divertisenvivo.com\/wp-content\/uploads\/2024\/08\/NFLPRODUCTO-1.webp?fit=600%2C400&ssl=1","width":600,"height":400,"caption":"NFL London Games"},{"@type":"BreadcrumbList","@id":"https:\/\/www.divertisenvivo.com\/eu\/producto\/nfl-london-games-divertis-en-vivo\/#breadcrumb","itemListElement":[{"@type":"ListItem","position":1,"name":"Portada","item":"https:\/\/www.divertisenvivo.com\/"},{"@type":"ListItem","position":2,"name":"TIENDA","item":"https:\/\/www.divertisenvivo.com\/tienda\/"},{"@type":"ListItem","position":3,"name":"NFL London Games | Divertis en Vivo"}]},{"@type":"WebSite","@id":"https:\/\/www.divertisenvivo.com\/eu\/#website","url":"https:\/\/www.divertisenvivo.com\/eu\/","name":"Divertis en vivo - Viajes a eventos musicales, deportivos y culturales","description":"2007 urtetik aurrera kirol eta musika ekiteldieetara eramaten zaitugun bidaia agentzia gara: rugby, futbola, festibal eta kontzertuez goza itzazu gure eskuz.","publisher":{"@id":"https:\/\/www.divertisenvivo.com\/eu\/#organization"},"potentialAction":[{"@type":"SearchAction","target":{"@type":"EntryPoint","urlTemplate":"https:\/\/www.divertisenvivo.com\/eu\/?s={search_term_string}"},"query-input":{"@type":"PropertyValueSpecification","valueRequired":true,"valueName":"search_term_string"}}],"inLanguage":"eu"},{"@type":"Organization","@id":"https:\/\/www.divertisenvivo.com\/eu\/#organization","name":"Quieres Viajar S.L.","url":"https:\/\/www.divertisenvivo.com\/eu\/","logo":{"@type":"ImageObject","inLanguage":"eu","@id":"https:\/\/www.divertisenvivo.com\/eu\/#\/schema\/logo\/image\/","url":"https:\/\/www.divertisenvivo.com\/wp-content\/uploads\/2021\/01\/logo-e1610098969786.png","contentUrl":"https:\/\/www.divertisenvivo.com\/wp-content\/uploads\/2021\/01\/logo-e1610098969786.png","width":200,"height":139,"caption":"Quieres Viajar S.L."},"image":{"@id":"https:\/\/www.divertisenvivo.com\/eu\/#\/schema\/logo\/image\/"},"sameAs":["https:\/\/www.facebook.com\/divertisenvivo","https:\/\/x.com\/divertisenvivo","https:\/\/www.instagram.com\/divertisenvivo\/","https:\/\/www.linkedin.com\/company\/divertis-en-vivo-viajesaconciertosyfestivales\/?viewAsMember=true"]}]}},"jetpack_sharing_enabled":true,"_links":{"self":[{"href":"https:\/\/www.divertisenvivo.com\/eu\/wp-json\/wp\/v2\/product\/165714","targetHints":{"allow":["GET"]}}],"collection":[{"href":"https:\/\/www.divertisenvivo.com\/eu\/wp-json\/wp\/v2\/product"}],"about":[{"href":"https:\/\/www.divertisenvivo.com\/eu\/wp-json\/wp\/v2\/types\/product"}],"version-history":[{"count":1,"href":"https:\/\/www.divertisenvivo.com\/eu\/wp-json\/wp\/v2\/product\/165714\/revisions"}],"predecessor-version":[{"id":169332,"href":"https:\/\/www.divertisenvivo.com\/eu\/wp-json\/wp\/v2\/product\/165714\/revisions\/169332"}],"wp:featuredmedia":[{"embeddable":true,"href":"https:\/\/www.divertisenvivo.com\/eu\/wp-json\/wp\/v2\/media\/156340"}],"wp:attachment":[{"href":"https:\/\/www.divertisenvivo.com\/eu\/wp-json\/wp\/v2\/media?parent=165714"}],"wp:term":[{"taxonomy":"product_brand","embeddable":true,"href":"https:\/\/www.divertisenvivo.com\/eu\/wp-json\/wp\/v2\/product_brand?post=165714"},{"taxonomy":"product_cat","embeddable":true,"href":"https:\/\/www.divertisenvivo.com\/eu\/wp-json\/wp\/v2\/product_cat?post=165714"},{"taxonomy":"product_tag","embeddable":true,"href":"https:\/\/www.divertisenvivo.com\/eu\/wp-json\/wp\/v2\/product_tag?post=165714"}],"curies":[{"name":"wp","href":"https:\/\/api.w.org\/{rel}","templated":true}]}}