{"id":165715,"date":"2025-03-03T12:06:36","date_gmt":"2025-03-03T11:06:36","guid":{"rendered":"https:\/\/www.divertisenvivo.com\/?post_type=product&#038;p=165715"},"modified":"2025-11-19T12:39:35","modified_gmt":"2025-11-19T11:39:35","slug":"nfl-madrid-game-divertis-en-vivo","status":"publish","type":"product","link":"https:\/\/www.divertisenvivo.com\/eu\/producto\/nfl-madrid-game-divertis-en-vivo\/","title":{"rendered":"NFL Madrid Game | Divertis en Vivo"},"content":{"rendered":"<h1><span style=\"font-family: arial, helvetica, sans-serif;\">Vive el NFL Madrid Game 2025 con nuestros packs de entrada y alojamiento<\/span><\/h1>\n<p><a href=\"https:\/\/www.esmadrid.com\/agenda\/nfl-madrid-estadio-santiago-bernabeu\">La NFL aterriza en Madrid<\/a> este 2025, donde el Santiago Bernabe\u00fa ser\u00e1 el escenario del NFL Madrid Game 2025. Disfruta de la espectacularidad del f\u00fatbol americano con nuestros packs exclusivos de antrada y hotel, dise\u00f1ados para que vivas la emoci\u00f3n de este deporte sin preocuparte de nada m\u00e1s.<\/p>\n<h2><span style=\"font-family: arial, helvetica, sans-serif;\">Disfruta de la NFL en el estadio Santiago Bernabe\u00fa<\/span><\/h2>\n<p><span style=\"font-family: arial, helvetica, sans-serif;\">Este 2025 Madrid se convierte en la capital del futbol americano con un enfrentamiento inolvidable entre los Miami Dolphins y otro gran equipo que promete ser una gran sorpresa.. Aseg\u00farate de conseguir tu entrada oficial y disfruta del ambiente.<\/span><\/p>\n<h2><span style=\"font-family: arial, helvetica, sans-serif;\">Reserva tu experiencia completa para el NFL Madrid Game con nuestros packs exclusivos<\/span><\/h2>\n<p>Para que tu viaje sea perfecto te ofrecemos packs de entradas y hotel que incluyen:<\/p>\n<ul>\n<li>Entradas oficiales garantizadas para el partido<\/li>\n<li>Alojamiento en hoteles seleccionados cerca del estadio<\/li>\n<\/ul>\n<p>&nbsp;<\/p>\n<p>\u00a1Reserva tu pack ahora en<a href=\"mailto:deportes@divertisenvivo.com\"> deportes@divertisenvivo.com<\/a> y preparate para vivir el mejor f\u00fatbol americano en Madrid! Y no te olvides de consultar toda nuestra oferta de <a href=\"https:\/\/www.divertisenvivo.com\/eu\/product-category\/viajes-eventos-deportivos\/\">deportes en Vivo<\/a><\/p>\n<p>[contact-form-7 id=\u00bb034c480&#8243; title=\u00bbViajes NFL\u00bb]<\/p>","protected":false},"excerpt":{"rendered":"<h1><span style=\"font-family: arial, helvetica, sans-serif;\">Packs de entrada y alojamiento para el NFL Madrid Game 2025<\/span><\/h1>\n<p><span style=\"font-family: arial, helvetica, sans-serif;\">Vive el <strong>NFL Madrid Game 2025 en el Santiago Bernabe\u00fa <\/strong>con nuestros<strong> packs de entradas y hotel. Disfruta del mejor f\u00fatbol americano en vivo con nuestros packs que incluyen alojamiento de tres o cuatro estrellas cercano y entradas para vivir una experiencia \u00fanica. Los <strong>Miami Dolphins<\/strong> jugar\u00e1n como equipo local en Madrid contra otro gran equipo de f\u00fatbol americano a\u00fan sin determinar. Contacta con<a href=\"\/eu\/deportes@divertisenvivo.com\/\"> nosotros<\/a> y forma parte del juego!<\/strong><\/span><\/p>","protected":false},"featured_media":165720,"template":"","meta":{"_acf_changed":false},"product_brand":[],"product_cat":[15],"product_tag":[],"class_list":{"0":"post-165715","1":"product","2":"type-product","3":"status-publish","4":"has-post-thumbnail","6":"product_cat-sin-categoria","8":"first","9":"outofstock","10":"shipping-taxable","11":"product-type-simple"},"acf":[],"wooqr_code":"","yoast_head":"<!-- This site is optimized with the Yoast SEO plugin v25.9 - https:\/\/yoast.com\/wordpress\/plugins\/seo\/ -->\n<title>Entradas NFL Madrid 2025: compra oficial con packs de hotel | DIvertis en vivo<\/title>\n<meta name=\"description\" content=\"NFL Madrid Game: reserva ya tu pack de entradas m\u00e1s hotel con Divertis en Vivo para vivir la exzperiencia del futbol americano en vivo\" \/>\n<meta name=\"robots\" content=\"index, follow, max-snippet:-1, max-image-preview:large, max-video-preview:-1\" \/>\n<link rel=\"canonical\" href=\"https:\/\/www.divertisenvivo.com\/eu\/producto\/nfl-madrid-game-divertis-en-vivo\/\" \/>\n<meta property=\"og:locale\" content=\"en_US\" \/>\n<meta property=\"og:type\" content=\"article\" \/>\n<meta property=\"og:title\" content=\"Entradas NFL Madrid 2025: compra oficial con packs de hotel | DIvertis en vivo\" \/>\n<meta property=\"og:description\" content=\"NFL Madrid Game: reserva ya tu pack de entradas m\u00e1s hotel con Divertis en Vivo para vivir la exzperiencia del futbol americano en vivo\" \/>\n<meta property=\"og:url\" content=\"https:\/\/www.divertisenvivo.com\/eu\/producto\/nfl-madrid-game-divertis-en-vivo\/\" \/>\n<meta property=\"og:site_name\" content=\"Divertis en Vivo\" \/>\n<meta property=\"article:publisher\" content=\"https:\/\/www.facebook.com\/divertisenvivo\" \/>\n<meta property=\"article:modified_time\" content=\"2025-11-19T11:39:35+00:00\" \/>\n<meta property=\"og:image\" content=\"https:\/\/i0.wp.com\/www.divertisenvivo.com\/wp-content\/uploads\/2025\/03\/unnamed-e1740998441471.png?fit=600%2C400&ssl=1\" \/>\n\t<meta property=\"og:image:width\" content=\"600\" \/>\n\t<meta property=\"og:image:height\" content=\"400\" \/>\n\t<meta property=\"og:image:type\" content=\"image\/png\" \/>\n<meta name=\"twitter:card\" content=\"summary_large_image\" \/>\n<meta name=\"twitter:site\" content=\"@divertisenvivo\" \/>\n<meta name=\"twitter:label1\" content=\"Est. reading time\" \/>\n\t<meta name=\"twitter:data1\" content=\"1 minutua\" \/>\n<script type=\"application\/ld+json\" class=\"yoast-schema-graph\">{\"@context\":\"https:\/\/schema.org\",\"@graph\":[{\"@type\":\"WebPage\",\"@id\":\"https:\/\/www.divertisenvivo.com\/eu\/producto\/nfl-madrid-game-divertis-en-vivo\/\",\"url\":\"https:\/\/www.divertisenvivo.com\/eu\/producto\/nfl-madrid-game-divertis-en-vivo\/\",\"name\":\"Entradas NFL Madrid 2025: compra oficial con packs de hotel | DIvertis en vivo\",\"isPartOf\":{\"@id\":\"https:\/\/www.divertisenvivo.com\/eu\/#website\"},\"primaryImageOfPage\":{\"@id\":\"https:\/\/www.divertisenvivo.com\/eu\/producto\/nfl-madrid-game-divertis-en-vivo\/#primaryimage\"},\"image\":{\"@id\":\"https:\/\/www.divertisenvivo.com\/eu\/producto\/nfl-madrid-game-divertis-en-vivo\/#primaryimage\"},\"thumbnailUrl\":\"https:\/\/i0.wp.com\/www.divertisenvivo.com\/wp-content\/uploads\/2025\/03\/unnamed-e1740998441471.png?fit=600%2C400&ssl=1\",\"datePublished\":\"2025-03-03T11:06:36+00:00\",\"dateModified\":\"2025-11-19T11:39:35+00:00\",\"description\":\"NFL Madrid Game: reserva ya tu pack de entradas m\u00e1s hotel con Divertis en Vivo para vivir la exzperiencia del futbol americano en vivo\",\"breadcrumb\":{\"@id\":\"https:\/\/www.divertisenvivo.com\/eu\/producto\/nfl-madrid-game-divertis-en-vivo\/#breadcrumb\"},\"inLanguage\":\"eu\",\"potentialAction\":[{\"@type\":\"ReadAction\",\"target\":[\"https:\/\/www.divertisenvivo.com\/eu\/producto\/nfl-madrid-game-divertis-en-vivo\/\"]}]},{\"@type\":\"ImageObject\",\"inLanguage\":\"eu\",\"@id\":\"https:\/\/www.divertisenvivo.com\/eu\/producto\/nfl-madrid-game-divertis-en-vivo\/#primaryimage\",\"url\":\"https:\/\/i0.wp.com\/www.divertisenvivo.com\/wp-content\/uploads\/2025\/03\/unnamed-e1740998441471.png?fit=600%2C400&ssl=1\",\"contentUrl\":\"https:\/\/i0.wp.com\/www.divertisenvivo.com\/wp-content\/uploads\/2025\/03\/unnamed-e1740998441471.png?fit=600%2C400&ssl=1\",\"width\":600,\"height\":400,\"caption\":\"2025NFL Madrid Game\"},{\"@type\":\"BreadcrumbList\",\"@id\":\"https:\/\/www.divertisenvivo.com\/eu\/producto\/nfl-madrid-game-divertis-en-vivo\/#breadcrumb\",\"itemListElement\":[{\"@type\":\"ListItem\",\"position\":1,\"name\":\"Portada\",\"item\":\"https:\/\/www.divertisenvivo.com\/\"},{\"@type\":\"ListItem\",\"position\":2,\"name\":\"TIENDA\",\"item\":\"https:\/\/www.divertisenvivo.com\/tienda\/\"},{\"@type\":\"ListItem\",\"position\":3,\"name\":\"NFL Madrid Game | Divertis en Vivo\"}]},{\"@type\":\"WebSite\",\"@id\":\"https:\/\/www.divertisenvivo.com\/eu\/#website\",\"url\":\"https:\/\/www.divertisenvivo.com\/eu\/\",\"name\":\"Divertis en vivo - Viajes a eventos musicales, deportivos y culturales\",\"description\":\"Desde 2007, somos tu agencia de viajes para disfrutar de tus eventos deportivos (Rugby, Futbol) y de tus eventos musicales (festivales y conciertos)\",\"publisher\":{\"@id\":\"https:\/\/www.divertisenvivo.com\/eu\/#organization\"},\"potentialAction\":[{\"@type\":\"SearchAction\",\"target\":{\"@type\":\"EntryPoint\",\"urlTemplate\":\"https:\/\/www.divertisenvivo.com\/eu\/?s={search_term_string}\"},\"query-input\":{\"@type\":\"PropertyValueSpecification\",\"valueRequired\":true,\"valueName\":\"search_term_string\"}}],\"inLanguage\":\"eu\"},{\"@type\":\"Organization\",\"@id\":\"https:\/\/www.divertisenvivo.com\/eu\/#organization\",\"name\":\"Quieres Viajar S.L.\",\"url\":\"https:\/\/www.divertisenvivo.com\/eu\/\",\"logo\":{\"@type\":\"ImageObject\",\"inLanguage\":\"eu\",\"@id\":\"https:\/\/www.divertisenvivo.com\/eu\/#\/schema\/logo\/image\/\",\"url\":\"https:\/\/www.divertisenvivo.com\/wp-content\/uploads\/2021\/01\/logo-e1610098969786.png\",\"contentUrl\":\"https:\/\/www.divertisenvivo.com\/wp-content\/uploads\/2021\/01\/logo-e1610098969786.png\",\"width\":200,\"height\":139,\"caption\":\"Quieres Viajar S.L.\"},\"image\":{\"@id\":\"https:\/\/www.divertisenvivo.com\/eu\/#\/schema\/logo\/image\/\"},\"sameAs\":[\"https:\/\/www.facebook.com\/divertisenvivo\",\"https:\/\/x.com\/divertisenvivo\",\"https:\/\/www.instagram.com\/divertisenvivo\/\",\"https:\/\/www.linkedin.com\/company\/divertis-en-vivo-viajesaconciertosyfestivales\/?viewAsMember=true\"]}]}<\/script>\n<!-- \/ Yoast SEO plugin. -->","yoast_head_json":{"title":"Entradas NFL Madrid 2025: compra oficial con packs de hotel | DIvertis en vivo","description":"NFL Madrid Game: reserva ya tu pack de entradas m\u00e1s hotel con Divertis en Vivo para vivir la exzperiencia del futbol americano en vivo","robots":{"index":"index","follow":"follow","max-snippet":"max-snippet:-1","max-image-preview":"max-image-preview:large","max-video-preview":"max-video-preview:-1"},"canonical":"https:\/\/www.divertisenvivo.com\/eu\/producto\/nfl-madrid-game-divertis-en-vivo\/","og_locale":"en_US","og_type":"article","og_title":"Entradas NFL Madrid 2025: compra oficial con packs de hotel | DIvertis en vivo","og_description":"NFL Madrid Game: reserva ya tu pack de entradas m\u00e1s hotel con Divertis en Vivo para vivir la exzperiencia del futbol americano en vivo","og_url":"https:\/\/www.divertisenvivo.com\/eu\/producto\/nfl-madrid-game-divertis-en-vivo\/","og_site_name":"Divertis en Vivo","article_publisher":"https:\/\/www.facebook.com\/divertisenvivo","article_modified_time":"2025-11-19T11:39:35+00:00","og_image":[{"width":600,"height":400,"url":"https:\/\/i0.wp.com\/www.divertisenvivo.com\/wp-content\/uploads\/2025\/03\/unnamed-e1740998441471.png?fit=600%2C400&ssl=1","type":"image\/png"}],"twitter_card":"summary_large_image","twitter_site":"@divertisenvivo","twitter_misc":{"Est. reading time":"1 minutua"},"schema":{"@context":"https:\/\/schema.org","@graph":[{"@type":"WebPage","@id":"https:\/\/www.divertisenvivo.com\/eu\/producto\/nfl-madrid-game-divertis-en-vivo\/","url":"https:\/\/www.divertisenvivo.com\/eu\/producto\/nfl-madrid-game-divertis-en-vivo\/","name":"Entradas NFL Madrid 2025: compra oficial con packs de hotel | DIvertis en vivo","isPartOf":{"@id":"https:\/\/www.divertisenvivo.com\/eu\/#website"},"primaryImageOfPage":{"@id":"https:\/\/www.divertisenvivo.com\/eu\/producto\/nfl-madrid-game-divertis-en-vivo\/#primaryimage"},"image":{"@id":"https:\/\/www.divertisenvivo.com\/eu\/producto\/nfl-madrid-game-divertis-en-vivo\/#primaryimage"},"thumbnailUrl":"https:\/\/i0.wp.com\/www.divertisenvivo.com\/wp-content\/uploads\/2025\/03\/unnamed-e1740998441471.png?fit=600%2C400&ssl=1","datePublished":"2025-03-03T11:06:36+00:00","dateModified":"2025-11-19T11:39:35+00:00","description":"NFL Madrid Game: reserva ya tu pack de entradas m\u00e1s hotel con Divertis en Vivo para vivir la exzperiencia del futbol americano en vivo","breadcrumb":{"@id":"https:\/\/www.divertisenvivo.com\/eu\/producto\/nfl-madrid-game-divertis-en-vivo\/#breadcrumb"},"inLanguage":"eu","potentialAction":[{"@type":"ReadAction","target":["https:\/\/www.divertisenvivo.com\/eu\/producto\/nfl-madrid-game-divertis-en-vivo\/"]}]},{"@type":"ImageObject","inLanguage":"eu","@id":"https:\/\/www.divertisenvivo.com\/eu\/producto\/nfl-madrid-game-divertis-en-vivo\/#primaryimage","url":"https:\/\/i0.wp.com\/www.divertisenvivo.com\/wp-content\/uploads\/2025\/03\/unnamed-e1740998441471.png?fit=600%2C400&ssl=1","contentUrl":"https:\/\/i0.wp.com\/www.divertisenvivo.com\/wp-content\/uploads\/2025\/03\/unnamed-e1740998441471.png?fit=600%2C400&ssl=1","width":600,"height":400,"caption":"2025NFL Madrid Game"},{"@type":"BreadcrumbList","@id":"https:\/\/www.divertisenvivo.com\/eu\/producto\/nfl-madrid-game-divertis-en-vivo\/#breadcrumb","itemListElement":[{"@type":"ListItem","position":1,"name":"Portada","item":"https:\/\/www.divertisenvivo.com\/"},{"@type":"ListItem","position":2,"name":"TIENDA","item":"https:\/\/www.divertisenvivo.com\/tienda\/"},{"@type":"ListItem","position":3,"name":"NFL Madrid Game | Divertis en Vivo"}]},{"@type":"WebSite","@id":"https:\/\/www.divertisenvivo.com\/eu\/#website","url":"https:\/\/www.divertisenvivo.com\/eu\/","name":"Divertis en vivo - Viajes a eventos musicales, deportivos y culturales","description":"2007 urtetik aurrera kirol eta musika ekiteldieetara eramaten zaitugun bidaia agentzia gara: rugby, futbola, festibal eta kontzertuez goza itzazu gure eskuz.","publisher":{"@id":"https:\/\/www.divertisenvivo.com\/eu\/#organization"},"potentialAction":[{"@type":"SearchAction","target":{"@type":"EntryPoint","urlTemplate":"https:\/\/www.divertisenvivo.com\/eu\/?s={search_term_string}"},"query-input":{"@type":"PropertyValueSpecification","valueRequired":true,"valueName":"search_term_string"}}],"inLanguage":"eu"},{"@type":"Organization","@id":"https:\/\/www.divertisenvivo.com\/eu\/#organization","name":"Quieres Viajar S.L.","url":"https:\/\/www.divertisenvivo.com\/eu\/","logo":{"@type":"ImageObject","inLanguage":"eu","@id":"https:\/\/www.divertisenvivo.com\/eu\/#\/schema\/logo\/image\/","url":"https:\/\/www.divertisenvivo.com\/wp-content\/uploads\/2021\/01\/logo-e1610098969786.png","contentUrl":"https:\/\/www.divertisenvivo.com\/wp-content\/uploads\/2021\/01\/logo-e1610098969786.png","width":200,"height":139,"caption":"Quieres Viajar S.L."},"image":{"@id":"https:\/\/www.divertisenvivo.com\/eu\/#\/schema\/logo\/image\/"},"sameAs":["https:\/\/www.facebook.com\/divertisenvivo","https:\/\/x.com\/divertisenvivo","https:\/\/www.instagram.com\/divertisenvivo\/","https:\/\/www.linkedin.com\/company\/divertis-en-vivo-viajesaconciertosyfestivales\/?viewAsMember=true"]}]}},"jetpack_sharing_enabled":true,"_links":{"self":[{"href":"https:\/\/www.divertisenvivo.com\/eu\/wp-json\/wp\/v2\/product\/165715","targetHints":{"allow":["GET"]}}],"collection":[{"href":"https:\/\/www.divertisenvivo.com\/eu\/wp-json\/wp\/v2\/product"}],"about":[{"href":"https:\/\/www.divertisenvivo.com\/eu\/wp-json\/wp\/v2\/types\/product"}],"version-history":[{"count":1,"href":"https:\/\/www.divertisenvivo.com\/eu\/wp-json\/wp\/v2\/product\/165715\/revisions"}],"predecessor-version":[{"id":166285,"href":"https:\/\/www.divertisenvivo.com\/eu\/wp-json\/wp\/v2\/product\/165715\/revisions\/166285"}],"wp:featuredmedia":[{"embeddable":true,"href":"https:\/\/www.divertisenvivo.com\/eu\/wp-json\/wp\/v2\/media\/165720"}],"wp:attachment":[{"href":"https:\/\/www.divertisenvivo.com\/eu\/wp-json\/wp\/v2\/media?parent=165715"}],"wp:term":[{"taxonomy":"product_brand","embeddable":true,"href":"https:\/\/www.divertisenvivo.com\/eu\/wp-json\/wp\/v2\/product_brand?post=165715"},{"taxonomy":"product_cat","embeddable":true,"href":"https:\/\/www.divertisenvivo.com\/eu\/wp-json\/wp\/v2\/product_cat?post=165715"},{"taxonomy":"product_tag","embeddable":true,"href":"https:\/\/www.divertisenvivo.com\/eu\/wp-json\/wp\/v2\/product_tag?post=165715"}],"curies":[{"name":"wp","href":"https:\/\/api.w.org\/{rel}","templated":true}]}}