{"id":168965,"date":"2025-10-08T11:36:32","date_gmt":"2025-10-08T09:36:32","guid":{"rendered":"https:\/\/www.divertisenvivo.com\/?post_type=product&#038;p=168965"},"modified":"2026-04-15T15:39:00","modified_gmt":"2026-04-15T13:39:00","slug":"gorriak-en-tour-viajes","status":"publish","type":"product","link":"https:\/\/www.divertisenvivo.com\/eu\/producto\/gorriak-on-tour-viajes\/","title":{"rendered":"Gorriak on Tour Viajes"},"content":{"rendered":"<div data-elementor-type=\"wp-post\" data-elementor-id=\"168965\" class=\"elementor elementor-168965\">\n\t\t\t\t<div class=\"elementor-element elementor-element-b1aeba2 e-flex e-con-boxed wpr-particle-no wpr-jarallax-no wpr-parallax-no wpr-sticky-section-no e-con e-parent\" data-id=\"b1aeba2\" data-element_type=\"container\">\n\t\t\t\t\t<div class=\"e-con-inner\">\n\t\t\t\t<div class=\"elementor-element elementor-element-ecf6a82 elementor-widget elementor-widget-spacer\" data-id=\"ecf6a82\" data-element_type=\"widget\" data-widget_type=\"spacer.default\">\n\t\t\t\t<div class=\"elementor-widget-container\">\n\t\t\t\t\t\t\t<div class=\"elementor-spacer\">\n\t\t\t<div class=\"elementor-spacer-inner\"><\/div>\n\t\t<\/div>\n\t\t\t\t\t\t<\/div>\n\t\t\t\t<\/div>\n\t\t\t\t<div class=\"elementor-element elementor-element-c5b4cd5 elementor-widget elementor-widget-image\" data-id=\"c5b4cd5\" data-element_type=\"widget\" data-widget_type=\"image.default\">\n\t\t\t\t<div class=\"elementor-widget-container\">\n\t\t\t\t\t\t\t\t\t\t\t\t\t\t\t<img fetchpriority=\"high\" decoding=\"async\" width=\"1920\" height=\"800\" src=\"https:\/\/i0.wp.com\/www.divertisenvivo.com\/wp-content\/uploads\/2025\/10\/Gorriak-on-Tour-IMAGENES-1920-x-800-px-3.png?fit=1920%2C800&amp;ssl=1\" class=\"attachment-full size-full wp-image-173637\" alt=\"\" srcset=\"https:\/\/i0.wp.com\/www.divertisenvivo.com\/wp-content\/uploads\/2025\/10\/Gorriak-on-Tour-IMAGENES-1920-x-800-px-3.png?w=1920&amp;ssl=1 1920w, https:\/\/i0.wp.com\/www.divertisenvivo.com\/wp-content\/uploads\/2025\/10\/Gorriak-on-Tour-IMAGENES-1920-x-800-px-3.png?resize=300%2C125&amp;ssl=1 300w, https:\/\/i0.wp.com\/www.divertisenvivo.com\/wp-content\/uploads\/2025\/10\/Gorriak-on-Tour-IMAGENES-1920-x-800-px-3.png?resize=1024%2C427&amp;ssl=1 1024w, https:\/\/i0.wp.com\/www.divertisenvivo.com\/wp-content\/uploads\/2025\/10\/Gorriak-on-Tour-IMAGENES-1920-x-800-px-3.png?resize=768%2C320&amp;ssl=1 768w, https:\/\/i0.wp.com\/www.divertisenvivo.com\/wp-content\/uploads\/2025\/10\/Gorriak-on-Tour-IMAGENES-1920-x-800-px-3.png?resize=1536%2C640&amp;ssl=1 1536w, https:\/\/i0.wp.com\/www.divertisenvivo.com\/wp-content\/uploads\/2025\/10\/Gorriak-on-Tour-IMAGENES-1920-x-800-px-3.png?resize=18%2C8&amp;ssl=1 18w, https:\/\/i0.wp.com\/www.divertisenvivo.com\/wp-content\/uploads\/2025\/10\/Gorriak-on-Tour-IMAGENES-1920-x-800-px-3.png?resize=600%2C250&amp;ssl=1 600w\" sizes=\"(max-width: 780px) 100vw, 780px\" \/>\t\t\t\t\t\t\t\t\t\t\t\t\t\t\t<\/div>\n\t\t\t\t<\/div>\n\t\t\t\t\t<\/div>\n\t\t\t\t<\/div>\n\t\t<div class=\"elementor-element elementor-element-6d7043a4 e-grid e-con-boxed wpr-particle-no wpr-jarallax-no wpr-parallax-no wpr-sticky-section-no e-con e-parent\" data-id=\"6d7043a4\" data-element_type=\"container\">\n\t\t\t\t\t<div class=\"e-con-inner\">\n\t\t\t\t<div class=\"elementor-element elementor-element-3c1fadc1 elementor-widget elementor-widget-text-editor\" data-id=\"3c1fadc1\" data-element_type=\"widget\" data-widget_type=\"text-editor.default\">\n\t\t\t\t<div class=\"elementor-widget-container\">\n\t\t\t\t\t\t\t\t\t<h1><span style=\"font-size: 36pt; font-family: georgia, palatino, serif; color: #ff0000;\"><strong>Gorriak on Tour\u00a0<\/strong><\/span><\/h1><h2><span style=\"font-family: georgia, palatino, serif;\">Athletic Club vs C.A Osasuna \/ 21 abril 19:00h<\/span><\/h2><h2><span style=\"font-family: georgia, palatino, serif;\"> Viaja y haz que se note la afici\u00f3n rojilla<\/span><\/h2><p style=\"text-align: center;\">Salidas a las 11:00 y a las 15:15 desde el Sadar. Regreso a las 21:45\u00a0<\/p><p style=\"text-align: center;\">Hemen jarri gaitzakezu:<a href=\"https:\/\/twitter.com\/divertisenvivo?lang=es\"> X<\/a><a href=\"https:\/\/www.instagram.com\/divertisenvivo\/?hl=es\">\u00a0Instagram<\/a>\u00a0eta\u00a0<a href=\"https:\/\/www.facebook.com\/divertisenvivo\/?locale=es_ES\">Facebook-en\u00a0<\/a><\/p>\t\t\t\t\t\t\t\t<\/div>\n\t\t\t\t<\/div>\n\t\t\t\t\t<\/div>\n\t\t\t\t<\/div>\n\t\t<div class=\"elementor-element elementor-element-599e8450 e-flex e-con-boxed wpr-particle-no wpr-jarallax-no wpr-parallax-no wpr-sticky-section-no e-con e-parent\" data-id=\"599e8450\" data-element_type=\"container\">\n\t\t\t\t\t<div class=\"e-con-inner\">\n\t\t\t\t<div class=\"elementor-element elementor-element-21d9a34b elementor-widget elementor-widget-text-editor\" data-id=\"21d9a34b\" data-element_type=\"widget\" data-widget_type=\"text-editor.default\">\n\t\t\t\t<div class=\"elementor-widget-container\">\n\t\t\t\t\t\t\t\t\t<h2 style=\"text-align: center; font-family: 'Montserrat', sans-serif; color: #ad0101; font-size: 1.6em; margin-bottom: 1em;\"><span style=\"color: #ff0000; font-family: arial, helvetica, sans-serif;\">Viaje a Bilbao<\/span><\/h2><h6 style=\"text-align: center;\"><span style=\"font-family: arial, helvetica, sans-serif;\">Joan-etorriko bidaiak<\/span><\/h6><div style=\"text-align: center;\"><iframe style=\"width: 100%; max-width: 100%; height: 1000px; border: none; display: block; margin: 0 auto;\" src=\"https:\/\/iframe.nemi.mobi\/new-reservation\/bus-stops?townId=201002475\" allowfullscreen=\"allowfullscreen\"><span data-mce-type=\"bookmark\" style=\"display: inline-block; width: 0px; overflow: hidden; line-height: 0;\" class=\"mce_SELRES_start\"><\/span><br \/><\/iframe><\/div>\t\t\t\t\t\t\t\t<\/div>\n\t\t\t\t<\/div>\n\t\t\t\t\t<\/div>\n\t\t\t\t<\/div>\n\t\t<div class=\"elementor-element elementor-element-1e75e475 e-flex e-con-boxed wpr-particle-no wpr-jarallax-no wpr-parallax-no wpr-sticky-section-no e-con e-parent\" data-id=\"1e75e475\" data-element_type=\"container\">\n\t\t\t\t\t<div class=\"e-con-inner\">\n\t\t\t\t<div class=\"elementor-element elementor-element-4c958f40 elementor-widget elementor-widget-text-editor\" data-id=\"4c958f40\" data-element_type=\"widget\" data-widget_type=\"text-editor.default\">\n\t\t\t\t<div class=\"elementor-widget-container\">\n\t\t\t\t\t\t\t\t\t<h2>Viajes de Gorriak on Tour.<\/h2><h3>Vive el partido y anima a los rojillos en el campo.<\/h3><p>Erreserbatu zure autobus-plaza gure webgunean eta gozatu!<\/p><p>Reserva tu plaza en nuestros viajes de Gorriak on Tour.<\/p><ul><li>Gure bidaia guztiak joan-etorrikoak dira.<\/li><li>Zure tokia erosteko gure mapan zure abiapuntua eta helmuga bilatu besterik ez duzu behar.<\/li><li>El horario del regreso ser\u00e1 a la conclusi\u00f3n de la eliminatoria.\u00a0<\/li><\/ul><p>Oharrak:<\/p><ul><li>Baliteke autobusen ordutegiak aldatzea. Kasu horretan, emailez jakinaraziko diegu erosle guztiei gora-behera hori. Hala ere, irteeraren aurreko egunean webgune hau berrikustea gomendatzen dugu ordutegiak baieztatzeko.<\/li><li>Ordutegiak apur bat alda daitezke ibilbideak birprogramatzen baldin badira.<\/li><\/ul><p>Ez zaitez tokirik gabe geratu Osasuna partiduaz gozatzeko.<\/p><h6><b>Ohizko galderak:<\/b><\/h6><ul><li>Alda dezaket nire txartela? Bai, baina gure txartelak\u00a0<strong><a href=\"https:\/\/www.divertisenvivo.com\/eu\/terminos-y-condiciones\/\">erosteko ditugun baldintzen<\/a><\/strong>\u00a0araberakoa da.<\/li><li>Txartel batzuk erosi ditut baina QR bakarra daukat. Ongi al dago? Bai, dena ongi dago. QR horretan zurekin bidaiatzen duten pertsona kopurua, irteera orduak, irteera puntua eta abar ageri dira.<\/li><li>Baieztapen-posta deskargatu behar dut? Ez, ez da beharrezkoa. Bidali dizugun mezuaren amaieran dagoen QR-a erakutsi besterik ez duzu egin behar autobusera igo aurretik<\/li><li>Divertis en Vivon erregistratu naiz eta ez dut nire eskaera ikusten. Galdu egin da? Ez, ez da galdu. Ziurrenik izena eman duzu eskaera egin ondoren. Txartela baieztatzeko posta elektronikoa eman diguzun helbide elektronikora iritsiko zaizu.<\/li><li>Janari eta edariak eraman ditzaket? Edaria bakarrik, eta itxita eta plastikozkoa izan behar du. Gainera, ez da jan edo edatea baimenduko autobusean.<\/li><li>Busean mugikor-kargagailurik al dago? Saiatzen gara gure autobus guztiek mugikor-kargagailuak izan ditzaten, baina ezin dugu bermatu.<\/li><li class=\"translation-block\">Nondik ateratzen da autobusa? Normalean, joanekoan utzi zaituzten <b>toki berean<\/b> itzultzen da. <b>Puntua aldatzen bada, beti gure gainetik dauden arrazoiengatik izaten da, eta jakinarazten dizuegu<\/b>, beharrezko informazioa jasoko duzuela ziurtatuz. Horregatik, oso garrantzitsua da eskaeran emandako datuak bidaiatuko dituen pertsonarenak izatea.<\/li><li>Bakarrik itzulera nahi dut, txartel osoa ordaindu behar al dut? Bai. Itzulera bakarrik erabiliko baduzu, eskertuko genizuke bezeroaren oharren atalean ohar bat uztea zure erosketa egiten duzunean\u00a0<\/li><li class=\"translation-block\">Itzulerako busa bakarrik hartuko dut. Nola jakingo dut nondik ateratzen den. Informazioa webgunean ez baduzu aurkitzen, bota mezua <a href=\"https:\/\/wa.me\/34621232994\" target=\"_blank\" rel=\"noopener\" data-saferedirecturl=\"https:\/\/www.google.com\/url?q=https:\/\/wa.me\/34621232994&amp;source=gmail&amp;ust=1759302264386000&amp;usg=AOvVaw16wmqY-F_bLoIUyHyz6ut5\">\u00a0621 232 994<\/a> egun bertan nor zaren adieraziz eta adieraziko dizugu.<\/li><\/ul><p class=\"translation-block\">Hemen aurkitu gaitzakezu baita ere : <a href=\"https:\/\/twitter.com\/divertisenvivo\" target=\"_self\">Twitter<\/a> <a href=\"https:\/\/www.instagram.com\/divertisenvivo\/?hl=es\" target=\"_self\">Instagram<\/a> eta <a href=\"https:\/\/es-es.facebook.com\/divertisenvivo\/\" target=\"_self\">Facebook<\/a><\/p>\t\t\t\t\t\t\t\t<\/div>\n\t\t\t\t<\/div>\n\t\t\t\t\t<\/div>\n\t\t\t\t<\/div>\n\t\t\t\t<\/div>","protected":false},"excerpt":{"rendered":"<p>Gorriak on Tour\u00a0 Athletic Club vs C.A Osasuna \/ 21 abril 19:00h Viaja y haz que se note la afici\u00f3n<\/p>","protected":false},"featured_media":173637,"template":"elementor_header_footer","meta":{"_acf_changed":false},"product_brand":[],"product_cat":[285,77,81],"product_tag":[],"class_list":{"0":"post-168965","1":"product","2":"type-product","3":"status-publish","4":"has-post-thumbnail","6":"product_cat-futbol","7":"product_cat-destacados","8":"product_cat-gorriak-on-tour","10":"first","11":"instock","12":"shipping-taxable","13":"product-type-simple"},"acf":[],"wooqr_code":"","yoast_head":"<!-- This site is optimized with the Yoast SEO plugin v25.9 - https:\/\/yoast.com\/wordpress\/plugins\/seo\/ -->\n<title>Gorriak on Tour Viajes. Reserva tu plaza con nosotros.<\/title>\n<meta name=\"description\" content=\"Gorriak on Tour Viajes - Acompa\u00f1a y anima al C.A. Osasuna en sus partidos fuera de casa. Reserva ya tu plaza de autob\u00fas y haz que se note la afici\u00f3n rojilla\" \/>\n<meta name=\"robots\" content=\"index, follow, max-snippet:-1, max-image-preview:large, max-video-preview:-1\" \/>\n<link rel=\"canonical\" href=\"https:\/\/www.divertisenvivo.com\/eu\/producto\/gorriak-on-tour-viajes\/\" \/>\n<meta property=\"og:locale\" content=\"en_US\" \/>\n<meta property=\"og:type\" content=\"article\" \/>\n<meta property=\"og:title\" content=\"Gorriak on Tour Viajes. Reserva tu plaza con nosotros.\" \/>\n<meta property=\"og:description\" content=\"Gorriak on Tour Viajes - Acompa\u00f1a y anima al C.A. Osasuna en sus partidos fuera de casa. Reserva ya tu plaza de autob\u00fas y haz que se note la afici\u00f3n rojilla\" \/>\n<meta property=\"og:url\" content=\"https:\/\/www.divertisenvivo.com\/eu\/producto\/gorriak-on-tour-viajes\/\" \/>\n<meta property=\"og:site_name\" content=\"Divertis en Vivo\" \/>\n<meta property=\"article:publisher\" content=\"https:\/\/www.facebook.com\/divertisenvivo\" \/>\n<meta property=\"article:modified_time\" content=\"2026-04-15T13:39:00+00:00\" \/>\n<meta property=\"og:image\" content=\"https:\/\/www.divertisenvivo.com\/wp-content\/uploads\/2025\/10\/Gorriak-on-Tour-IMAGENES-1920-x-800-px-3-1024x427.png\" \/>\n\t<meta property=\"og:image:width\" content=\"1024\" \/>\n\t<meta property=\"og:image:height\" content=\"427\" \/>\n\t<meta property=\"og:image:type\" content=\"image\/png\" \/>\n<meta name=\"twitter:card\" content=\"summary_large_image\" \/>\n<meta name=\"twitter:site\" content=\"@divertisenvivo\" \/>\n<meta name=\"twitter:label1\" content=\"Est. reading time\" \/>\n\t<meta name=\"twitter:data1\" content=\"3 minutua\" \/>\n<script type=\"application\/ld+json\" class=\"yoast-schema-graph\">{\"@context\":\"https:\/\/schema.org\",\"@graph\":[{\"@type\":\"WebPage\",\"@id\":\"https:\/\/www.divertisenvivo.com\/eu\/producto\/gorriak-on-tour-viajes\/\",\"url\":\"https:\/\/www.divertisenvivo.com\/eu\/producto\/gorriak-on-tour-viajes\/\",\"name\":\"Gorriak on Tour Viajes. Reserva tu plaza con nosotros.\",\"isPartOf\":{\"@id\":\"https:\/\/www.divertisenvivo.com\/eu\/#website\"},\"primaryImageOfPage\":{\"@id\":\"https:\/\/www.divertisenvivo.com\/eu\/producto\/gorriak-on-tour-viajes\/#primaryimage\"},\"image\":{\"@id\":\"https:\/\/www.divertisenvivo.com\/eu\/producto\/gorriak-on-tour-viajes\/#primaryimage\"},\"thumbnailUrl\":\"https:\/\/i0.wp.com\/www.divertisenvivo.com\/wp-content\/uploads\/2025\/10\/Gorriak-on-Tour-IMAGENES-1920-x-800-px-3.png?fit=1920%2C800&ssl=1\",\"datePublished\":\"2025-10-08T09:36:32+00:00\",\"dateModified\":\"2026-04-15T13:39:00+00:00\",\"description\":\"Gorriak on Tour Viajes - Acompa\u00f1a y anima al C.A. Osasuna en sus partidos fuera de casa. Reserva ya tu plaza de autob\u00fas y haz que se note la afici\u00f3n rojilla\",\"breadcrumb\":{\"@id\":\"https:\/\/www.divertisenvivo.com\/eu\/producto\/gorriak-on-tour-viajes\/#breadcrumb\"},\"inLanguage\":\"eu\",\"potentialAction\":[{\"@type\":\"ReadAction\",\"target\":[\"https:\/\/www.divertisenvivo.com\/eu\/producto\/gorriak-on-tour-viajes\/\"]}]},{\"@type\":\"ImageObject\",\"inLanguage\":\"eu\",\"@id\":\"https:\/\/www.divertisenvivo.com\/eu\/producto\/gorriak-on-tour-viajes\/#primaryimage\",\"url\":\"https:\/\/i0.wp.com\/www.divertisenvivo.com\/wp-content\/uploads\/2025\/10\/Gorriak-on-Tour-IMAGENES-1920-x-800-px-3.png?fit=1920%2C800&ssl=1\",\"contentUrl\":\"https:\/\/i0.wp.com\/www.divertisenvivo.com\/wp-content\/uploads\/2025\/10\/Gorriak-on-Tour-IMAGENES-1920-x-800-px-3.png?fit=1920%2C800&ssl=1\",\"width\":1920,\"height\":800},{\"@type\":\"BreadcrumbList\",\"@id\":\"https:\/\/www.divertisenvivo.com\/eu\/producto\/gorriak-on-tour-viajes\/#breadcrumb\",\"itemListElement\":[{\"@type\":\"ListItem\",\"position\":1,\"name\":\"Portada\",\"item\":\"https:\/\/www.divertisenvivo.com\/\"},{\"@type\":\"ListItem\",\"position\":2,\"name\":\"TIENDA\",\"item\":\"https:\/\/www.divertisenvivo.com\/tienda\/\"},{\"@type\":\"ListItem\",\"position\":3,\"name\":\"Gorriak on Tour Viajes\"}]},{\"@type\":\"WebSite\",\"@id\":\"https:\/\/www.divertisenvivo.com\/eu\/#website\",\"url\":\"https:\/\/www.divertisenvivo.com\/eu\/\",\"name\":\"Divertis en vivo - Viajes a eventos musicales, deportivos y culturales\",\"description\":\"Desde 2007, somos tu agencia de viajes para disfrutar de tus eventos deportivos (Rugby, Futbol) y de tus eventos musicales (festivales y conciertos)\",\"publisher\":{\"@id\":\"https:\/\/www.divertisenvivo.com\/eu\/#organization\"},\"potentialAction\":[{\"@type\":\"SearchAction\",\"target\":{\"@type\":\"EntryPoint\",\"urlTemplate\":\"https:\/\/www.divertisenvivo.com\/eu\/?s={search_term_string}\"},\"query-input\":{\"@type\":\"PropertyValueSpecification\",\"valueRequired\":true,\"valueName\":\"search_term_string\"}}],\"inLanguage\":\"eu\"},{\"@type\":\"Organization\",\"@id\":\"https:\/\/www.divertisenvivo.com\/eu\/#organization\",\"name\":\"Quieres Viajar S.L.\",\"url\":\"https:\/\/www.divertisenvivo.com\/eu\/\",\"logo\":{\"@type\":\"ImageObject\",\"inLanguage\":\"eu\",\"@id\":\"https:\/\/www.divertisenvivo.com\/eu\/#\/schema\/logo\/image\/\",\"url\":\"https:\/\/www.divertisenvivo.com\/wp-content\/uploads\/2021\/01\/logo-e1610098969786.png\",\"contentUrl\":\"https:\/\/www.divertisenvivo.com\/wp-content\/uploads\/2021\/01\/logo-e1610098969786.png\",\"width\":200,\"height\":139,\"caption\":\"Quieres Viajar S.L.\"},\"image\":{\"@id\":\"https:\/\/www.divertisenvivo.com\/eu\/#\/schema\/logo\/image\/\"},\"sameAs\":[\"https:\/\/www.facebook.com\/divertisenvivo\",\"https:\/\/x.com\/divertisenvivo\",\"https:\/\/www.instagram.com\/divertisenvivo\/\",\"https:\/\/www.linkedin.com\/company\/divertis-en-vivo-viajesaconciertosyfestivales\/?viewAsMember=true\"]}]}<\/script>\n<!-- \/ Yoast SEO plugin. -->","yoast_head_json":{"title":"Gorriak on Tour Viajes. Reserva tu plaza con nosotros.","description":"Gorriak on Tour Viajes - Acompa\u00f1a y anima al C.A. Osasuna en sus partidos fuera de casa. Reserva ya tu plaza de autob\u00fas y haz que se note la afici\u00f3n rojilla","robots":{"index":"index","follow":"follow","max-snippet":"max-snippet:-1","max-image-preview":"max-image-preview:large","max-video-preview":"max-video-preview:-1"},"canonical":"https:\/\/www.divertisenvivo.com\/eu\/producto\/gorriak-on-tour-viajes\/","og_locale":"en_US","og_type":"article","og_title":"Gorriak on Tour Viajes. Reserva tu plaza con nosotros.","og_description":"Gorriak on Tour Viajes - Acompa\u00f1a y anima al C.A. Osasuna en sus partidos fuera de casa. Reserva ya tu plaza de autob\u00fas y haz que se note la afici\u00f3n rojilla","og_url":"https:\/\/www.divertisenvivo.com\/eu\/producto\/gorriak-on-tour-viajes\/","og_site_name":"Divertis en Vivo","article_publisher":"https:\/\/www.facebook.com\/divertisenvivo","article_modified_time":"2026-04-15T13:39:00+00:00","og_image":[{"width":1024,"height":427,"url":"https:\/\/www.divertisenvivo.com\/wp-content\/uploads\/2025\/10\/Gorriak-on-Tour-IMAGENES-1920-x-800-px-3-1024x427.png","type":"image\/png"}],"twitter_card":"summary_large_image","twitter_site":"@divertisenvivo","twitter_misc":{"Est. reading time":"3 minutua"},"schema":{"@context":"https:\/\/schema.org","@graph":[{"@type":"WebPage","@id":"https:\/\/www.divertisenvivo.com\/eu\/producto\/gorriak-on-tour-viajes\/","url":"https:\/\/www.divertisenvivo.com\/eu\/producto\/gorriak-on-tour-viajes\/","name":"Gorriak on Tour Viajes. Reserva tu plaza con nosotros.","isPartOf":{"@id":"https:\/\/www.divertisenvivo.com\/eu\/#website"},"primaryImageOfPage":{"@id":"https:\/\/www.divertisenvivo.com\/eu\/producto\/gorriak-on-tour-viajes\/#primaryimage"},"image":{"@id":"https:\/\/www.divertisenvivo.com\/eu\/producto\/gorriak-on-tour-viajes\/#primaryimage"},"thumbnailUrl":"https:\/\/i0.wp.com\/www.divertisenvivo.com\/wp-content\/uploads\/2025\/10\/Gorriak-on-Tour-IMAGENES-1920-x-800-px-3.png?fit=1920%2C800&ssl=1","datePublished":"2025-10-08T09:36:32+00:00","dateModified":"2026-04-15T13:39:00+00:00","description":"Gorriak on Tour Viajes - Acompa\u00f1a y anima al C.A. Osasuna en sus partidos fuera de casa. Reserva ya tu plaza de autob\u00fas y haz que se note la afici\u00f3n rojilla","breadcrumb":{"@id":"https:\/\/www.divertisenvivo.com\/eu\/producto\/gorriak-on-tour-viajes\/#breadcrumb"},"inLanguage":"eu","potentialAction":[{"@type":"ReadAction","target":["https:\/\/www.divertisenvivo.com\/eu\/producto\/gorriak-on-tour-viajes\/"]}]},{"@type":"ImageObject","inLanguage":"eu","@id":"https:\/\/www.divertisenvivo.com\/eu\/producto\/gorriak-on-tour-viajes\/#primaryimage","url":"https:\/\/i0.wp.com\/www.divertisenvivo.com\/wp-content\/uploads\/2025\/10\/Gorriak-on-Tour-IMAGENES-1920-x-800-px-3.png?fit=1920%2C800&ssl=1","contentUrl":"https:\/\/i0.wp.com\/www.divertisenvivo.com\/wp-content\/uploads\/2025\/10\/Gorriak-on-Tour-IMAGENES-1920-x-800-px-3.png?fit=1920%2C800&ssl=1","width":1920,"height":800},{"@type":"BreadcrumbList","@id":"https:\/\/www.divertisenvivo.com\/eu\/producto\/gorriak-on-tour-viajes\/#breadcrumb","itemListElement":[{"@type":"ListItem","position":1,"name":"Portada","item":"https:\/\/www.divertisenvivo.com\/"},{"@type":"ListItem","position":2,"name":"TIENDA","item":"https:\/\/www.divertisenvivo.com\/tienda\/"},{"@type":"ListItem","position":3,"name":"Gorriak on Tour Viajes"}]},{"@type":"WebSite","@id":"https:\/\/www.divertisenvivo.com\/eu\/#website","url":"https:\/\/www.divertisenvivo.com\/eu\/","name":"Divertis en vivo - Viajes a eventos musicales, deportivos y culturales","description":"2007 urtetik aurrera kirol eta musika ekiteldieetara eramaten zaitugun bidaia agentzia gara: rugby, futbola, festibal eta kontzertuez goza itzazu gure eskuz.","publisher":{"@id":"https:\/\/www.divertisenvivo.com\/eu\/#organization"},"potentialAction":[{"@type":"SearchAction","target":{"@type":"EntryPoint","urlTemplate":"https:\/\/www.divertisenvivo.com\/eu\/?s={search_term_string}"},"query-input":{"@type":"PropertyValueSpecification","valueRequired":true,"valueName":"search_term_string"}}],"inLanguage":"eu"},{"@type":"Organization","@id":"https:\/\/www.divertisenvivo.com\/eu\/#organization","name":"Quieres Viajar S.L.","url":"https:\/\/www.divertisenvivo.com\/eu\/","logo":{"@type":"ImageObject","inLanguage":"eu","@id":"https:\/\/www.divertisenvivo.com\/eu\/#\/schema\/logo\/image\/","url":"https:\/\/www.divertisenvivo.com\/wp-content\/uploads\/2021\/01\/logo-e1610098969786.png","contentUrl":"https:\/\/www.divertisenvivo.com\/wp-content\/uploads\/2021\/01\/logo-e1610098969786.png","width":200,"height":139,"caption":"Quieres Viajar S.L."},"image":{"@id":"https:\/\/www.divertisenvivo.com\/eu\/#\/schema\/logo\/image\/"},"sameAs":["https:\/\/www.facebook.com\/divertisenvivo","https:\/\/x.com\/divertisenvivo","https:\/\/www.instagram.com\/divertisenvivo\/","https:\/\/www.linkedin.com\/company\/divertis-en-vivo-viajesaconciertosyfestivales\/?viewAsMember=true"]}]}},"jetpack_sharing_enabled":true,"_links":{"self":[{"href":"https:\/\/www.divertisenvivo.com\/eu\/wp-json\/wp\/v2\/product\/168965","targetHints":{"allow":["GET"]}}],"collection":[{"href":"https:\/\/www.divertisenvivo.com\/eu\/wp-json\/wp\/v2\/product"}],"about":[{"href":"https:\/\/www.divertisenvivo.com\/eu\/wp-json\/wp\/v2\/types\/product"}],"version-history":[{"count":130,"href":"https:\/\/www.divertisenvivo.com\/eu\/wp-json\/wp\/v2\/product\/168965\/revisions"}],"predecessor-version":[{"id":173659,"href":"https:\/\/www.divertisenvivo.com\/eu\/wp-json\/wp\/v2\/product\/168965\/revisions\/173659"}],"wp:featuredmedia":[{"embeddable":true,"href":"https:\/\/www.divertisenvivo.com\/eu\/wp-json\/wp\/v2\/media\/173637"}],"wp:attachment":[{"href":"https:\/\/www.divertisenvivo.com\/eu\/wp-json\/wp\/v2\/media?parent=168965"}],"wp:term":[{"taxonomy":"product_brand","embeddable":true,"href":"https:\/\/www.divertisenvivo.com\/eu\/wp-json\/wp\/v2\/product_brand?post=168965"},{"taxonomy":"product_cat","embeddable":true,"href":"https:\/\/www.divertisenvivo.com\/eu\/wp-json\/wp\/v2\/product_cat?post=168965"},{"taxonomy":"product_tag","embeddable":true,"href":"https:\/\/www.divertisenvivo.com\/eu\/wp-json\/wp\/v2\/product_tag?post=168965"}],"curies":[{"name":"wp","href":"https:\/\/api.w.org\/{rel}","templated":true}]}}