{"id":172835,"date":"2026-03-09T11:52:36","date_gmt":"2026-03-09T10:52:36","guid":{"rendered":"https:\/\/www.divertisenvivo.com\/?post_type=product&#038;p=172835"},"modified":"2026-04-19T11:57:01","modified_gmt":"2026-04-19T09:57:01","slug":"viaje-copa-del-rey","status":"publish","type":"product","link":"https:\/\/www.divertisenvivo.com\/eu\/producto\/viaje-copa-del-rey\/","title":{"rendered":"Final Copa del Rey"},"content":{"rendered":"<div data-elementor-type=\"wp-post\" data-elementor-id=\"172835\" class=\"elementor elementor-172835\">\n\t\t\t\t<div class=\"elementor-element elementor-element-432a7b1d e-flex e-con-boxed wpr-particle-no wpr-jarallax-no wpr-parallax-no wpr-sticky-section-no e-con e-parent\" data-id=\"432a7b1d\" data-element_type=\"container\">\n\t\t\t\t\t<div class=\"e-con-inner\">\n\t\t\t\t<div class=\"elementor-element elementor-element-2f250900 elementor-widget elementor-widget-spacer\" data-id=\"2f250900\" data-element_type=\"widget\" data-widget_type=\"spacer.default\">\n\t\t\t\t<div class=\"elementor-widget-container\">\n\t\t\t\t\t\t\t<div class=\"elementor-spacer\">\n\t\t\t<div class=\"elementor-spacer-inner\"><\/div>\n\t\t<\/div>\n\t\t\t\t\t\t<\/div>\n\t\t\t\t<\/div>\n\t\t\t\t<div class=\"elementor-element elementor-element-7c38e3e4 elementor-widget elementor-widget-image\" data-id=\"7c38e3e4\" data-element_type=\"widget\" data-widget_type=\"image.default\">\n\t\t\t\t<div class=\"elementor-widget-container\">\n\t\t\t\t\t\t\t\t\t\t\t\t\t\t\t<img fetchpriority=\"high\" decoding=\"async\" width=\"1920\" height=\"800\" src=\"https:\/\/i0.wp.com\/www.divertisenvivo.com\/wp-content\/uploads\/2026\/03\/Real-Sociedad-final-copa-1920-x-800-px-1-3.png?fit=1920%2C800&amp;ssl=1\" class=\"attachment-full size-full wp-image-173687\" alt=\"\" srcset=\"https:\/\/i0.wp.com\/www.divertisenvivo.com\/wp-content\/uploads\/2026\/03\/Real-Sociedad-final-copa-1920-x-800-px-1-3.png?w=1920&amp;ssl=1 1920w, https:\/\/i0.wp.com\/www.divertisenvivo.com\/wp-content\/uploads\/2026\/03\/Real-Sociedad-final-copa-1920-x-800-px-1-3.png?resize=300%2C125&amp;ssl=1 300w, https:\/\/i0.wp.com\/www.divertisenvivo.com\/wp-content\/uploads\/2026\/03\/Real-Sociedad-final-copa-1920-x-800-px-1-3.png?resize=1024%2C427&amp;ssl=1 1024w, https:\/\/i0.wp.com\/www.divertisenvivo.com\/wp-content\/uploads\/2026\/03\/Real-Sociedad-final-copa-1920-x-800-px-1-3.png?resize=768%2C320&amp;ssl=1 768w, https:\/\/i0.wp.com\/www.divertisenvivo.com\/wp-content\/uploads\/2026\/03\/Real-Sociedad-final-copa-1920-x-800-px-1-3.png?resize=1536%2C640&amp;ssl=1 1536w, https:\/\/i0.wp.com\/www.divertisenvivo.com\/wp-content\/uploads\/2026\/03\/Real-Sociedad-final-copa-1920-x-800-px-1-3.png?resize=18%2C8&amp;ssl=1 18w, https:\/\/i0.wp.com\/www.divertisenvivo.com\/wp-content\/uploads\/2026\/03\/Real-Sociedad-final-copa-1920-x-800-px-1-3.png?resize=600%2C250&amp;ssl=1 600w\" sizes=\"(max-width: 780px) 100vw, 780px\" \/>\t\t\t\t\t\t\t\t\t\t\t\t\t\t\t<\/div>\n\t\t\t\t<\/div>\n\t\t\t\t\t<\/div>\n\t\t\t\t<\/div>\n\t\t<div class=\"elementor-element elementor-element-2ba4ea53 e-grid e-con-boxed wpr-particle-no wpr-jarallax-no wpr-parallax-no wpr-sticky-section-no e-con e-parent\" data-id=\"2ba4ea53\" data-element_type=\"container\">\n\t\t\t\t\t<div class=\"e-con-inner\">\n\t\t\t\t<div class=\"elementor-element elementor-element-554681ea elementor-widget elementor-widget-text-editor\" data-id=\"554681ea\" data-element_type=\"widget\" data-widget_type=\"text-editor.default\">\n\t\t\t\t<div class=\"elementor-widget-container\">\n\t\t\t\t\t\t\t\t\t<h1><span style=\"font-family: georgia, palatino, serif;\">Rutas de Autob\u00fas Final Copa del Rey<\/span><\/h1><ul><li style=\"text-align: left;\">DONOSTIA: <strong>23:30<\/strong> Bus 1 , 2 y 3 <span style=\"color: #0000ff;\">Estaci\u00f3n de Autobuses<\/span><\/li><li style=\"text-align: left;\">OIARTZUN: <strong>23:00<\/strong> <span style=\"color: #0000ff;\">Parada bus Iparralde<\/span> <span style=\"color: #0000ff;\">Etorbidea<\/span>\u00a0 (Hace parada en Donostia (bus 3) a las 23:30))<\/li><li style=\"text-align: left;\">ERRENTERIA: <strong>23:00<\/strong> <span style=\"color: #0000ff;\">Parada Niessen<\/span> &#8211; BERGARA: <strong>23:35<\/strong> <span style=\"color: #0000ff;\">Madina Amillaga<\/span><\/li><li style=\"text-align: left;\">IRUN: <strong>23:00<\/strong> <span style=\"color: #0000ff;\">Stadium Gal<\/span> &#8211; ELGOIBAR: <strong>23:50<\/strong> <span style=\"color: #0000ff;\">Barrio Sigma<\/span><\/li><li style=\"text-align: left;\">ZARAUTZ: <strong>22:45<\/strong> <span style=\"color: #0000ff;\">Zubiaurrezahar 1<\/span> &#8211; EIBAR: <strong>23:20<\/strong> <span style=\"color: #0000ff;\">Azitain<\/span> &#8211; ARRASATE: <strong>23:50<\/strong> <span style=\"color: #0000ff;\">Ospitalea<\/span><\/li><li style=\"text-align: left;\">TOLOSA: <strong>23:15<\/strong> <span style=\"color: #0000ff;\">Rondilla Kalea<\/span> &#8211; BEASAIN: <strong>23:45<\/strong> <span style=\"color: #0000ff;\">Geltokia<\/span><\/li><li style=\"text-align: left;\">HERNANI: <strong>22:50<\/strong> <span style=\"color: #0000ff;\">Zinkoenea 2<\/span> &#8211; LASARTE <strong>23:05<\/strong> <span style=\"color: #0000ff;\">Kale Nagusia 4<\/span> &#8211; ANDOAIN: <strong>23:15<\/strong> <span style=\"color: #0000ff;\">Kaleberria Kalea 12<\/span><\/li><\/ul><p><span style=\"font-size: 14pt;\"><strong><span style=\"color: #ff0000;\">Vuelta dos horas tras la finalizaci\u00f3n del partido.<\/span><\/strong><\/span><\/p><p style=\"text-align: center;\">Hemen jarri gaitzakezu: <a href=\"https:\/\/www.instagram.com\/divertisenvivo\/?hl=es\">\u00a0Instagram<\/a>\u00a0eta\u00a0<a href=\"https:\/\/www.facebook.com\/divertisenvivo\/?locale=es_ES\">Facebook-en\u00a0<\/a><\/p>\t\t\t\t\t\t\t\t<\/div>\n\t\t\t\t<\/div>\n\t\t\t\t\t<\/div>\n\t\t\t\t<\/div>\n\t\t<div class=\"elementor-element elementor-element-29c4090b e-flex e-con-boxed wpr-particle-no wpr-jarallax-no wpr-parallax-no wpr-sticky-section-no e-con e-parent\" data-id=\"29c4090b\" data-element_type=\"container\">\n\t\t\t\t\t<div class=\"e-con-inner\">\n\t\t\t\t<div class=\"elementor-element elementor-element-13c7cb11 elementor-widget elementor-widget-text-editor\" data-id=\"13c7cb11\" data-element_type=\"widget\" data-widget_type=\"text-editor.default\">\n\t\t\t\t<div class=\"elementor-widget-container\">\n\t\t\t\t\t\t\t\t\t<h2>Viaje organizado Final Copa del Rey 2026\u00a0<\/h2><h3>Bizi finala Sevillan. Gipuzkoa osoa lotzen dugu La Cartujaraino joateko. Baieztatutako bidaiak.\u00a0<\/h3><ul><li>Gure bidaia guztiak joan-etorrikoak dira.<\/li><li>Itzulerako ordutegia finala amaitu eta 2 ordura izango da.\u00a0\u00a0<\/li><\/ul><p>Oharrak:<\/p><ul><li>Baliteke autobusen ordutegiak aldatzea. Kasu horretan, emailez jakinaraziko diegu erosle guztiei gora-behera hori. Hala ere, irteeraren aurreko egunean webgune hau berrikustea gomendatzen dugu ordutegiak baieztatzeko.<\/li><\/ul><h2><span style=\"font-size: 14pt;\">Sevillarako bidaia, Errege Kopako finala, giro eta erosotasunarekin<\/span><\/h2><h6><b>Ohizko galderak:<\/b><\/h6><ul><li>Alda dezaket nire txartela? Bai, baina gure txartelak\u00a0<strong><a href=\"https:\/\/www.divertisenvivo.com\/eu\/terminos-y-condiciones\/\">erosteko ditugun baldintzen<\/a><\/strong>\u00a0araberakoa da.<\/li><li>Txartel batzuk erosi ditut baina QR bakarra daukat. Ongi al dago? Bai, dena ongi dago. QR horretan zurekin bidaiatzen duten pertsona kopurua, irteera orduak, irteera puntua eta abar ageri dira.<\/li><li>Baieztapen-posta deskargatu behar dut? Ez, ez da beharrezkoa. Bidali dizugun mezuaren amaieran dagoen QR-a erakutsi besterik ez duzu egin behar autobusera igo aurretik<\/li><li>Divertis en Vivon erregistratu naiz eta ez dut nire eskaera ikusten. Galdu egin da? Ez, ez da galdu. Ziurrenik izena eman duzu eskaera egin ondoren. Txartela baieztatzeko posta elektronikoa eman diguzun helbide elektronikora iritsiko zaizu.<\/li><li>Janari eta edariak eraman ditzaket? Edaria bakarrik, eta itxita eta plastikozkoa izan behar du. Gainera, ez da jan edo edatea baimenduko autobusean.<\/li><li>Busean mugikor-kargagailurik al dago? Saiatzen gara gure autobus guztiek mugikor-kargagailuak izan ditzaten, baina ezin dugu bermatu.<\/li><li class=\"translation-block\">Nondik ateratzen da autobusa? Normalean, joanekoan utzi zaituzten <b>toki berean<\/b> itzultzen da. <b>Puntua aldatzen bada, beti gure gainetik dauden arrazoiengatik izaten da, eta jakinarazten dizuegu<\/b>, beharrezko informazioa jasoko duzuela ziurtatuz. Horregatik, oso garrantzitsua da eskaeran emandako datuak bidaiatuko dituen pertsonarenak izatea.<\/li><li>Bakarrik itzulera nahi dut, txartel osoa ordaindu behar al dut? Bai. Itzulera bakarrik erabiliko baduzu, eskertuko genizuke bezeroaren oharren atalean ohar bat uztea zure erosketa egiten duzunean\u00a0<\/li><li class=\"translation-block\">Itzulerako busa bakarrik hartuko dut. Nola jakingo dut nondik ateratzen den. Informazioa webgunean ez baduzu aurkitzen, bota mezua <a href=\"https:\/\/wa.me\/34621232994\" target=\"_blank\" rel=\"noopener\" data-saferedirecturl=\"https:\/\/www.google.com\/url?q=https:\/\/wa.me\/34621232994&amp;source=gmail&amp;ust=1759302264386000&amp;usg=AOvVaw16wmqY-F_bLoIUyHyz6ut5\">\u00a0621 232 994<\/a> egun bertan nor zaren adieraziz eta adieraziko dizugu.<\/li><\/ul><p>Sare sozialetan ere aurki gaitzakezu:\u00a0<a href=\"https:\/\/www.instagram.com\/divertisenvivo\/?hl=es\">Instagram\u00a0<\/a>eta\u00a0<a href=\"https:\/\/es-es.facebook.com\/divertisenvivo\/\">Facebook-en<\/a><\/p>\t\t\t\t\t\t\t\t<\/div>\n\t\t\t\t<\/div>\n\t\t\t\t\t<\/div>\n\t\t\t\t<\/div>\n\t\t\t\t<\/div>","protected":false},"excerpt":{"rendered":"<p>Rutas de Autob\u00fas Final Copa del Rey DONOSTIA: 23:30 Bus 1 , 2 y 3 Estaci\u00f3n de Autobuses OIARTZUN: 23:00<\/p>","protected":false},"featured_media":173687,"template":"elementor_header_footer","meta":{"_acf_changed":false},"product_brand":[],"product_cat":[15],"product_tag":[],"class_list":{"0":"post-172835","1":"product","2":"type-product","3":"status-publish","4":"has-post-thumbnail","6":"product_cat-sin-categoria","8":"first","9":"outofstock","10":"shipping-taxable","11":"product-type-simple"},"acf":[],"wooqr_code":"","yoast_head":"<!-- This site is optimized with the Yoast SEO plugin v25.9 - https:\/\/yoast.com\/wordpress\/plugins\/seo\/ -->\n<title>Autob\u00fas Final Copa del Rey | Divertis en Vivo<\/title>\n<meta name=\"description\" content=\"Viaja a la final de la Copa del Rey en La Cartuja de Sevilla el pr\u00f3ximo 18 de abril. C\u00f3modo, directo y con ambiente de afici\u00f3n. \u00a1Reserva tu plaza!\" \/>\n<meta name=\"robots\" content=\"index, follow, max-snippet:-1, max-image-preview:large, max-video-preview:-1\" \/>\n<link rel=\"canonical\" href=\"https:\/\/www.divertisenvivo.com\/eu\/producto\/viaje-copa-del-rey\/\" \/>\n<meta property=\"og:locale\" content=\"en_US\" \/>\n<meta property=\"og:type\" content=\"article\" \/>\n<meta property=\"og:title\" content=\"Autob\u00fas Final Copa del Rey | Divertis en Vivo\" \/>\n<meta property=\"og:description\" content=\"Viaja a la final de la Copa del Rey en La Cartuja de Sevilla el pr\u00f3ximo 18 de abril. C\u00f3modo, directo y con ambiente de afici\u00f3n. \u00a1Reserva tu plaza!\" \/>\n<meta property=\"og:url\" content=\"https:\/\/www.divertisenvivo.com\/eu\/producto\/viaje-copa-del-rey\/\" \/>\n<meta property=\"og:site_name\" content=\"Divertis en Vivo\" \/>\n<meta property=\"article:publisher\" content=\"https:\/\/www.facebook.com\/divertisenvivo\" \/>\n<meta property=\"article:modified_time\" content=\"2026-04-19T09:57:01+00:00\" \/>\n<meta property=\"og:image\" content=\"https:\/\/www.divertisenvivo.com\/wp-content\/uploads\/2026\/03\/Real-Sociedad-final-copa-1920-x-800-px-1-3.png\" \/>\n\t<meta property=\"og:image:width\" content=\"1920\" \/>\n\t<meta property=\"og:image:height\" content=\"800\" \/>\n\t<meta property=\"og:image:type\" content=\"image\/png\" \/>\n<meta name=\"twitter:card\" content=\"summary_large_image\" \/>\n<meta name=\"twitter:site\" content=\"@divertisenvivo\" \/>\n<meta name=\"twitter:label1\" content=\"Est. reading time\" \/>\n\t<meta name=\"twitter:data1\" content=\"3 minutua\" \/>\n<script type=\"application\/ld+json\" class=\"yoast-schema-graph\">{\"@context\":\"https:\/\/schema.org\",\"@graph\":[{\"@type\":\"WebPage\",\"@id\":\"https:\/\/www.divertisenvivo.com\/eu\/producto\/viaje-copa-del-rey\/\",\"url\":\"https:\/\/www.divertisenvivo.com\/eu\/producto\/viaje-copa-del-rey\/\",\"name\":\"Autob\u00fas Final Copa del Rey | Divertis en Vivo\",\"isPartOf\":{\"@id\":\"https:\/\/www.divertisenvivo.com\/eu\/#website\"},\"primaryImageOfPage\":{\"@id\":\"https:\/\/www.divertisenvivo.com\/eu\/producto\/viaje-copa-del-rey\/#primaryimage\"},\"image\":{\"@id\":\"https:\/\/www.divertisenvivo.com\/eu\/producto\/viaje-copa-del-rey\/#primaryimage\"},\"thumbnailUrl\":\"https:\/\/i0.wp.com\/www.divertisenvivo.com\/wp-content\/uploads\/2026\/03\/Real-Sociedad-final-copa-1920-x-800-px-1-3.png?fit=1920%2C800&ssl=1\",\"datePublished\":\"2026-03-09T10:52:36+00:00\",\"dateModified\":\"2026-04-19T09:57:01+00:00\",\"description\":\"Viaja a la final de la Copa del Rey en La Cartuja de Sevilla el pr\u00f3ximo 18 de abril. C\u00f3modo, directo y con ambiente de afici\u00f3n. \u00a1Reserva tu plaza!\",\"breadcrumb\":{\"@id\":\"https:\/\/www.divertisenvivo.com\/eu\/producto\/viaje-copa-del-rey\/#breadcrumb\"},\"inLanguage\":\"eu\",\"potentialAction\":[{\"@type\":\"ReadAction\",\"target\":[\"https:\/\/www.divertisenvivo.com\/eu\/producto\/viaje-copa-del-rey\/\"]}]},{\"@type\":\"ImageObject\",\"inLanguage\":\"eu\",\"@id\":\"https:\/\/www.divertisenvivo.com\/eu\/producto\/viaje-copa-del-rey\/#primaryimage\",\"url\":\"https:\/\/i0.wp.com\/www.divertisenvivo.com\/wp-content\/uploads\/2026\/03\/Real-Sociedad-final-copa-1920-x-800-px-1-3.png?fit=1920%2C800&ssl=1\",\"contentUrl\":\"https:\/\/i0.wp.com\/www.divertisenvivo.com\/wp-content\/uploads\/2026\/03\/Real-Sociedad-final-copa-1920-x-800-px-1-3.png?fit=1920%2C800&ssl=1\",\"width\":1920,\"height\":800},{\"@type\":\"BreadcrumbList\",\"@id\":\"https:\/\/www.divertisenvivo.com\/eu\/producto\/viaje-copa-del-rey\/#breadcrumb\",\"itemListElement\":[{\"@type\":\"ListItem\",\"position\":1,\"name\":\"Portada\",\"item\":\"https:\/\/www.divertisenvivo.com\/\"},{\"@type\":\"ListItem\",\"position\":2,\"name\":\"TIENDA\",\"item\":\"https:\/\/www.divertisenvivo.com\/tienda\/\"},{\"@type\":\"ListItem\",\"position\":3,\"name\":\"Final Copa del Rey\"}]},{\"@type\":\"WebSite\",\"@id\":\"https:\/\/www.divertisenvivo.com\/eu\/#website\",\"url\":\"https:\/\/www.divertisenvivo.com\/eu\/\",\"name\":\"Divertis en vivo - Viajes a eventos musicales, deportivos y culturales\",\"description\":\"Desde 2007, somos tu agencia de viajes para disfrutar de tus eventos deportivos (Rugby, Futbol) y de tus eventos musicales (festivales y conciertos)\",\"publisher\":{\"@id\":\"https:\/\/www.divertisenvivo.com\/eu\/#organization\"},\"potentialAction\":[{\"@type\":\"SearchAction\",\"target\":{\"@type\":\"EntryPoint\",\"urlTemplate\":\"https:\/\/www.divertisenvivo.com\/eu\/?s={search_term_string}\"},\"query-input\":{\"@type\":\"PropertyValueSpecification\",\"valueRequired\":true,\"valueName\":\"search_term_string\"}}],\"inLanguage\":\"eu\"},{\"@type\":\"Organization\",\"@id\":\"https:\/\/www.divertisenvivo.com\/eu\/#organization\",\"name\":\"Quieres Viajar S.L.\",\"url\":\"https:\/\/www.divertisenvivo.com\/eu\/\",\"logo\":{\"@type\":\"ImageObject\",\"inLanguage\":\"eu\",\"@id\":\"https:\/\/www.divertisenvivo.com\/eu\/#\/schema\/logo\/image\/\",\"url\":\"https:\/\/www.divertisenvivo.com\/wp-content\/uploads\/2021\/01\/logo-e1610098969786.png\",\"contentUrl\":\"https:\/\/www.divertisenvivo.com\/wp-content\/uploads\/2021\/01\/logo-e1610098969786.png\",\"width\":200,\"height\":139,\"caption\":\"Quieres Viajar S.L.\"},\"image\":{\"@id\":\"https:\/\/www.divertisenvivo.com\/eu\/#\/schema\/logo\/image\/\"},\"sameAs\":[\"https:\/\/www.facebook.com\/divertisenvivo\",\"https:\/\/x.com\/divertisenvivo\",\"https:\/\/www.instagram.com\/divertisenvivo\/\",\"https:\/\/www.linkedin.com\/company\/divertis-en-vivo-viajesaconciertosyfestivales\/?viewAsMember=true\"]}]}<\/script>\n<!-- \/ Yoast SEO plugin. -->","yoast_head_json":{"title":"Autob\u00fas Final Copa del Rey | Divertis en Vivo","description":"Viaja a la final de la Copa del Rey en La Cartuja de Sevilla el pr\u00f3ximo 18 de abril. C\u00f3modo, directo y con ambiente de afici\u00f3n. \u00a1Reserva tu plaza!","robots":{"index":"index","follow":"follow","max-snippet":"max-snippet:-1","max-image-preview":"max-image-preview:large","max-video-preview":"max-video-preview:-1"},"canonical":"https:\/\/www.divertisenvivo.com\/eu\/producto\/viaje-copa-del-rey\/","og_locale":"en_US","og_type":"article","og_title":"Autob\u00fas Final Copa del Rey | Divertis en Vivo","og_description":"Viaja a la final de la Copa del Rey en La Cartuja de Sevilla el pr\u00f3ximo 18 de abril. C\u00f3modo, directo y con ambiente de afici\u00f3n. \u00a1Reserva tu plaza!","og_url":"https:\/\/www.divertisenvivo.com\/eu\/producto\/viaje-copa-del-rey\/","og_site_name":"Divertis en Vivo","article_publisher":"https:\/\/www.facebook.com\/divertisenvivo","article_modified_time":"2026-04-19T09:57:01+00:00","og_image":[{"width":1920,"height":800,"url":"https:\/\/www.divertisenvivo.com\/wp-content\/uploads\/2026\/03\/Real-Sociedad-final-copa-1920-x-800-px-1-3.png","type":"image\/png"}],"twitter_card":"summary_large_image","twitter_site":"@divertisenvivo","twitter_misc":{"Est. reading time":"3 minutua"},"schema":{"@context":"https:\/\/schema.org","@graph":[{"@type":"WebPage","@id":"https:\/\/www.divertisenvivo.com\/eu\/producto\/viaje-copa-del-rey\/","url":"https:\/\/www.divertisenvivo.com\/eu\/producto\/viaje-copa-del-rey\/","name":"Autob\u00fas Final Copa del Rey | Divertis en Vivo","isPartOf":{"@id":"https:\/\/www.divertisenvivo.com\/eu\/#website"},"primaryImageOfPage":{"@id":"https:\/\/www.divertisenvivo.com\/eu\/producto\/viaje-copa-del-rey\/#primaryimage"},"image":{"@id":"https:\/\/www.divertisenvivo.com\/eu\/producto\/viaje-copa-del-rey\/#primaryimage"},"thumbnailUrl":"https:\/\/i0.wp.com\/www.divertisenvivo.com\/wp-content\/uploads\/2026\/03\/Real-Sociedad-final-copa-1920-x-800-px-1-3.png?fit=1920%2C800&ssl=1","datePublished":"2026-03-09T10:52:36+00:00","dateModified":"2026-04-19T09:57:01+00:00","description":"Viaja a la final de la Copa del Rey en La Cartuja de Sevilla el pr\u00f3ximo 18 de abril. C\u00f3modo, directo y con ambiente de afici\u00f3n. \u00a1Reserva tu plaza!","breadcrumb":{"@id":"https:\/\/www.divertisenvivo.com\/eu\/producto\/viaje-copa-del-rey\/#breadcrumb"},"inLanguage":"eu","potentialAction":[{"@type":"ReadAction","target":["https:\/\/www.divertisenvivo.com\/eu\/producto\/viaje-copa-del-rey\/"]}]},{"@type":"ImageObject","inLanguage":"eu","@id":"https:\/\/www.divertisenvivo.com\/eu\/producto\/viaje-copa-del-rey\/#primaryimage","url":"https:\/\/i0.wp.com\/www.divertisenvivo.com\/wp-content\/uploads\/2026\/03\/Real-Sociedad-final-copa-1920-x-800-px-1-3.png?fit=1920%2C800&ssl=1","contentUrl":"https:\/\/i0.wp.com\/www.divertisenvivo.com\/wp-content\/uploads\/2026\/03\/Real-Sociedad-final-copa-1920-x-800-px-1-3.png?fit=1920%2C800&ssl=1","width":1920,"height":800},{"@type":"BreadcrumbList","@id":"https:\/\/www.divertisenvivo.com\/eu\/producto\/viaje-copa-del-rey\/#breadcrumb","itemListElement":[{"@type":"ListItem","position":1,"name":"Portada","item":"https:\/\/www.divertisenvivo.com\/"},{"@type":"ListItem","position":2,"name":"TIENDA","item":"https:\/\/www.divertisenvivo.com\/tienda\/"},{"@type":"ListItem","position":3,"name":"Final Copa del Rey"}]},{"@type":"WebSite","@id":"https:\/\/www.divertisenvivo.com\/eu\/#website","url":"https:\/\/www.divertisenvivo.com\/eu\/","name":"Divertis en vivo - Viajes a eventos musicales, deportivos y culturales","description":"2007 urtetik aurrera kirol eta musika ekiteldieetara eramaten zaitugun bidaia agentzia gara: rugby, futbola, festibal eta kontzertuez goza itzazu gure eskuz.","publisher":{"@id":"https:\/\/www.divertisenvivo.com\/eu\/#organization"},"potentialAction":[{"@type":"SearchAction","target":{"@type":"EntryPoint","urlTemplate":"https:\/\/www.divertisenvivo.com\/eu\/?s={search_term_string}"},"query-input":{"@type":"PropertyValueSpecification","valueRequired":true,"valueName":"search_term_string"}}],"inLanguage":"eu"},{"@type":"Organization","@id":"https:\/\/www.divertisenvivo.com\/eu\/#organization","name":"Quieres Viajar S.L.","url":"https:\/\/www.divertisenvivo.com\/eu\/","logo":{"@type":"ImageObject","inLanguage":"eu","@id":"https:\/\/www.divertisenvivo.com\/eu\/#\/schema\/logo\/image\/","url":"https:\/\/www.divertisenvivo.com\/wp-content\/uploads\/2021\/01\/logo-e1610098969786.png","contentUrl":"https:\/\/www.divertisenvivo.com\/wp-content\/uploads\/2021\/01\/logo-e1610098969786.png","width":200,"height":139,"caption":"Quieres Viajar S.L."},"image":{"@id":"https:\/\/www.divertisenvivo.com\/eu\/#\/schema\/logo\/image\/"},"sameAs":["https:\/\/www.facebook.com\/divertisenvivo","https:\/\/x.com\/divertisenvivo","https:\/\/www.instagram.com\/divertisenvivo\/","https:\/\/www.linkedin.com\/company\/divertis-en-vivo-viajesaconciertosyfestivales\/?viewAsMember=true"]}]}},"jetpack_sharing_enabled":true,"_links":{"self":[{"href":"https:\/\/www.divertisenvivo.com\/eu\/wp-json\/wp\/v2\/product\/172835","targetHints":{"allow":["GET"]}}],"collection":[{"href":"https:\/\/www.divertisenvivo.com\/eu\/wp-json\/wp\/v2\/product"}],"about":[{"href":"https:\/\/www.divertisenvivo.com\/eu\/wp-json\/wp\/v2\/types\/product"}],"version-history":[{"count":89,"href":"https:\/\/www.divertisenvivo.com\/eu\/wp-json\/wp\/v2\/product\/172835\/revisions"}],"predecessor-version":[{"id":173722,"href":"https:\/\/www.divertisenvivo.com\/eu\/wp-json\/wp\/v2\/product\/172835\/revisions\/173722"}],"wp:featuredmedia":[{"embeddable":true,"href":"https:\/\/www.divertisenvivo.com\/eu\/wp-json\/wp\/v2\/media\/173687"}],"wp:attachment":[{"href":"https:\/\/www.divertisenvivo.com\/eu\/wp-json\/wp\/v2\/media?parent=172835"}],"wp:term":[{"taxonomy":"product_brand","embeddable":true,"href":"https:\/\/www.divertisenvivo.com\/eu\/wp-json\/wp\/v2\/product_brand?post=172835"},{"taxonomy":"product_cat","embeddable":true,"href":"https:\/\/www.divertisenvivo.com\/eu\/wp-json\/wp\/v2\/product_cat?post=172835"},{"taxonomy":"product_tag","embeddable":true,"href":"https:\/\/www.divertisenvivo.com\/eu\/wp-json\/wp\/v2\/product_tag?post=172835"}],"curies":[{"name":"wp","href":"https:\/\/api.w.org\/{rel}","templated":true}]}}