{"id":172862,"date":"2026-03-09T16:15:58","date_gmt":"2026-03-09T15:15:58","guid":{"rendered":"https:\/\/www.divertisenvivo.com\/?post_type=product&#038;p=172862"},"modified":"2026-03-25T16:34:45","modified_gmt":"2026-03-25T15:34:45","slug":"la-velada","status":"publish","type":"product","link":"https:\/\/www.divertisenvivo.com\/eu\/producto\/la-velada\/","title":{"rendered":"La Velada"},"content":{"rendered":"<div data-elementor-type=\"wp-post\" data-elementor-id=\"172862\" class=\"elementor elementor-172862\">\n\t\t\t\t<div class=\"elementor-element elementor-element-23c3ef67 e-flex e-con-boxed wpr-particle-no wpr-jarallax-no wpr-parallax-no wpr-sticky-section-no e-con e-parent\" data-id=\"23c3ef67\" data-element_type=\"container\">\n\t\t\t\t\t<div class=\"e-con-inner\">\n\t\t\t\t<div class=\"elementor-element elementor-element-d8d2121 elementor-widget elementor-widget-spacer\" data-id=\"d8d2121\" data-element_type=\"widget\" data-widget_type=\"spacer.default\">\n\t\t\t\t<div class=\"elementor-widget-container\">\n\t\t\t\t\t\t\t<div class=\"elementor-spacer\">\n\t\t\t<div class=\"elementor-spacer-inner\"><\/div>\n\t\t<\/div>\n\t\t\t\t\t\t<\/div>\n\t\t\t\t<\/div>\n\t\t\t\t<div class=\"elementor-element elementor-element-5e14cf9b elementor-widget elementor-widget-image\" data-id=\"5e14cf9b\" data-element_type=\"widget\" data-widget_type=\"image.default\">\n\t\t\t\t<div class=\"elementor-widget-container\">\n\t\t\t\t\t\t\t\t\t\t\t\t\t\t\t<img fetchpriority=\"high\" decoding=\"async\" width=\"1920\" height=\"800\" src=\"https:\/\/i0.wp.com\/www.divertisenvivo.com\/wp-content\/uploads\/2026\/03\/La-velada-2026-1920-x-800-px.png?fit=1920%2C800&amp;ssl=1\" class=\"attachment-full size-full wp-image-172864\" alt=\"\" srcset=\"https:\/\/i0.wp.com\/www.divertisenvivo.com\/wp-content\/uploads\/2026\/03\/La-velada-2026-1920-x-800-px.png?w=1920&amp;ssl=1 1920w, https:\/\/i0.wp.com\/www.divertisenvivo.com\/wp-content\/uploads\/2026\/03\/La-velada-2026-1920-x-800-px.png?resize=300%2C125&amp;ssl=1 300w, https:\/\/i0.wp.com\/www.divertisenvivo.com\/wp-content\/uploads\/2026\/03\/La-velada-2026-1920-x-800-px.png?resize=1024%2C427&amp;ssl=1 1024w, https:\/\/i0.wp.com\/www.divertisenvivo.com\/wp-content\/uploads\/2026\/03\/La-velada-2026-1920-x-800-px.png?resize=768%2C320&amp;ssl=1 768w, https:\/\/i0.wp.com\/www.divertisenvivo.com\/wp-content\/uploads\/2026\/03\/La-velada-2026-1920-x-800-px.png?resize=1536%2C640&amp;ssl=1 1536w, https:\/\/i0.wp.com\/www.divertisenvivo.com\/wp-content\/uploads\/2026\/03\/La-velada-2026-1920-x-800-px.png?resize=18%2C8&amp;ssl=1 18w, https:\/\/i0.wp.com\/www.divertisenvivo.com\/wp-content\/uploads\/2026\/03\/La-velada-2026-1920-x-800-px.png?resize=600%2C250&amp;ssl=1 600w\" sizes=\"(max-width: 780px) 100vw, 780px\" \/>\t\t\t\t\t\t\t\t\t\t\t\t\t\t\t<\/div>\n\t\t\t\t<\/div>\n\t\t\t\t\t<\/div>\n\t\t\t\t<\/div>\n\t\t<div class=\"elementor-element elementor-element-261ece4a e-grid e-con-boxed wpr-particle-no wpr-jarallax-no wpr-parallax-no wpr-sticky-section-no e-con e-parent\" data-id=\"261ece4a\" data-element_type=\"container\">\n\t\t\t\t\t<div class=\"e-con-inner\">\n\t\t\t\t<div class=\"elementor-element elementor-element-69f447a9 elementor-widget elementor-widget-text-editor\" data-id=\"69f447a9\" data-element_type=\"widget\" data-widget_type=\"text-editor.default\">\n\t\t\t\t<div class=\"elementor-widget-container\">\n\t\t\t\t\t\t\t\t\t<h1 style=\"text-align: center;\"><span style=\"color: #800000;\"><span style=\"color: #ad0101;\"> Viajes a La Velada<\/span><\/span><\/h1><h3 style=\"text-align: center;\"><span style=\"font-family: arial, helvetica, sans-serif;\">Erreserbatu zure joan-etorriko autobusa<\/span><\/h3><h3 style=\"text-align: center;\"><span style=\"font-family: arial, helvetica, sans-serif; font-size: 14pt;\"><strong>25 de julio, La cartuja (Sevilla)<\/strong><\/span><\/h3><p style=\"text-align: center;\"><span style=\"font-family: arial, helvetica, sans-serif;\">Reserva tu autob\u00fas para el La Velada VI en Sevilla. Un a\u00f1o m\u00e1s de la mano de ALSA organizamos viajes en bus desde toda Espa\u00f1a. <\/span><\/p><p style=\"text-align: center;\"><span style=\"font-family: arial, helvetica, sans-serif;\">Si quieres puedes completar el viaje reservando hotel y entrada. Solo tienes que escribirnos un mail a <strong><a href=\"mailto:info@divertisenvivo.com\">info@divertisenvivo.com <\/a><\/strong>y creamos tu pack personalizado.<\/span><\/p><p style=\"text-align: center;\"><span style=\"font-family: arial, helvetica, sans-serif;\">Antolatutako bidaiei buruzko galderarik baduzu, jarri gurekin harremanetan e-mail bidez <a href=\"mailto:info@divertisenvivo.com\">info@divertisenvivo.com.<\/a><\/span><\/p><h2 style=\"text-align: center;\">\u00a0<\/h2>\t\t\t\t\t\t\t\t<\/div>\n\t\t\t\t<\/div>\n\t\t\t\t\t<\/div>\n\t\t\t\t<\/div>\n\t\t<div class=\"elementor-element elementor-element-453e5ad3 e-flex e-con-boxed wpr-particle-no wpr-jarallax-no wpr-parallax-no wpr-sticky-section-no e-con e-parent\" data-id=\"453e5ad3\" data-element_type=\"container\">\n\t\t\t\t\t<div class=\"e-con-inner\">\n\t\t\t\t<div class=\"elementor-element elementor-element-280e36aa elementor-align-center elementor-widget elementor-widget-button\" data-id=\"280e36aa\" data-element_type=\"widget\" data-widget_type=\"button.default\">\n\t\t\t\t<div class=\"elementor-widget-container\">\n\t\t\t\t\t\t\t\t\t<div class=\"elementor-button-wrapper\">\n\t\t\t\t\t<a class=\"elementor-button elementor-button-link elementor-size-sm\" href=\"https:\/\/buslavelada.alsa.es\/\">\n\t\t\t\t\t\t<span class=\"elementor-button-content-wrapper\">\n\t\t\t\t\t\t\t\t\t<span class=\"elementor-button-text\">Compra tu viaje para La Velada VI<\/span>\n\t\t\t\t\t<\/span>\n\t\t\t\t\t<\/a>\n\t\t\t\t<\/div>\n\t\t\t\t\t\t\t\t<\/div>\n\t\t\t\t<\/div>\n\t\t\t\t\t<\/div>\n\t\t\t\t<\/div>\n\t\t<div class=\"elementor-element elementor-element-7facbb23 e-flex e-con-boxed wpr-particle-no wpr-jarallax-no wpr-parallax-no wpr-sticky-section-no e-con e-parent\" data-id=\"7facbb23\" data-element_type=\"container\">\n\t\t\t\t\t<div class=\"e-con-inner\">\n\t\t\t\t<div class=\"elementor-element elementor-element-422b2602 elementor-widget elementor-widget-spacer\" data-id=\"422b2602\" data-element_type=\"widget\" data-widget_type=\"spacer.default\">\n\t\t\t\t<div class=\"elementor-widget-container\">\n\t\t\t\t\t\t\t<div class=\"elementor-spacer\">\n\t\t\t<div class=\"elementor-spacer-inner\"><\/div>\n\t\t<\/div>\n\t\t\t\t\t\t<\/div>\n\t\t\t\t<\/div>\n\t\t\t\t\t<\/div>\n\t\t\t\t<\/div>\n\t\t<div class=\"elementor-element elementor-element-694a2f88 e-flex e-con-boxed wpr-particle-no wpr-jarallax-no wpr-parallax-no wpr-sticky-section-no e-con e-parent\" data-id=\"694a2f88\" data-element_type=\"container\">\n\t\t\t\t\t<div class=\"e-con-inner\">\n\t\t\t\t<div class=\"elementor-element elementor-element-6b110a0e elementor-widget elementor-widget-text-editor\" data-id=\"6b110a0e\" data-element_type=\"widget\" data-widget_type=\"text-editor.default\">\n\t\t\t\t<div class=\"elementor-widget-container\">\n\t\t\t\t\t\t\t\t\t<h2><span style=\"color: #ad0100;\">Transporte para La Velada VI<\/span><\/h2><p>Nuestro transporte para La Velada VI en La Cartuja de Sevilla ofrece horarios coordinados con el evento, puntos de recogida claros y un servicio c\u00f3modo tanto a la ida como a la vuelta. Es la alternativa ideal para quienes quieren asegurar su plaza y no depender del transporte p\u00fablico nocturno.<\/p><h3>Viajes La Velada VI<\/h3><p>Reserva tu plaza de autob\u00fas desde nuestra web y disfruta de la magia de La Velada VI<\/p><p><span style=\"font-size: 14px;\">Gure bidaia guztiak joan-etorrikoak dira.<\/span><\/p><ul><li>Zure tokia erosteko egizu klik goiko botoian bilatu zure eguna eta abiapuntua.\u00a0<\/li><li>Itzulerako ordutegia txartel berean adierazita dago.<\/li><\/ul><h6>Oharrak:<\/h6><ul><li>Baliteke autobusen ordutegiak aldatzea. Kasu horretan, emailez jakinaraziko diegu erosle guztiei gora-behera hori. Hala ere, irteeraren aurreko egunean webgune hau berrikustea gomendatzen dugu ordutegiak baieztatzeko.<\/li><li>Ordutegiak apur bat alda daitezke ibilbideak birprogramatzen baldin badira.<\/li><li>Pertsona talde bat bazarete eta zuen herria zerrendan ez badago, mail bat bidal diezagukezue musica@divertisenvivo.com helbidera eta zuen eskaera aztertuko dugu irteera puntu berri gisa zuen herria sartzeko.<\/li><\/ul><p>Reserva tu plaza de autob\u00fas para poder disfrutar de la manera m\u00e1s c\u00f3moda, f\u00e1cil y segura.<\/p><p class=\"translation-block\">Kontsulta ezazu eskuragarritasuna hurrengo helbidean:<\/p><p class=\"translation-block\">Gure musika-eskaintza osoa kontsulta dezakezu bai <a href=\"https:\/\/www.divertisenvivo.com\/eu\/product-category\/musica-en-vivo\/viajes-conciertos-musicales-entradas-oficiales\/\" target=\"_self\">Kontzertuetarako bidaiak<\/a> bai <a href=\"https:\/\/www.divertisenvivo.com\/eu\/product-category\/musica-en-vivo\/viajes-festivales-musicales\/\" target=\"_self\">Jaialdietarako bidaiak<\/a> ataletan.<\/p><p>Jarraitu <a href=\"https:\/\/www.instagram.com\/divertisenvivo\/?hl=es\">Instagram\u00a0<\/a>eta\u00a0<a href=\"https:\/\/es-es.facebook.com\/divertisenvivo\/\">Facebook-en<\/a><\/p>\t\t\t\t\t\t\t\t<\/div>\n\t\t\t\t<\/div>\n\t\t\t\t\t<\/div>\n\t\t\t\t<\/div>\n\t\t<div class=\"elementor-element elementor-element-42ea628b e-flex e-con-boxed wpr-particle-no wpr-jarallax-no wpr-parallax-no wpr-sticky-section-no e-con e-parent\" data-id=\"42ea628b\" data-element_type=\"container\">\n\t\t\t\t\t<div class=\"e-con-inner\">\n\t\t\t\t<div class=\"elementor-element elementor-element-38f14950 elementor-widget elementor-widget-text-editor\" data-id=\"38f14950\" data-element_type=\"widget\" data-widget_type=\"text-editor.default\">\n\t\t\t\t<div class=\"elementor-widget-container\">\n\t\t\t\t\t\t\t\t\t<h6><b>Ohizko galderak:<\/b><\/h6><ul><li>Alda dezaket nire txartela? Bai, baina gure txartelak\u00a0<strong><a href=\"https:\/\/www.divertisenvivo.com\/eu\/terminos-y-condiciones\/\">erosteko ditugun baldintzen<\/a><\/strong>\u00a0araberakoa da.<\/li><li>Txartel batzuk erosi ditut baina QR bakarra daukat. Ongi al dago? Bai, dena ongi dago. QR horretan zurekin bidaiatzen duten pertsona kopurua, irteera orduak, irteera puntua eta abar ageri dira.<\/li><li>Baieztapen-posta deskargatu behar dut? Ez, ez da beharrezkoa. Bidali dizugun mezuaren amaieran dagoen QR-a erakutsi besterik ez duzu egin behar autobusera igo aurretik<\/li><li>Divertis en Vivon erregistratu naiz eta ez dut nire eskaera ikusten. Galdu egin da? Ez, ez da galdu. Ziurrenik izena eman duzu eskaera egin ondoren. Txartela baieztatzeko posta elektronikoa eman diguzun helbide elektronikora iritsiko zaizu.<\/li><li>Janari eta edariak eraman ditzaket? Edaria bakarrik, eta itxita eta plastikozkoa izan behar du. Gainera, ez da jan edo edatea baimenduko autobusean.<\/li><li>Busean mugikor-kargagailurik al dago? Saiatzen gara gure autobus guztiek mugikor-kargagailuak izan ditzaten, baina ezin dugu bermatu.<\/li><li class=\"translation-block\">Nondik ateratzen da autobusa? Normalean, joanekoan utzi zaituzten <b>toki berean<\/b> itzultzen da. <b>Puntua aldatzen bada, beti gure gainetik dauden arrazoiengatik izaten da, eta jakinarazten dizuegu<\/b>, beharrezko informazioa jasoko duzuela ziurtatuz. Horregatik, oso garrantzitsua da eskaeran emandako datuak bidaiatuko dituen pertsonarenak izatea.<\/li><li>Bakarrik itzulera nahi dut, txartel osoa ordaindu behar al dut? Bai. Itzulera bakarrik erabiliko baduzu, eskertuko genizuke bezeroaren oharren atalean ohar bat uztea zure erosketa egiten duzunean\u00a0<\/li><li class=\"translation-block\">Itzulerako busa bakarrik hartuko dut. Nola jakingo dut nondik ateratzen den. Informazioa webgunean ez baduzu aurkitzen, bota mezua <a href=\"https:\/\/wa.me\/34621232994\" target=\"_blank\" rel=\"noopener\" data-saferedirecturl=\"https:\/\/www.google.com\/url?q=https:\/\/wa.me\/34621232994&amp;source=gmail&amp;ust=1759302264386000&amp;usg=AOvVaw16wmqY-F_bLoIUyHyz6ut5\">\u00a0621 232 994<\/a> egun bertan nor zaren adieraziz eta adieraziko dizugu.<\/li><\/ul>\t\t\t\t\t\t\t\t<\/div>\n\t\t\t\t<\/div>\n\t\t\t\t\t<\/div>\n\t\t\t\t<\/div>\n\t\t<div class=\"elementor-element elementor-element-2f0d3f11 e-flex e-con-boxed wpr-particle-no wpr-jarallax-no wpr-parallax-no wpr-sticky-section-no e-con e-parent\" data-id=\"2f0d3f11\" data-element_type=\"container\">\n\t\t\t\t\t<div class=\"e-con-inner\">\n\t\t\t\t<div class=\"elementor-element elementor-element-5edb57de elementor-widget elementor-widget-spacer\" data-id=\"5edb57de\" data-element_type=\"widget\" data-widget_type=\"spacer.default\">\n\t\t\t\t<div class=\"elementor-widget-container\">\n\t\t\t\t\t\t\t<div class=\"elementor-spacer\">\n\t\t\t<div class=\"elementor-spacer-inner\"><\/div>\n\t\t<\/div>\n\t\t\t\t\t\t<\/div>\n\t\t\t\t<\/div>\n\t\t\t\t\t<\/div>\n\t\t\t\t<\/div>\n\t\t\t\t<\/div>","protected":false},"excerpt":{"rendered":"<p>Viajes a La Velada Reserva tu autob\u00fas de ida y vuelta 25 de julio, La cartuja (Sevilla) Reserva tu autob\u00fas<\/p>","protected":false},"featured_media":172864,"template":"elementor_header_footer","meta":{"_acf_changed":false},"product_brand":[],"product_cat":[276,238,286,332,77,71],"product_tag":[],"class_list":{"0":"post-172862","1":"product","2":"type-product","3":"status-publish","4":"has-post-thumbnail","6":"product_cat-conciertos-destacados","7":"product_cat-otros-conciertos","8":"product_cat-reggaeton","9":"product_cat-urbana","10":"product_cat-destacados","11":"product_cat-musica-en-vivo","13":"first","14":"instock","15":"shipping-taxable","16":"product-type-simple"},"acf":[],"wooqr_code":"","yoast_head":"<!-- This site is optimized with the Yoast SEO plugin v25.9 - https:\/\/yoast.com\/wordpress\/plugins\/seo\/ -->\n<title>La Velada - Divertis en Vivo<\/title>\n<meta name=\"description\" content=\"Viaja de la mano de Alsa a La Velada en La Cartuja de Sevilla el 25 de julio. Viajes desde toda Espa\u00f1a. Reserva tu plaza de autob\u00fas con Divertis en Vivo.\" \/>\n<meta name=\"robots\" content=\"index, follow, max-snippet:-1, max-image-preview:large, max-video-preview:-1\" \/>\n<link rel=\"canonical\" href=\"https:\/\/www.divertisenvivo.com\/eu\/producto\/la-velada\/\" \/>\n<meta property=\"og:locale\" content=\"en_US\" \/>\n<meta property=\"og:type\" content=\"article\" \/>\n<meta property=\"og:title\" content=\"La Velada - Divertis en Vivo\" \/>\n<meta property=\"og:description\" content=\"Viaja de la mano de Alsa a La Velada en La Cartuja de Sevilla el 25 de julio. Viajes desde toda Espa\u00f1a. Reserva tu plaza de autob\u00fas con Divertis en Vivo.\" \/>\n<meta property=\"og:url\" content=\"https:\/\/www.divertisenvivo.com\/eu\/producto\/la-velada\/\" \/>\n<meta property=\"og:site_name\" content=\"Divertis en Vivo\" \/>\n<meta property=\"article:publisher\" content=\"https:\/\/www.facebook.com\/divertisenvivo\" \/>\n<meta property=\"article:modified_time\" content=\"2026-03-25T15:34:45+00:00\" \/>\n<meta property=\"og:image\" content=\"https:\/\/i0.wp.com\/www.divertisenvivo.com\/wp-content\/uploads\/2026\/03\/La-velada-2026-1920-x-800-px.png?fit=1920%2C800&ssl=1\" \/>\n\t<meta property=\"og:image:width\" content=\"1920\" \/>\n\t<meta property=\"og:image:height\" content=\"800\" \/>\n\t<meta property=\"og:image:type\" content=\"image\/png\" \/>\n<meta name=\"twitter:card\" content=\"summary_large_image\" \/>\n<meta name=\"twitter:site\" content=\"@divertisenvivo\" \/>\n<meta name=\"twitter:label1\" content=\"Est. reading time\" \/>\n\t<meta name=\"twitter:data1\" content=\"3 minutua\" \/>\n<script type=\"application\/ld+json\" class=\"yoast-schema-graph\">{\"@context\":\"https:\/\/schema.org\",\"@graph\":[{\"@type\":\"WebPage\",\"@id\":\"https:\/\/www.divertisenvivo.com\/eu\/producto\/la-velada\/\",\"url\":\"https:\/\/www.divertisenvivo.com\/eu\/producto\/la-velada\/\",\"name\":\"La Velada - Divertis en Vivo\",\"isPartOf\":{\"@id\":\"https:\/\/www.divertisenvivo.com\/eu\/#website\"},\"primaryImageOfPage\":{\"@id\":\"https:\/\/www.divertisenvivo.com\/eu\/producto\/la-velada\/#primaryimage\"},\"image\":{\"@id\":\"https:\/\/www.divertisenvivo.com\/eu\/producto\/la-velada\/#primaryimage\"},\"thumbnailUrl\":\"https:\/\/i0.wp.com\/www.divertisenvivo.com\/wp-content\/uploads\/2026\/03\/La-velada-2026-1920-x-800-px.png?fit=1920%2C800&ssl=1\",\"datePublished\":\"2026-03-09T15:15:58+00:00\",\"dateModified\":\"2026-03-25T15:34:45+00:00\",\"description\":\"Viaja de la mano de Alsa a La Velada en La Cartuja de Sevilla el 25 de julio. Viajes desde toda Espa\u00f1a. Reserva tu plaza de autob\u00fas con Divertis en Vivo.\",\"breadcrumb\":{\"@id\":\"https:\/\/www.divertisenvivo.com\/eu\/producto\/la-velada\/#breadcrumb\"},\"inLanguage\":\"eu\",\"potentialAction\":[{\"@type\":\"ReadAction\",\"target\":[\"https:\/\/www.divertisenvivo.com\/eu\/producto\/la-velada\/\"]}]},{\"@type\":\"ImageObject\",\"inLanguage\":\"eu\",\"@id\":\"https:\/\/www.divertisenvivo.com\/eu\/producto\/la-velada\/#primaryimage\",\"url\":\"https:\/\/i0.wp.com\/www.divertisenvivo.com\/wp-content\/uploads\/2026\/03\/La-velada-2026-1920-x-800-px.png?fit=1920%2C800&ssl=1\",\"contentUrl\":\"https:\/\/i0.wp.com\/www.divertisenvivo.com\/wp-content\/uploads\/2026\/03\/La-velada-2026-1920-x-800-px.png?fit=1920%2C800&ssl=1\",\"width\":1920,\"height\":800},{\"@type\":\"BreadcrumbList\",\"@id\":\"https:\/\/www.divertisenvivo.com\/eu\/producto\/la-velada\/#breadcrumb\",\"itemListElement\":[{\"@type\":\"ListItem\",\"position\":1,\"name\":\"Portada\",\"item\":\"https:\/\/www.divertisenvivo.com\/\"},{\"@type\":\"ListItem\",\"position\":2,\"name\":\"TIENDA\",\"item\":\"https:\/\/www.divertisenvivo.com\/tienda\/\"},{\"@type\":\"ListItem\",\"position\":3,\"name\":\"La Velada\"}]},{\"@type\":\"WebSite\",\"@id\":\"https:\/\/www.divertisenvivo.com\/eu\/#website\",\"url\":\"https:\/\/www.divertisenvivo.com\/eu\/\",\"name\":\"Divertis en vivo - Viajes a eventos musicales, deportivos y culturales\",\"description\":\"Desde 2007, somos tu agencia de viajes para disfrutar de tus eventos deportivos (Rugby, Futbol) y de tus eventos musicales (festivales y conciertos)\",\"publisher\":{\"@id\":\"https:\/\/www.divertisenvivo.com\/eu\/#organization\"},\"potentialAction\":[{\"@type\":\"SearchAction\",\"target\":{\"@type\":\"EntryPoint\",\"urlTemplate\":\"https:\/\/www.divertisenvivo.com\/eu\/?s={search_term_string}\"},\"query-input\":{\"@type\":\"PropertyValueSpecification\",\"valueRequired\":true,\"valueName\":\"search_term_string\"}}],\"inLanguage\":\"eu\"},{\"@type\":\"Organization\",\"@id\":\"https:\/\/www.divertisenvivo.com\/eu\/#organization\",\"name\":\"Quieres Viajar S.L.\",\"url\":\"https:\/\/www.divertisenvivo.com\/eu\/\",\"logo\":{\"@type\":\"ImageObject\",\"inLanguage\":\"eu\",\"@id\":\"https:\/\/www.divertisenvivo.com\/eu\/#\/schema\/logo\/image\/\",\"url\":\"https:\/\/www.divertisenvivo.com\/wp-content\/uploads\/2021\/01\/logo-e1610098969786.png\",\"contentUrl\":\"https:\/\/www.divertisenvivo.com\/wp-content\/uploads\/2021\/01\/logo-e1610098969786.png\",\"width\":200,\"height\":139,\"caption\":\"Quieres Viajar S.L.\"},\"image\":{\"@id\":\"https:\/\/www.divertisenvivo.com\/eu\/#\/schema\/logo\/image\/\"},\"sameAs\":[\"https:\/\/www.facebook.com\/divertisenvivo\",\"https:\/\/x.com\/divertisenvivo\",\"https:\/\/www.instagram.com\/divertisenvivo\/\",\"https:\/\/www.linkedin.com\/company\/divertis-en-vivo-viajesaconciertosyfestivales\/?viewAsMember=true\"]}]}<\/script>\n<!-- \/ Yoast SEO plugin. -->","yoast_head_json":{"title":"La Velada - Divertis en Vivo","description":"Viaja de la mano de Alsa a La Velada en La Cartuja de Sevilla el 25 de julio. Viajes desde toda Espa\u00f1a. Reserva tu plaza de autob\u00fas con Divertis en Vivo.","robots":{"index":"index","follow":"follow","max-snippet":"max-snippet:-1","max-image-preview":"max-image-preview:large","max-video-preview":"max-video-preview:-1"},"canonical":"https:\/\/www.divertisenvivo.com\/eu\/producto\/la-velada\/","og_locale":"en_US","og_type":"article","og_title":"La Velada - Divertis en Vivo","og_description":"Viaja de la mano de Alsa a La Velada en La Cartuja de Sevilla el 25 de julio. Viajes desde toda Espa\u00f1a. Reserva tu plaza de autob\u00fas con Divertis en Vivo.","og_url":"https:\/\/www.divertisenvivo.com\/eu\/producto\/la-velada\/","og_site_name":"Divertis en Vivo","article_publisher":"https:\/\/www.facebook.com\/divertisenvivo","article_modified_time":"2026-03-25T15:34:45+00:00","og_image":[{"width":1920,"height":800,"url":"https:\/\/i0.wp.com\/www.divertisenvivo.com\/wp-content\/uploads\/2026\/03\/La-velada-2026-1920-x-800-px.png?fit=1920%2C800&ssl=1","type":"image\/png"}],"twitter_card":"summary_large_image","twitter_site":"@divertisenvivo","twitter_misc":{"Est. reading time":"3 minutua"},"schema":{"@context":"https:\/\/schema.org","@graph":[{"@type":"WebPage","@id":"https:\/\/www.divertisenvivo.com\/eu\/producto\/la-velada\/","url":"https:\/\/www.divertisenvivo.com\/eu\/producto\/la-velada\/","name":"La Velada - Divertis en Vivo","isPartOf":{"@id":"https:\/\/www.divertisenvivo.com\/eu\/#website"},"primaryImageOfPage":{"@id":"https:\/\/www.divertisenvivo.com\/eu\/producto\/la-velada\/#primaryimage"},"image":{"@id":"https:\/\/www.divertisenvivo.com\/eu\/producto\/la-velada\/#primaryimage"},"thumbnailUrl":"https:\/\/i0.wp.com\/www.divertisenvivo.com\/wp-content\/uploads\/2026\/03\/La-velada-2026-1920-x-800-px.png?fit=1920%2C800&ssl=1","datePublished":"2026-03-09T15:15:58+00:00","dateModified":"2026-03-25T15:34:45+00:00","description":"Viaja de la mano de Alsa a La Velada en La Cartuja de Sevilla el 25 de julio. Viajes desde toda Espa\u00f1a. Reserva tu plaza de autob\u00fas con Divertis en Vivo.","breadcrumb":{"@id":"https:\/\/www.divertisenvivo.com\/eu\/producto\/la-velada\/#breadcrumb"},"inLanguage":"eu","potentialAction":[{"@type":"ReadAction","target":["https:\/\/www.divertisenvivo.com\/eu\/producto\/la-velada\/"]}]},{"@type":"ImageObject","inLanguage":"eu","@id":"https:\/\/www.divertisenvivo.com\/eu\/producto\/la-velada\/#primaryimage","url":"https:\/\/i0.wp.com\/www.divertisenvivo.com\/wp-content\/uploads\/2026\/03\/La-velada-2026-1920-x-800-px.png?fit=1920%2C800&ssl=1","contentUrl":"https:\/\/i0.wp.com\/www.divertisenvivo.com\/wp-content\/uploads\/2026\/03\/La-velada-2026-1920-x-800-px.png?fit=1920%2C800&ssl=1","width":1920,"height":800},{"@type":"BreadcrumbList","@id":"https:\/\/www.divertisenvivo.com\/eu\/producto\/la-velada\/#breadcrumb","itemListElement":[{"@type":"ListItem","position":1,"name":"Portada","item":"https:\/\/www.divertisenvivo.com\/"},{"@type":"ListItem","position":2,"name":"TIENDA","item":"https:\/\/www.divertisenvivo.com\/tienda\/"},{"@type":"ListItem","position":3,"name":"La Velada"}]},{"@type":"WebSite","@id":"https:\/\/www.divertisenvivo.com\/eu\/#website","url":"https:\/\/www.divertisenvivo.com\/eu\/","name":"Divertis en vivo - Viajes a eventos musicales, deportivos y culturales","description":"2007 urtetik aurrera kirol eta musika ekiteldieetara eramaten zaitugun bidaia agentzia gara: rugby, futbola, festibal eta kontzertuez goza itzazu gure eskuz.","publisher":{"@id":"https:\/\/www.divertisenvivo.com\/eu\/#organization"},"potentialAction":[{"@type":"SearchAction","target":{"@type":"EntryPoint","urlTemplate":"https:\/\/www.divertisenvivo.com\/eu\/?s={search_term_string}"},"query-input":{"@type":"PropertyValueSpecification","valueRequired":true,"valueName":"search_term_string"}}],"inLanguage":"eu"},{"@type":"Organization","@id":"https:\/\/www.divertisenvivo.com\/eu\/#organization","name":"Quieres Viajar S.L.","url":"https:\/\/www.divertisenvivo.com\/eu\/","logo":{"@type":"ImageObject","inLanguage":"eu","@id":"https:\/\/www.divertisenvivo.com\/eu\/#\/schema\/logo\/image\/","url":"https:\/\/www.divertisenvivo.com\/wp-content\/uploads\/2021\/01\/logo-e1610098969786.png","contentUrl":"https:\/\/www.divertisenvivo.com\/wp-content\/uploads\/2021\/01\/logo-e1610098969786.png","width":200,"height":139,"caption":"Quieres Viajar S.L."},"image":{"@id":"https:\/\/www.divertisenvivo.com\/eu\/#\/schema\/logo\/image\/"},"sameAs":["https:\/\/www.facebook.com\/divertisenvivo","https:\/\/x.com\/divertisenvivo","https:\/\/www.instagram.com\/divertisenvivo\/","https:\/\/www.linkedin.com\/company\/divertis-en-vivo-viajesaconciertosyfestivales\/?viewAsMember=true"]}]}},"jetpack_sharing_enabled":true,"_links":{"self":[{"href":"https:\/\/www.divertisenvivo.com\/eu\/wp-json\/wp\/v2\/product\/172862","targetHints":{"allow":["GET"]}}],"collection":[{"href":"https:\/\/www.divertisenvivo.com\/eu\/wp-json\/wp\/v2\/product"}],"about":[{"href":"https:\/\/www.divertisenvivo.com\/eu\/wp-json\/wp\/v2\/types\/product"}],"version-history":[{"count":12,"href":"https:\/\/www.divertisenvivo.com\/eu\/wp-json\/wp\/v2\/product\/172862\/revisions"}],"predecessor-version":[{"id":173158,"href":"https:\/\/www.divertisenvivo.com\/eu\/wp-json\/wp\/v2\/product\/172862\/revisions\/173158"}],"wp:featuredmedia":[{"embeddable":true,"href":"https:\/\/www.divertisenvivo.com\/eu\/wp-json\/wp\/v2\/media\/172864"}],"wp:attachment":[{"href":"https:\/\/www.divertisenvivo.com\/eu\/wp-json\/wp\/v2\/media?parent=172862"}],"wp:term":[{"taxonomy":"product_brand","embeddable":true,"href":"https:\/\/www.divertisenvivo.com\/eu\/wp-json\/wp\/v2\/product_brand?post=172862"},{"taxonomy":"product_cat","embeddable":true,"href":"https:\/\/www.divertisenvivo.com\/eu\/wp-json\/wp\/v2\/product_cat?post=172862"},{"taxonomy":"product_tag","embeddable":true,"href":"https:\/\/www.divertisenvivo.com\/eu\/wp-json\/wp\/v2\/product_tag?post=172862"}],"curies":[{"name":"wp","href":"https:\/\/api.w.org\/{rel}","templated":true}]}}