{"id":173117,"date":"2026-03-24T17:09:34","date_gmt":"2026-03-24T16:09:34","guid":{"rendered":"https:\/\/www.divertisenvivo.com\/?post_type=product&#038;p=173117"},"modified":"2026-04-19T11:56:42","modified_gmt":"2026-04-19T09:56:42","slug":"tren-final-copa-sevilla","status":"publish","type":"product","link":"https:\/\/www.divertisenvivo.com\/eu\/producto\/tren-final-copa-sevilla\/","title":{"rendered":"Sevilla Kopako Finalerako Trena"},"content":{"rendered":"<div data-elementor-type=\"wp-post\" data-elementor-id=\"173117\" class=\"elementor elementor-173117\">\n\t\t\t\t<div class=\"elementor-element elementor-element-432a7b1d e-flex e-con-boxed wpr-particle-no wpr-jarallax-no wpr-parallax-no wpr-sticky-section-no wpr-column-slider-no wpr-equal-height-no e-con e-parent\" data-id=\"432a7b1d\" data-element_type=\"container\" data-e-type=\"container\">\n\t\t\t\t\t<div class=\"e-con-inner\">\n\t\t\t\t<div class=\"elementor-element elementor-element-2f250900 elementor-widget elementor-widget-spacer\" data-id=\"2f250900\" data-element_type=\"widget\" data-e-type=\"widget\" data-widget_type=\"spacer.default\">\n\t\t\t\t<div class=\"elementor-widget-container\">\n\t\t\t\t\t\t\t<div class=\"elementor-spacer\">\n\t\t\t<div class=\"elementor-spacer-inner\"><\/div>\n\t\t<\/div>\n\t\t\t\t\t\t<\/div>\n\t\t\t\t<\/div>\n\t\t\t\t<div class=\"elementor-element elementor-element-7c38e3e4 elementor-widget elementor-widget-image\" data-id=\"7c38e3e4\" data-element_type=\"widget\" data-e-type=\"widget\" data-widget_type=\"image.default\">\n\t\t\t\t<div class=\"elementor-widget-container\">\n\t\t\t\t\t\t\t\t\t\t\t\t\t\t\t<img fetchpriority=\"high\" decoding=\"async\" width=\"1920\" height=\"800\" src=\"https:\/\/i0.wp.com\/www.divertisenvivo.com\/wp-content\/uploads\/2026\/03\/Real-Sociedad-final-copa-1920-x-800-px-6.png?fit=1920%2C800&amp;ssl=1\" class=\"attachment-full size-full wp-image-173713\" alt=\"\" srcset=\"https:\/\/i0.wp.com\/www.divertisenvivo.com\/wp-content\/uploads\/2026\/03\/Real-Sociedad-final-copa-1920-x-800-px-6.png?w=1920&amp;ssl=1 1920w, https:\/\/i0.wp.com\/www.divertisenvivo.com\/wp-content\/uploads\/2026\/03\/Real-Sociedad-final-copa-1920-x-800-px-6.png?resize=300%2C125&amp;ssl=1 300w, https:\/\/i0.wp.com\/www.divertisenvivo.com\/wp-content\/uploads\/2026\/03\/Real-Sociedad-final-copa-1920-x-800-px-6.png?resize=1024%2C427&amp;ssl=1 1024w, https:\/\/i0.wp.com\/www.divertisenvivo.com\/wp-content\/uploads\/2026\/03\/Real-Sociedad-final-copa-1920-x-800-px-6.png?resize=768%2C320&amp;ssl=1 768w, https:\/\/i0.wp.com\/www.divertisenvivo.com\/wp-content\/uploads\/2026\/03\/Real-Sociedad-final-copa-1920-x-800-px-6.png?resize=1536%2C640&amp;ssl=1 1536w, https:\/\/i0.wp.com\/www.divertisenvivo.com\/wp-content\/uploads\/2026\/03\/Real-Sociedad-final-copa-1920-x-800-px-6.png?resize=18%2C8&amp;ssl=1 18w, https:\/\/i0.wp.com\/www.divertisenvivo.com\/wp-content\/uploads\/2026\/03\/Real-Sociedad-final-copa-1920-x-800-px-6.png?resize=600%2C250&amp;ssl=1 600w\" sizes=\"(max-width: 780px) 100vw, 780px\" \/>\t\t\t\t\t\t\t\t\t\t\t\t\t\t\t<\/div>\n\t\t\t\t<\/div>\n\t\t\t\t\t<\/div>\n\t\t\t\t<\/div>\n\t\t<div class=\"elementor-element elementor-element-2ba4ea53 e-grid e-con-boxed wpr-particle-no wpr-jarallax-no wpr-parallax-no wpr-sticky-section-no wpr-column-slider-no wpr-equal-height-no e-con e-parent\" data-id=\"2ba4ea53\" data-element_type=\"container\" data-e-type=\"container\">\n\t\t\t\t\t<div class=\"e-con-inner\">\n\t\t\t\t<div class=\"elementor-element elementor-element-554681ea elementor-widget elementor-widget-text-editor\" data-id=\"554681ea\" data-element_type=\"widget\" data-e-type=\"widget\" data-widget_type=\"text-editor.default\">\n\t\t\t\t<div class=\"elementor-widget-container\">\n\t\t\t\t\t\t\t\t\t<h1><span style=\"font-family: georgia, palatino, serif;\">Itinerario de TREN Final Copa del Rey<\/span><\/h1><h2 style=\"text-align: left;\"><span style=\"font-size: 12pt;\"><strong>Trayecto de ida<\/strong><\/span><\/h2><ul><li style=\"text-align: left;\">DONOSTIA \/ SAN SEBASTI\u00c1N \u2013 <strong>02:10 h<\/strong><br \/>El acceso al tren se realizar\u00e1 desde el <span style=\"color: #0000ff;\">pasadizo de Tabakalera<\/span>.<br \/>El embarque comenzar\u00e1 a las 01:30 h<br \/>Cierre de puertas: 02:00 h<\/li><li style=\"text-align: left;\">TOLOSA \u2013 <strong>02:40 h<\/strong><\/li><li style=\"text-align: left;\">ZUM\u00c1RRAGA \u2013 <strong>03:16 h<\/strong><\/li><\/ul><p style=\"text-align: left;\">A partir de Zum\u00e1rraga, el tren realizar\u00e1 el trayecto directo y sin paradas hasta destino.<br \/>La llegada est\u00e1 prevista a el Apeadero de La Cartuja.<\/p><h2 style=\"text-align: left;\"><span style=\"font-size: 12pt;\"><strong>Trayecto de vuelta<\/strong><\/span><br \/><span style=\"color: #0000ff; font-size: 12pt;\">Salida desde el Apeadero de La Cartuja:<\/span><\/h2><ul><li style=\"text-align: left;\"><span style=\"color: #ff0000;\">En caso de derrota<\/span>: salida <span style=\"color: #ff0000; font-size: 14pt;\"><strong>1 hora y media despu\u00e9s de la final<\/strong> <\/span>(incluyendo pr\u00f3rroga y <br \/>posibles penaltis).<\/li><li style=\"text-align: left;\"><span style=\"color: #ff0000;\">En caso de victoria<\/span>: salida <span style=\"color: #ff0000; font-size: 14pt;\"><strong>2 horas<\/strong> <strong>despu\u00e9s de la final<\/strong> <\/span>(incluyendo pr\u00f3rroga y posibles <br \/>penaltis)<\/li><\/ul><p style=\"text-align: center;\">M\u00e1s informaci\u00f3n: info@divertisenvivo.com \/ Puedes seguirnos adem\u00e1s en<a href=\"https:\/\/www.instagram.com\/divertisenvivo\/?hl=es\">\u00a0Instagram<\/a>\u00a0eta\u00a0<a href=\"https:\/\/www.facebook.com\/divertisenvivo\/?locale=es_ES\">Facebook-en\u00a0<\/a><\/p>\t\t\t\t\t\t\t\t<\/div>\n\t\t\t\t<\/div>\n\t\t\t\t\t<\/div>\n\t\t\t\t<\/div>\n\t\t<div class=\"elementor-element elementor-element-29c4090b e-flex e-con-boxed wpr-particle-no wpr-jarallax-no wpr-parallax-no wpr-sticky-section-no wpr-column-slider-no wpr-equal-height-no e-con e-parent\" data-id=\"29c4090b\" data-element_type=\"container\" data-e-type=\"container\">\n\t\t\t\t\t<div class=\"e-con-inner\">\n\t\t\t\t<div class=\"elementor-element elementor-element-13c7cb11 elementor-widget elementor-widget-text-editor\" data-id=\"13c7cb11\" data-element_type=\"widget\" data-e-type=\"widget\" data-widget_type=\"text-editor.default\">\n\t\t\t\t<div class=\"elementor-widget-container\">\n\t\t\t\t\t\t\t\t\t<h2>Sevillako Errege Kopako finala<\/h2><p>Elegir el <strong>Errege Kopako finalerako trena<\/strong> aukeratzea komunitatearen aldeko apustua egitea da<\/p><p><strong>Oharrak:<\/strong><\/p><ul><li>Trenaren ordutegiak Renfek eta Adifek baieztatu beharko dituzte, eta baliteke aldaketaren bat izatea. Kasu horretan, gorabehera hori erosle guztiei jakinaraziko diegu posta elektronikoz. Hala ere, web orri hau irteera bezperan berrikustea gomendatzen dugu ordutegiak baieztatzeko.<\/li><li>Ordutegiak apur bat alda daitezke ibilbideak birprogramatzen baldin badira.<\/li><li>El acceso al tren tanto en la ida como la vuelta se realizar\u00e1 usando el c\u00f3digo QR que recibir\u00e9is en el momento de la compra. El asiento y vag\u00f3n se asignar\u00e1 en los d\u00edas previos enviando esta informaci\u00f3n al email con el que realic\u00e9is la compra de los billetes.<\/li><li>La llegada a Sevilla y el posterior regreso se realizar\u00e1 en el apeadero de La Cartuja a muy corta distancia caminando de la fan zone de la Real Sociedad y a 20 m caminando del Estadio. Zonas como el Barrio de Triana se encuentran situadas a aproximadamente 25 minutos caminando.<\/li><li>Tren S-121 sin cafeter\u00eda y en acomodaci\u00f3n est\u00e1ndar.<\/li><li>El precio incluye:<br \/>Billete en tren charter Gipuzcoa &#8211; Sevilla &#8211; Gipuzcoa <br \/>Seguro de viaje<br \/>Asistencia de personal de Divertis en Vivo<\/li><\/ul><h6><b>Ohizko galderak:<\/b><\/h6><ul><li>Alda dezaket nire txartela? Bai, baina gure txartelak\u00a0<strong><a href=\"https:\/\/www.divertisenvivo.com\/eu\/terminos-y-condiciones\/\">erosteko ditugun baldintzen<\/a><\/strong>\u00a0araberakoa da.<\/li><li>Txartel batzuk erosi ditut baina QR bakarra daukat. Ongi al dago? Bai, dena ongi dago. QR horretan zurekin bidaiatzen duten pertsona kopurua, irteera orduak, irteera puntua eta abar ageri dira.<\/li><li>Baieztapen-posta deskargatu behar dut? Ez, ez da beharrezkoa. Bidali dizugun mezuaren amaieran dagoen QR-a erakutsi besterik ez duzu egin behar autobusera igo aurretik<\/li><li>Divertis en Vivon erregistratu naiz eta ez dut nire eskaera ikusten. Galdu egin da? Ez, ez da galdu. Ziurrenik izena eman duzu eskaera egin ondoren. Txartela baieztatzeko posta elektronikoa eman diguzun helbide elektronikora iritsiko zaizu.<\/li><li>\u00bfPuedo llevar comida y bebida? S\u00ed, puedes llevar comida y bebida.<\/li><li>Bakarrik itzulera nahi dut, txartel osoa ordaindu behar al dut? Bai. Itzulera bakarrik erabiliko baduzu, eskertuko genizuke bezeroaren oharren atalean ohar bat uztea zure erosketa egiten duzunean\u00a0<\/li><\/ul><p>Sare sozialetan ere aurki gaitzakezu:\u00a0<a href=\"https:\/\/www.instagram.com\/divertisenvivo\/?hl=es\">Instagram\u00a0<\/a>eta\u00a0<a href=\"https:\/\/es-es.facebook.com\/divertisenvivo\/\">Facebook-en<\/a><\/p>\t\t\t\t\t\t\t\t<\/div>\n\t\t\t\t<\/div>\n\t\t\t\t\t<\/div>\n\t\t\t\t<\/div>\n\t\t\t\t<\/div>","protected":false},"excerpt":{"rendered":"<p>Itinerario de TREN Final Copa del Rey Trayecto de ida DONOSTIA \/ SAN SEBASTI\u00c1N \u2013 02:10 h El acceso al<\/p>","protected":false},"featured_media":173713,"template":"elementor_header_footer","meta":{"_acf_changed":false},"product_brand":[],"product_cat":[15],"product_tag":[],"class_list":{"0":"post-173117","1":"product","2":"type-product","3":"status-publish","4":"has-post-thumbnail","6":"product_cat-sin-categoria","8":"first","9":"outofstock","10":"shipping-taxable","11":"product-type-simple"},"acf":[],"wooqr_code":"","yoast_head":"<!-- This site is optimized with the Yoast SEO plugin v27.6 - https:\/\/yoast.com\/product\/yoast-seo-wordpress\/ -->\n<title>Trenes final Copa del Rey | Divertis en Vivo<\/title>\n<meta name=\"description\" content=\"Viaja en tren a la final de la Copa del Rey. Tren charter a Sevilla con plazas garantizadas, c\u00f3modos y organizados. Reserva ya!\" \/>\n<meta name=\"robots\" content=\"index, follow, max-snippet:-1, max-image-preview:large, max-video-preview:-1\" \/>\n<link rel=\"canonical\" href=\"https:\/\/www.divertisenvivo.com\/eu\/producto\/tren-final-copa-sevilla\/\" \/>\n<meta property=\"og:locale\" content=\"en_US\" \/>\n<meta property=\"og:type\" content=\"article\" \/>\n<meta property=\"og:title\" content=\"Trenes final Copa del Rey | Divertis en Vivo\" \/>\n<meta property=\"og:description\" content=\"Viaja en tren a la final de la Copa del Rey. Tren charter a Sevilla con plazas garantizadas, c\u00f3modos y organizados. Reserva ya!\" \/>\n<meta property=\"og:url\" content=\"https:\/\/www.divertisenvivo.com\/eu\/producto\/tren-final-copa-sevilla\/\" \/>\n<meta property=\"og:site_name\" content=\"Divertis en Vivo\" \/>\n<meta property=\"article:publisher\" content=\"https:\/\/www.facebook.com\/divertisenvivo\" \/>\n<meta property=\"article:modified_time\" content=\"2026-04-19T09:56:42+00:00\" \/>\n<meta property=\"og:image\" content=\"https:\/\/www.divertisenvivo.com\/wp-content\/uploads\/2026\/03\/Real-Sociedad-final-copa-1920-x-800-px-6.png\" \/>\n\t<meta property=\"og:image:width\" content=\"1920\" \/>\n\t<meta property=\"og:image:height\" content=\"800\" \/>\n\t<meta property=\"og:image:type\" content=\"image\/png\" \/>\n<meta name=\"twitter:card\" content=\"summary_large_image\" \/>\n<meta name=\"twitter:site\" content=\"@divertisenvivo\" \/>\n<meta name=\"twitter:label1\" content=\"Est. reading time\" \/>\n\t<meta name=\"twitter:data1\" content=\"3 minutua\" \/>\n<script type=\"application\/ld+json\" class=\"yoast-schema-graph\">{\"@context\":\"https:\\\/\\\/schema.org\",\"@graph\":[{\"@type\":\"WebPage\",\"@id\":\"https:\\\/\\\/www.divertisenvivo.com\\\/eu\\\/producto\\\/tren-final-copa-sevilla\\\/\",\"url\":\"https:\\\/\\\/www.divertisenvivo.com\\\/eu\\\/producto\\\/tren-final-copa-sevilla\\\/\",\"name\":\"Trenes final Copa del Rey | Divertis en Vivo\",\"isPartOf\":{\"@id\":\"https:\\\/\\\/www.divertisenvivo.com\\\/eu\\\/#website\"},\"primaryImageOfPage\":{\"@id\":\"https:\\\/\\\/www.divertisenvivo.com\\\/eu\\\/producto\\\/tren-final-copa-sevilla\\\/#primaryimage\"},\"image\":{\"@id\":\"https:\\\/\\\/www.divertisenvivo.com\\\/eu\\\/producto\\\/tren-final-copa-sevilla\\\/#primaryimage\"},\"thumbnailUrl\":\"https:\\\/\\\/i0.wp.com\\\/www.divertisenvivo.com\\\/wp-content\\\/uploads\\\/2026\\\/03\\\/Real-Sociedad-final-copa-1920-x-800-px-6.png?fit=1920%2C800&ssl=1\",\"datePublished\":\"2026-03-24T16:09:34+00:00\",\"dateModified\":\"2026-04-19T09:56:42+00:00\",\"description\":\"Viaja en tren a la final de la Copa del Rey. Tren charter a Sevilla con plazas garantizadas, c\u00f3modos y organizados. Reserva ya!\",\"breadcrumb\":{\"@id\":\"https:\\\/\\\/www.divertisenvivo.com\\\/eu\\\/producto\\\/tren-final-copa-sevilla\\\/#breadcrumb\"},\"inLanguage\":\"eu\",\"potentialAction\":[{\"@type\":\"ReadAction\",\"target\":[\"https:\\\/\\\/www.divertisenvivo.com\\\/eu\\\/producto\\\/tren-final-copa-sevilla\\\/\"]}]},{\"@type\":\"ImageObject\",\"inLanguage\":\"eu\",\"@id\":\"https:\\\/\\\/www.divertisenvivo.com\\\/eu\\\/producto\\\/tren-final-copa-sevilla\\\/#primaryimage\",\"url\":\"https:\\\/\\\/i0.wp.com\\\/www.divertisenvivo.com\\\/wp-content\\\/uploads\\\/2026\\\/03\\\/Real-Sociedad-final-copa-1920-x-800-px-6.png?fit=1920%2C800&ssl=1\",\"contentUrl\":\"https:\\\/\\\/i0.wp.com\\\/www.divertisenvivo.com\\\/wp-content\\\/uploads\\\/2026\\\/03\\\/Real-Sociedad-final-copa-1920-x-800-px-6.png?fit=1920%2C800&ssl=1\",\"width\":1920,\"height\":800},{\"@type\":\"BreadcrumbList\",\"@id\":\"https:\\\/\\\/www.divertisenvivo.com\\\/eu\\\/producto\\\/tren-final-copa-sevilla\\\/#breadcrumb\",\"itemListElement\":[{\"@type\":\"ListItem\",\"position\":1,\"name\":\"Portada\",\"item\":\"https:\\\/\\\/www.divertisenvivo.com\\\/\"},{\"@type\":\"ListItem\",\"position\":2,\"name\":\"TIENDA\",\"item\":\"https:\\\/\\\/www.divertisenvivo.com\\\/tienda\\\/\"},{\"@type\":\"ListItem\",\"position\":3,\"name\":\"Tren Final Copa Sevilla\"}]},{\"@type\":\"WebSite\",\"@id\":\"https:\\\/\\\/www.divertisenvivo.com\\\/eu\\\/#website\",\"url\":\"https:\\\/\\\/www.divertisenvivo.com\\\/eu\\\/\",\"name\":\"Divertis en vivo - Viajes a eventos musicales, deportivos y culturales\",\"description\":\"Desde 2007, somos tu agencia de viajes para disfrutar de tus eventos deportivos (Rugby, Futbol) y de tus eventos musicales (festivales y conciertos)\",\"publisher\":{\"@id\":\"https:\\\/\\\/www.divertisenvivo.com\\\/eu\\\/#organization\"},\"potentialAction\":[{\"@type\":\"SearchAction\",\"target\":{\"@type\":\"EntryPoint\",\"urlTemplate\":\"https:\\\/\\\/www.divertisenvivo.com\\\/eu\\\/?s={search_term_string}\"},\"query-input\":{\"@type\":\"PropertyValueSpecification\",\"valueRequired\":true,\"valueName\":\"search_term_string\"}}],\"inLanguage\":\"eu\"},{\"@type\":\"Organization\",\"@id\":\"https:\\\/\\\/www.divertisenvivo.com\\\/eu\\\/#organization\",\"name\":\"Quieres Viajar S.L.\",\"url\":\"https:\\\/\\\/www.divertisenvivo.com\\\/eu\\\/\",\"logo\":{\"@type\":\"ImageObject\",\"inLanguage\":\"eu\",\"@id\":\"https:\\\/\\\/www.divertisenvivo.com\\\/eu\\\/#\\\/schema\\\/logo\\\/image\\\/\",\"url\":\"https:\\\/\\\/www.divertisenvivo.com\\\/wp-content\\\/uploads\\\/2021\\\/01\\\/logo-e1610098969786.png\",\"contentUrl\":\"https:\\\/\\\/www.divertisenvivo.com\\\/wp-content\\\/uploads\\\/2021\\\/01\\\/logo-e1610098969786.png\",\"width\":200,\"height\":139,\"caption\":\"Quieres Viajar S.L.\"},\"image\":{\"@id\":\"https:\\\/\\\/www.divertisenvivo.com\\\/eu\\\/#\\\/schema\\\/logo\\\/image\\\/\"},\"sameAs\":[\"https:\\\/\\\/www.facebook.com\\\/divertisenvivo\",\"https:\\\/\\\/x.com\\\/divertisenvivo\",\"https:\\\/\\\/www.instagram.com\\\/divertisenvivo\\\/\",\"https:\\\/\\\/www.linkedin.com\\\/company\\\/divertis-en-vivo-viajesaconciertosyfestivales\\\/?viewAsMember=true\"]}]}<\/script>\n<!-- \/ Yoast SEO plugin. -->","yoast_head_json":{"title":"Trenes final Copa del Rey | Divertis en Vivo","description":"Viaja en tren a la final de la Copa del Rey. Tren charter a Sevilla con plazas garantizadas, c\u00f3modos y organizados. Reserva ya!","robots":{"index":"index","follow":"follow","max-snippet":"max-snippet:-1","max-image-preview":"max-image-preview:large","max-video-preview":"max-video-preview:-1"},"canonical":"https:\/\/www.divertisenvivo.com\/eu\/producto\/tren-final-copa-sevilla\/","og_locale":"en_US","og_type":"article","og_title":"Trenes final Copa del Rey | Divertis en Vivo","og_description":"Viaja en tren a la final de la Copa del Rey. Tren charter a Sevilla con plazas garantizadas, c\u00f3modos y organizados. Reserva ya!","og_url":"https:\/\/www.divertisenvivo.com\/eu\/producto\/tren-final-copa-sevilla\/","og_site_name":"Divertis en Vivo","article_publisher":"https:\/\/www.facebook.com\/divertisenvivo","article_modified_time":"2026-04-19T09:56:42+00:00","og_image":[{"width":1920,"height":800,"url":"https:\/\/www.divertisenvivo.com\/wp-content\/uploads\/2026\/03\/Real-Sociedad-final-copa-1920-x-800-px-6.png","type":"image\/png"}],"twitter_card":"summary_large_image","twitter_site":"@divertisenvivo","twitter_misc":{"Est. reading time":"3 minutua"},"schema":{"@context":"https:\/\/schema.org","@graph":[{"@type":"WebPage","@id":"https:\/\/www.divertisenvivo.com\/eu\/producto\/tren-final-copa-sevilla\/","url":"https:\/\/www.divertisenvivo.com\/eu\/producto\/tren-final-copa-sevilla\/","name":"Trenes final Copa del Rey | Divertis en Vivo","isPartOf":{"@id":"https:\/\/www.divertisenvivo.com\/eu\/#website"},"primaryImageOfPage":{"@id":"https:\/\/www.divertisenvivo.com\/eu\/producto\/tren-final-copa-sevilla\/#primaryimage"},"image":{"@id":"https:\/\/www.divertisenvivo.com\/eu\/producto\/tren-final-copa-sevilla\/#primaryimage"},"thumbnailUrl":"https:\/\/i0.wp.com\/www.divertisenvivo.com\/wp-content\/uploads\/2026\/03\/Real-Sociedad-final-copa-1920-x-800-px-6.png?fit=1920%2C800&ssl=1","datePublished":"2026-03-24T16:09:34+00:00","dateModified":"2026-04-19T09:56:42+00:00","description":"Viaja en tren a la final de la Copa del Rey. Tren charter a Sevilla con plazas garantizadas, c\u00f3modos y organizados. Reserva ya!","breadcrumb":{"@id":"https:\/\/www.divertisenvivo.com\/eu\/producto\/tren-final-copa-sevilla\/#breadcrumb"},"inLanguage":"eu","potentialAction":[{"@type":"ReadAction","target":["https:\/\/www.divertisenvivo.com\/eu\/producto\/tren-final-copa-sevilla\/"]}]},{"@type":"ImageObject","inLanguage":"eu","@id":"https:\/\/www.divertisenvivo.com\/eu\/producto\/tren-final-copa-sevilla\/#primaryimage","url":"https:\/\/i0.wp.com\/www.divertisenvivo.com\/wp-content\/uploads\/2026\/03\/Real-Sociedad-final-copa-1920-x-800-px-6.png?fit=1920%2C800&ssl=1","contentUrl":"https:\/\/i0.wp.com\/www.divertisenvivo.com\/wp-content\/uploads\/2026\/03\/Real-Sociedad-final-copa-1920-x-800-px-6.png?fit=1920%2C800&ssl=1","width":1920,"height":800},{"@type":"BreadcrumbList","@id":"https:\/\/www.divertisenvivo.com\/eu\/producto\/tren-final-copa-sevilla\/#breadcrumb","itemListElement":[{"@type":"ListItem","position":1,"name":"Portada","item":"https:\/\/www.divertisenvivo.com\/"},{"@type":"ListItem","position":2,"name":"TIENDA","item":"https:\/\/www.divertisenvivo.com\/tienda\/"},{"@type":"ListItem","position":3,"name":"Tren Final Copa Sevilla"}]},{"@type":"WebSite","@id":"https:\/\/www.divertisenvivo.com\/eu\/#website","url":"https:\/\/www.divertisenvivo.com\/eu\/","name":"Divertis en vivo - Viajes a eventos musicales, deportivos y culturales","description":"2007 urtetik aurrera kirol eta musika ekiteldieetara eramaten zaitugun bidaia agentzia gara: rugby, futbola, festibal eta kontzertuez goza itzazu gure eskuz.","publisher":{"@id":"https:\/\/www.divertisenvivo.com\/eu\/#organization"},"potentialAction":[{"@type":"SearchAction","target":{"@type":"EntryPoint","urlTemplate":"https:\/\/www.divertisenvivo.com\/eu\/?s={search_term_string}"},"query-input":{"@type":"PropertyValueSpecification","valueRequired":true,"valueName":"search_term_string"}}],"inLanguage":"eu"},{"@type":"Organization","@id":"https:\/\/www.divertisenvivo.com\/eu\/#organization","name":"Quieres Viajar S.L.","url":"https:\/\/www.divertisenvivo.com\/eu\/","logo":{"@type":"ImageObject","inLanguage":"eu","@id":"https:\/\/www.divertisenvivo.com\/eu\/#\/schema\/logo\/image\/","url":"https:\/\/www.divertisenvivo.com\/wp-content\/uploads\/2021\/01\/logo-e1610098969786.png","contentUrl":"https:\/\/www.divertisenvivo.com\/wp-content\/uploads\/2021\/01\/logo-e1610098969786.png","width":200,"height":139,"caption":"Quieres Viajar S.L."},"image":{"@id":"https:\/\/www.divertisenvivo.com\/eu\/#\/schema\/logo\/image\/"},"sameAs":["https:\/\/www.facebook.com\/divertisenvivo","https:\/\/x.com\/divertisenvivo","https:\/\/www.instagram.com\/divertisenvivo\/","https:\/\/www.linkedin.com\/company\/divertis-en-vivo-viajesaconciertosyfestivales\/?viewAsMember=true"]}]}},"jetpack_sharing_enabled":true,"_links":{"self":[{"href":"https:\/\/www.divertisenvivo.com\/eu\/wp-json\/wp\/v2\/product\/173117","targetHints":{"allow":["GET"]}}],"collection":[{"href":"https:\/\/www.divertisenvivo.com\/eu\/wp-json\/wp\/v2\/product"}],"about":[{"href":"https:\/\/www.divertisenvivo.com\/eu\/wp-json\/wp\/v2\/types\/product"}],"version-history":[{"count":53,"href":"https:\/\/www.divertisenvivo.com\/eu\/wp-json\/wp\/v2\/product\/173117\/revisions"}],"predecessor-version":[{"id":173717,"href":"https:\/\/www.divertisenvivo.com\/eu\/wp-json\/wp\/v2\/product\/173117\/revisions\/173717"}],"wp:featuredmedia":[{"embeddable":true,"href":"https:\/\/www.divertisenvivo.com\/eu\/wp-json\/wp\/v2\/media\/173713"}],"wp:attachment":[{"href":"https:\/\/www.divertisenvivo.com\/eu\/wp-json\/wp\/v2\/media?parent=173117"}],"wp:term":[{"taxonomy":"product_brand","embeddable":true,"href":"https:\/\/www.divertisenvivo.com\/eu\/wp-json\/wp\/v2\/product_brand?post=173117"},{"taxonomy":"product_cat","embeddable":true,"href":"https:\/\/www.divertisenvivo.com\/eu\/wp-json\/wp\/v2\/product_cat?post=173117"},{"taxonomy":"product_tag","embeddable":true,"href":"https:\/\/www.divertisenvivo.com\/eu\/wp-json\/wp\/v2\/product_tag?post=173117"}],"curies":[{"name":"wp","href":"https:\/\/api.w.org\/{rel}","templated":true}]}}