{"id":90638,"date":"2023-12-19T10:28:35","date_gmt":"2023-12-19T09:28:35","guid":{"rendered":"https:\/\/www.divertisenvivo.com\/?post_type=product&#038;p=90638"},"modified":"2025-10-01T14:39:49","modified_gmt":"2025-10-01T12:39:49","slug":"finalfour-berlin2024-entradas-viaje","status":"publish","type":"product","link":"https:\/\/www.divertisenvivo.com\/eu\/producto\/finalfour-berlin2024-entradas-viaje\/","title":{"rendered":"Euroleague Final Four Berlin"},"content":{"rendered":"<p><strong>Euroleague Final Four Berlin<\/strong><\/p>\n<p>Este 2024 te llevamos a disfrutar de la Euroleague Final Four que se disputar\u00e1 en el Mercedes Benz Arena de Berl\u00edn los d\u00edas 24 y 26 de Mayo.<\/p>\n<p>Consigue a trav\u00e9s nuestra tu viaje, alojamiento en Berlin y sobre todo tus entradas oficiales. Tenemos una cantidad limitada de entradas disponibles y nos adaptamos a vuestras necesidades lo mismo el viaje sea un regalo para vuestra pareja, un viaje de grupo con tus compa\u00f1eros\/as de equipo o un viaje de incentivo para tu empresa.<\/p>\n<p>Env\u00eda un mail a <a href=\"mailto:info@divertisenvivo.com\">info@divertisenvivo.com<\/a> con tus necesidades y nuestro equipo estar\u00e1 preparado para atenderte sea cual sea vuestra necesidad.<\/p>\n<p><span style=\"color: #ff0000;\"><strong>Tipo de entradas disponibles Euroleague Final Four Berlin<\/strong><\/span><\/p>\n<ul>\n<li>Central Lower Bowl &#8211; Zona Verde<\/li>\n<li>Corner Upper Bowl\u00a0 &#8211; Zona Morada &#8211; Grada Superior<\/li>\n<li>Hospitality Tickets &#8211; Zona Negra &#8211; Naranja &#8211; Amarilla<\/li>\n<\/ul>\n<p><img data-recalc-dims=\"1\" fetchpriority=\"high\" decoding=\"async\" class=\"size-medium wp-image-90640\" src=\"https:\/\/i0.wp.com\/www.divertisenvivo.com\/wp-content\/uploads\/2023\/12\/369046-300x225.png?resize=300%2C225&#038;ssl=1\" alt=\"Mapa Entradas Euroleague Final Four en Berlin\" width=\"300\" height=\"225\" \/><\/p>\n<p><strong>Servicios disponibles<\/strong><\/p>\n<ul>\n<li>Vuelos desde la pen\u00ednsula<\/li>\n<li>Alojamiento en Berlin en Hoteles de 3 a 5 estrellas<\/li>\n<li>Traslados privados<\/li>\n<li>Reserva en restaurantes<\/li>\n<li>Reserva de espacios para tu viaje de incentivo<\/li>\n<\/ul>\n<p><span style=\"color: #0000ff;\"><strong>\u00bfQuienes somos? <\/strong><\/span><\/p>\n<p>Desde 2007 somos una empresa tur\u00edstica especializada en viajes a los mejores eventos musicales y deportivos habiendo sido agencia oficial de grandes eventos como EHF Final4 o sub-agencia oficial del pasado Mundial de Rugby 2023 celebrado en Francia y donde gestionamos el viaje para m\u00e1s de 300 personas.\u00a0 Pertenecemos a <a href=\"https:\/\/www.istaa.sport\/\">ISTAA<\/a>, Asociaci\u00f3n internacional de agencias de viajes deportivas con m\u00e1s 90 asociados en todo el mundo. Nuestra oficina est\u00e1 situada en Pamplona desde d\u00f3nde atendemos a nuestros clientes situados en todo el pa\u00eds y Europa.<\/p>\n<p><a href=\"https:\/\/www.divertisenvivo.com\/eu\/\">Consulta nuestros viajes a eventos musicales y deportivos\u00a0<\/a><\/p>","protected":false},"excerpt":{"rendered":"<p><strong>Euroleague Final Four Berlin<\/strong><\/p>\n<p>\u00bfEres amante del baloncesto y siempre has querido viajar a la Euroleague Final Four? Este 2024, te organizamos tu viaje hasta Berlin asegur\u00e1ndote tus entradas oficiales para la gran cita de los amantes al mejor baloncesto.<\/p>\n<p>Env\u00eda un mail a<a href=\"mailto:info@divertisenvivo.com\"> info@divertisenvivo.com<\/a> diciendo el tipo de viaje que est\u00e1s buscando, n\u00famero de personas o tipo de entrada demandada entre nuestras posibilidades y te enviaremos a la mayor brevedad posible una oferta<\/p>\n<p><span style=\"color: #ff0000;\"><strong>\u00a1\u00a1\u00a1Plazas limitadas!!!<\/strong><\/span><\/p>","protected":false},"featured_media":165335,"template":"","meta":{"_acf_changed":false},"product_brand":[],"product_cat":[15],"product_tag":[],"class_list":{"0":"post-90638","1":"product","2":"type-product","3":"status-publish","4":"has-post-thumbnail","6":"product_cat-sin-categoria","8":"first","9":"outofstock","10":"shipping-taxable","11":"product-type-simple"},"acf":[],"wooqr_code":"","yoast_head":"<!-- This site is optimized with the Yoast SEO plugin v25.9 - https:\/\/yoast.com\/wordpress\/plugins\/seo\/ -->\n<title>Euroleague Final Four Berlin 2024 - Reserva ya tu viaje y entradas<\/title>\n<meta name=\"description\" content=\"Euroleague Final Four Berlin - Te llevamos a disfrutar del 24 al 26 de Mayo de 2024. Entradas individuales, grupos u Hospitality. Reserva ya!\" \/>\n<meta name=\"robots\" content=\"index, follow, max-snippet:-1, max-image-preview:large, max-video-preview:-1\" \/>\n<link rel=\"canonical\" href=\"https:\/\/www.divertisenvivo.com\/eu\/producto\/finalfour-berlin2024-entradas-viaje\/\" \/>\n<meta property=\"og:locale\" content=\"en_US\" \/>\n<meta property=\"og:type\" content=\"article\" \/>\n<meta property=\"og:title\" content=\"Euroleague Final Four Berlin 2024 - Reserva ya tu viaje y entradas\" \/>\n<meta property=\"og:description\" content=\"Euroleague Final Four Berlin - Te llevamos a disfrutar del 24 al 26 de Mayo de 2024. Entradas individuales, grupos u Hospitality. Reserva ya!\" \/>\n<meta property=\"og:url\" content=\"https:\/\/www.divertisenvivo.com\/eu\/producto\/finalfour-berlin2024-entradas-viaje\/\" \/>\n<meta property=\"og:site_name\" content=\"Divertis en Vivo\" \/>\n<meta property=\"article:publisher\" content=\"https:\/\/www.facebook.com\/divertisenvivo\" \/>\n<meta property=\"article:modified_time\" content=\"2025-10-01T12:39:49+00:00\" \/>\n<meta property=\"og:image\" content=\"https:\/\/i0.wp.com\/www.divertisenvivo.com\/wp-content\/uploads\/2025\/02\/1.png?fit=600%2C400&ssl=1\" \/>\n\t<meta property=\"og:image:width\" content=\"600\" \/>\n\t<meta property=\"og:image:height\" content=\"400\" \/>\n\t<meta property=\"og:image:type\" content=\"image\/png\" \/>\n<meta name=\"twitter:card\" content=\"summary_large_image\" \/>\n<meta name=\"twitter:site\" content=\"@divertisenvivo\" \/>\n<meta name=\"twitter:label1\" content=\"Est. reading time\" \/>\n\t<meta name=\"twitter:data1\" content=\"1 minutua\" \/>\n<script type=\"application\/ld+json\" class=\"yoast-schema-graph\">{\"@context\":\"https:\/\/schema.org\",\"@graph\":[{\"@type\":\"WebPage\",\"@id\":\"https:\/\/www.divertisenvivo.com\/eu\/producto\/finalfour-berlin2024-entradas-viaje\/\",\"url\":\"https:\/\/www.divertisenvivo.com\/eu\/producto\/finalfour-berlin2024-entradas-viaje\/\",\"name\":\"Euroleague Final Four Berlin 2024 - Reserva ya tu viaje y entradas\",\"isPartOf\":{\"@id\":\"https:\/\/www.divertisenvivo.com\/eu\/#website\"},\"primaryImageOfPage\":{\"@id\":\"https:\/\/www.divertisenvivo.com\/eu\/producto\/finalfour-berlin2024-entradas-viaje\/#primaryimage\"},\"image\":{\"@id\":\"https:\/\/www.divertisenvivo.com\/eu\/producto\/finalfour-berlin2024-entradas-viaje\/#primaryimage\"},\"thumbnailUrl\":\"https:\/\/i0.wp.com\/www.divertisenvivo.com\/wp-content\/uploads\/2025\/02\/1.png?fit=600%2C400&ssl=1\",\"datePublished\":\"2023-12-19T09:28:35+00:00\",\"dateModified\":\"2025-10-01T12:39:49+00:00\",\"description\":\"Euroleague Final Four Berlin - Te llevamos a disfrutar del 24 al 26 de Mayo de 2024. Entradas individuales, grupos u Hospitality. Reserva ya!\",\"breadcrumb\":{\"@id\":\"https:\/\/www.divertisenvivo.com\/eu\/producto\/finalfour-berlin2024-entradas-viaje\/#breadcrumb\"},\"inLanguage\":\"eu\",\"potentialAction\":[{\"@type\":\"ReadAction\",\"target\":[\"https:\/\/www.divertisenvivo.com\/eu\/producto\/finalfour-berlin2024-entradas-viaje\/\"]}]},{\"@type\":\"ImageObject\",\"inLanguage\":\"eu\",\"@id\":\"https:\/\/www.divertisenvivo.com\/eu\/producto\/finalfour-berlin2024-entradas-viaje\/#primaryimage\",\"url\":\"https:\/\/i0.wp.com\/www.divertisenvivo.com\/wp-content\/uploads\/2025\/02\/1.png?fit=600%2C400&ssl=1\",\"contentUrl\":\"https:\/\/i0.wp.com\/www.divertisenvivo.com\/wp-content\/uploads\/2025\/02\/1.png?fit=600%2C400&ssl=1\",\"width\":600,\"height\":400,\"caption\":\"ehffinal4\"},{\"@type\":\"BreadcrumbList\",\"@id\":\"https:\/\/www.divertisenvivo.com\/eu\/producto\/finalfour-berlin2024-entradas-viaje\/#breadcrumb\",\"itemListElement\":[{\"@type\":\"ListItem\",\"position\":1,\"name\":\"Portada\",\"item\":\"https:\/\/www.divertisenvivo.com\/\"},{\"@type\":\"ListItem\",\"position\":2,\"name\":\"TIENDA\",\"item\":\"https:\/\/www.divertisenvivo.com\/tienda\/\"},{\"@type\":\"ListItem\",\"position\":3,\"name\":\"Euroleague Final Four Berlin\"}]},{\"@type\":\"WebSite\",\"@id\":\"https:\/\/www.divertisenvivo.com\/eu\/#website\",\"url\":\"https:\/\/www.divertisenvivo.com\/eu\/\",\"name\":\"Divertis en vivo - Viajes a eventos musicales, deportivos y culturales\",\"description\":\"Desde 2007, somos tu agencia de viajes para disfrutar de tus eventos deportivos (Rugby, Futbol) y de tus eventos musicales (festivales y conciertos)\",\"publisher\":{\"@id\":\"https:\/\/www.divertisenvivo.com\/eu\/#organization\"},\"potentialAction\":[{\"@type\":\"SearchAction\",\"target\":{\"@type\":\"EntryPoint\",\"urlTemplate\":\"https:\/\/www.divertisenvivo.com\/eu\/?s={search_term_string}\"},\"query-input\":{\"@type\":\"PropertyValueSpecification\",\"valueRequired\":true,\"valueName\":\"search_term_string\"}}],\"inLanguage\":\"eu\"},{\"@type\":\"Organization\",\"@id\":\"https:\/\/www.divertisenvivo.com\/eu\/#organization\",\"name\":\"Quieres Viajar S.L.\",\"url\":\"https:\/\/www.divertisenvivo.com\/eu\/\",\"logo\":{\"@type\":\"ImageObject\",\"inLanguage\":\"eu\",\"@id\":\"https:\/\/www.divertisenvivo.com\/eu\/#\/schema\/logo\/image\/\",\"url\":\"https:\/\/www.divertisenvivo.com\/wp-content\/uploads\/2021\/01\/logo-e1610098969786.png\",\"contentUrl\":\"https:\/\/www.divertisenvivo.com\/wp-content\/uploads\/2021\/01\/logo-e1610098969786.png\",\"width\":200,\"height\":139,\"caption\":\"Quieres Viajar S.L.\"},\"image\":{\"@id\":\"https:\/\/www.divertisenvivo.com\/eu\/#\/schema\/logo\/image\/\"},\"sameAs\":[\"https:\/\/www.facebook.com\/divertisenvivo\",\"https:\/\/x.com\/divertisenvivo\",\"https:\/\/www.instagram.com\/divertisenvivo\/\",\"https:\/\/www.linkedin.com\/company\/divertis-en-vivo-viajesaconciertosyfestivales\/?viewAsMember=true\"]}]}<\/script>\n<!-- \/ Yoast SEO plugin. -->","yoast_head_json":{"title":"Euroleague Final Four Berlin 2024 - Reserva ya tu viaje y entradas","description":"Euroleague Final Four Berlin - Te llevamos a disfrutar del 24 al 26 de Mayo de 2024. Entradas individuales, grupos u Hospitality. Reserva ya!","robots":{"index":"index","follow":"follow","max-snippet":"max-snippet:-1","max-image-preview":"max-image-preview:large","max-video-preview":"max-video-preview:-1"},"canonical":"https:\/\/www.divertisenvivo.com\/eu\/producto\/finalfour-berlin2024-entradas-viaje\/","og_locale":"en_US","og_type":"article","og_title":"Euroleague Final Four Berlin 2024 - Reserva ya tu viaje y entradas","og_description":"Euroleague Final Four Berlin - Te llevamos a disfrutar del 24 al 26 de Mayo de 2024. Entradas individuales, grupos u Hospitality. Reserva ya!","og_url":"https:\/\/www.divertisenvivo.com\/eu\/producto\/finalfour-berlin2024-entradas-viaje\/","og_site_name":"Divertis en Vivo","article_publisher":"https:\/\/www.facebook.com\/divertisenvivo","article_modified_time":"2025-10-01T12:39:49+00:00","og_image":[{"width":600,"height":400,"url":"https:\/\/i0.wp.com\/www.divertisenvivo.com\/wp-content\/uploads\/2025\/02\/1.png?fit=600%2C400&ssl=1","type":"image\/png"}],"twitter_card":"summary_large_image","twitter_site":"@divertisenvivo","twitter_misc":{"Est. reading time":"1 minutua"},"schema":{"@context":"https:\/\/schema.org","@graph":[{"@type":"WebPage","@id":"https:\/\/www.divertisenvivo.com\/eu\/producto\/finalfour-berlin2024-entradas-viaje\/","url":"https:\/\/www.divertisenvivo.com\/eu\/producto\/finalfour-berlin2024-entradas-viaje\/","name":"Euroleague Final Four Berlin 2024 - Reserva ya tu viaje y entradas","isPartOf":{"@id":"https:\/\/www.divertisenvivo.com\/eu\/#website"},"primaryImageOfPage":{"@id":"https:\/\/www.divertisenvivo.com\/eu\/producto\/finalfour-berlin2024-entradas-viaje\/#primaryimage"},"image":{"@id":"https:\/\/www.divertisenvivo.com\/eu\/producto\/finalfour-berlin2024-entradas-viaje\/#primaryimage"},"thumbnailUrl":"https:\/\/i0.wp.com\/www.divertisenvivo.com\/wp-content\/uploads\/2025\/02\/1.png?fit=600%2C400&ssl=1","datePublished":"2023-12-19T09:28:35+00:00","dateModified":"2025-10-01T12:39:49+00:00","description":"Euroleague Final Four Berlin - Te llevamos a disfrutar del 24 al 26 de Mayo de 2024. Entradas individuales, grupos u Hospitality. Reserva ya!","breadcrumb":{"@id":"https:\/\/www.divertisenvivo.com\/eu\/producto\/finalfour-berlin2024-entradas-viaje\/#breadcrumb"},"inLanguage":"eu","potentialAction":[{"@type":"ReadAction","target":["https:\/\/www.divertisenvivo.com\/eu\/producto\/finalfour-berlin2024-entradas-viaje\/"]}]},{"@type":"ImageObject","inLanguage":"eu","@id":"https:\/\/www.divertisenvivo.com\/eu\/producto\/finalfour-berlin2024-entradas-viaje\/#primaryimage","url":"https:\/\/i0.wp.com\/www.divertisenvivo.com\/wp-content\/uploads\/2025\/02\/1.png?fit=600%2C400&ssl=1","contentUrl":"https:\/\/i0.wp.com\/www.divertisenvivo.com\/wp-content\/uploads\/2025\/02\/1.png?fit=600%2C400&ssl=1","width":600,"height":400,"caption":"ehffinal4"},{"@type":"BreadcrumbList","@id":"https:\/\/www.divertisenvivo.com\/eu\/producto\/finalfour-berlin2024-entradas-viaje\/#breadcrumb","itemListElement":[{"@type":"ListItem","position":1,"name":"Portada","item":"https:\/\/www.divertisenvivo.com\/"},{"@type":"ListItem","position":2,"name":"TIENDA","item":"https:\/\/www.divertisenvivo.com\/tienda\/"},{"@type":"ListItem","position":3,"name":"Euroleague Final Four Berlin"}]},{"@type":"WebSite","@id":"https:\/\/www.divertisenvivo.com\/eu\/#website","url":"https:\/\/www.divertisenvivo.com\/eu\/","name":"Divertis en vivo - Viajes a eventos musicales, deportivos y culturales","description":"2007 urtetik aurrera kirol eta musika ekiteldieetara eramaten zaitugun bidaia agentzia gara: rugby, futbola, festibal eta kontzertuez goza itzazu gure eskuz.","publisher":{"@id":"https:\/\/www.divertisenvivo.com\/eu\/#organization"},"potentialAction":[{"@type":"SearchAction","target":{"@type":"EntryPoint","urlTemplate":"https:\/\/www.divertisenvivo.com\/eu\/?s={search_term_string}"},"query-input":{"@type":"PropertyValueSpecification","valueRequired":true,"valueName":"search_term_string"}}],"inLanguage":"eu"},{"@type":"Organization","@id":"https:\/\/www.divertisenvivo.com\/eu\/#organization","name":"Quieres Viajar S.L.","url":"https:\/\/www.divertisenvivo.com\/eu\/","logo":{"@type":"ImageObject","inLanguage":"eu","@id":"https:\/\/www.divertisenvivo.com\/eu\/#\/schema\/logo\/image\/","url":"https:\/\/www.divertisenvivo.com\/wp-content\/uploads\/2021\/01\/logo-e1610098969786.png","contentUrl":"https:\/\/www.divertisenvivo.com\/wp-content\/uploads\/2021\/01\/logo-e1610098969786.png","width":200,"height":139,"caption":"Quieres Viajar S.L."},"image":{"@id":"https:\/\/www.divertisenvivo.com\/eu\/#\/schema\/logo\/image\/"},"sameAs":["https:\/\/www.facebook.com\/divertisenvivo","https:\/\/x.com\/divertisenvivo","https:\/\/www.instagram.com\/divertisenvivo\/","https:\/\/www.linkedin.com\/company\/divertis-en-vivo-viajesaconciertosyfestivales\/?viewAsMember=true"]}]}},"jetpack_sharing_enabled":true,"_links":{"self":[{"href":"https:\/\/www.divertisenvivo.com\/eu\/wp-json\/wp\/v2\/product\/90638","targetHints":{"allow":["GET"]}}],"collection":[{"href":"https:\/\/www.divertisenvivo.com\/eu\/wp-json\/wp\/v2\/product"}],"about":[{"href":"https:\/\/www.divertisenvivo.com\/eu\/wp-json\/wp\/v2\/types\/product"}],"version-history":[{"count":2,"href":"https:\/\/www.divertisenvivo.com\/eu\/wp-json\/wp\/v2\/product\/90638\/revisions"}],"predecessor-version":[{"id":166225,"href":"https:\/\/www.divertisenvivo.com\/eu\/wp-json\/wp\/v2\/product\/90638\/revisions\/166225"}],"wp:featuredmedia":[{"embeddable":true,"href":"https:\/\/www.divertisenvivo.com\/eu\/wp-json\/wp\/v2\/media\/165335"}],"wp:attachment":[{"href":"https:\/\/www.divertisenvivo.com\/eu\/wp-json\/wp\/v2\/media?parent=90638"}],"wp:term":[{"taxonomy":"product_brand","embeddable":true,"href":"https:\/\/www.divertisenvivo.com\/eu\/wp-json\/wp\/v2\/product_brand?post=90638"},{"taxonomy":"product_cat","embeddable":true,"href":"https:\/\/www.divertisenvivo.com\/eu\/wp-json\/wp\/v2\/product_cat?post=90638"},{"taxonomy":"product_tag","embeddable":true,"href":"https:\/\/www.divertisenvivo.com\/eu\/wp-json\/wp\/v2\/product_tag?post=90638"}],"curies":[{"name":"wp","href":"https:\/\/api.w.org\/{rel}","templated":true}]}}